{"id":7246,"date":"2023-03-02T20:25:38","date_gmt":"2023-03-02T20:25:38","guid":{"rendered":"https:\/\/hpe-benefits.seb-admin.com\/?page_id=7246"},"modified":"2023-03-08T20:09:44","modified_gmt":"2023-03-08T20:09:44","slug":"assurance-vie","status":"publish","type":"page","link":"https:\/\/hpe-benefits.seb-admin.com\/fr\/assurance-vie\/","title":{"rendered":"Assurance vie"},"content":{"rendered":"<p>[vc_row][vc_column][vc_column_text]<\/p>\n<div class=\"hpe-health-medical-block\">\n<p>Vous pouvez choisir une assurance vie pour vous, votre conjoint et vos enfants.<\/p>\n<p>Cette couverture offre une protection financi\u00e8re suppl\u00e9mentaire dans le cas de votre d\u00e9c\u00e8s.<\/p>\n<\/div>\n<p>[\/vc_column_text][\/vc_column][\/vc_row][vc_row css=\u00a0\u00bb.vc_custom_1675809807572{margin-bottom: 40px !important;}\u00a0\u00bb el_class=\u00a0\u00bbHPE-life-insurance-chart\u00a0\u00bb][vc_column][vc_column_text]<\/p>\n<div id=\"HPE-LI-chart\" class=\"HPE-chart-container\" style=\"overflow-x: auto;\">\n<table style=\"height: 509px;\" width=\"763\">\n<tbody>\n<tr>\n<th>Options d\u2019assurance vie<\/th>\n<th>Employ\u00e9 \u2013 13 options<\/th>\n<th>Conjoint \u2013 12 options<\/th>\n<th>Enfants \u2013 5 options<\/th>\n<\/tr>\n<tr>\n<td><span class=\"fp-td\"><b>Option 1<\/b><\/span><\/td>\n<td>25,000$<\/td>\n<td>Aucune couverture<\/td>\n<td>Aucune couverture<\/td>\n<\/tr>\n<tr>\n<td><b>Option 2<\/b><\/td>\n<td>1 x salaire annuel<\/td>\n<td>25,000$<\/td>\n<td>5,000$ par enfant<\/td>\n<\/tr>\n<tr>\n<td><b>Option 3<\/b><\/td>\n<td>2 x salaire annuel<\/td>\n<td>50,000$<\/td>\n<td>10,000$ par enfant<\/td>\n<\/tr>\n<tr>\n<td><b>Option 4<\/b><\/td>\n<td>3 x salaire annuel<\/td>\n<td>100,000$<\/td>\n<td>15,000$ par enfant<\/td>\n<\/tr>\n<tr>\n<td><b>Option 5<\/b><\/td>\n<td>4 x salaire annuel<\/td>\n<td>150,000$<\/td>\n<td>20,000$ par enfant<\/td>\n<\/tr>\n<tr>\n<td><b>Option 6<\/b><\/td>\n<td>5 x salaire annuel<\/td>\n<td>200,000$<\/td>\n<td class=\"HPE-table-blank-field\">N\/A<\/td>\n<\/tr>\n<tr>\n<td><b>Option 7<\/b><\/td>\n<td>6 x salaire annuel<\/td>\n<td>250,000$<\/td>\n<td class=\"HPE-table-blank-field\">N\/A<\/td>\n<\/tr>\n<tr>\n<td><b>Option 8<\/b><\/td>\n<td>7 x salaire annuel<\/td>\n<td>300,000$<\/td>\n<td class=\"HPE-table-blank-field\">N\/A<\/td>\n<\/tr>\n<tr>\n<td><b>Option 9<\/b><\/td>\n<td>8 x salaire annuel<\/td>\n<td>350,000$<\/td>\n<td class=\"HPE-table-blank-field\">N\/A<\/td>\n<\/tr>\n<tr>\n<td><b>Option 10<\/b><\/td>\n<td>9 x salaire annuel<\/td>\n<td>400,000$<\/td>\n<td class=\"HPE-table-blank-field\">N\/A<\/td>\n<\/tr>\n<tr>\n<td><b>Option 11<\/b><\/td>\n<td>10 x salaire annuel<\/td>\n<td>450,000$<\/td>\n<td class=\"HPE-table-blank-field\">N\/A<\/td>\n<\/tr>\n<tr>\n<td><b>Option 12<\/b><\/td>\n<td>11 x salaire annuel<\/td>\n<td>500,000$<\/td>\n<td class=\"HPE-table-blank-field\">N\/A<\/td>\n<\/tr>\n<tr>\n<td><b>Option 13<\/b><\/td>\n<td>12 x salaire annuel<\/td>\n<td class=\"HPE-table-blank-field\">N\/A<\/td>\n<td class=\"HPE-table-blank-field\">N\/A<\/td>\n<\/tr>\n<\/tbody>\n<\/table>\n<\/div>\n<p>[\/vc_column_text][\/vc_column][\/vc_row]<\/p>\n","protected":false},"excerpt":{"rendered":"<p>[vc_row][vc_column][vc_column_text] Vous pouvez choisir une assurance vie pour vous, votre conjoint et vos enfants. Cette couverture offre une protection financi\u00e8re suppl\u00e9mentaire dans le cas de votre d\u00e9c\u00e8s. [\/vc_column_text][\/vc_column][\/vc_row][vc_row css=\u00a0\u00bb.vc_custom_1675809807572{margin-bottom: 40px !important;}\u00a0\u00bb el_class=\u00a0\u00bbHPE-life-insurance-chart\u00a0\u00bb][vc_column][vc_column_text] Options d\u2019assurance vie Employ\u00e9 \u2013 13 options Conjoint \u2013 12 options Enfants \u2013 5 options Option 1 25,000$ [&hellip;]<\/p>\n","protected":false},"author":1,"featured_media":0,"parent":0,"menu_order":0,"comment_status":"closed","ping_status":"closed","template":"","meta":{"footnotes":""},"class_list":["post-7246","page","type-page","status-publish","hentry"],"aioseo_notices":[],"jetpack_sharing_enabled":true,"_links":{"self":[{"href":"https:\/\/hpe-benefits.seb-admin.com\/fr\/wp-json\/wp\/v2\/pages\/7246","targetHints":{"allow":["GET"]}}],"collection":[{"href":"https:\/\/hpe-benefits.seb-admin.com\/fr\/wp-json\/wp\/v2\/pages"}],"about":[{"href":"https:\/\/hpe-benefits.seb-admin.com\/fr\/wp-json\/wp\/v2\/types\/page"}],"author":[{"embeddable":true,"href":"https:\/\/hpe-benefits.seb-admin.com\/fr\/wp-json\/wp\/v2\/users\/1"}],"replies":[{"embeddable":true,"href":"https:\/\/hpe-benefits.seb-admin.com\/fr\/wp-json\/wp\/v2\/comments?post=7246"}],"version-history":[{"count":5,"href":"https:\/\/hpe-benefits.seb-admin.com\/fr\/wp-json\/wp\/v2\/pages\/7246\/revisions"}],"predecessor-version":[{"id":7282,"href":"https:\/\/hpe-benefits.seb-admin.com\/fr\/wp-json\/wp\/v2\/pages\/7246\/revisions\/7282"}],"wp:attachment":[{"href":"https:\/\/hpe-benefits.seb-admin.com\/fr\/wp-json\/wp\/v2\/media?parent=7246"}],"curies":[{"name":"wp","href":"https:\/\/api.w.org\/{rel}","templated":true}]}}