{"id":7241,"date":"2023-03-02T18:01:13","date_gmt":"2023-03-02T18:01:13","guid":{"rendered":"https:\/\/hpe-benefits.seb-admin.com\/?page_id=7241"},"modified":"2023-03-08T20:27:34","modified_gmt":"2023-03-08T20:27:34","slug":"soins-dentaires","status":"publish","type":"page","link":"https:\/\/hpe-benefits.seb-admin.com\/fr\/soins-dentaires\/","title":{"rendered":"Soins dentaires"},"content":{"rendered":"<p>[vc_row][vc_column][vc_column_text]<\/p>\n<div class=\"hpe-health-medical-block\">\n<h3>Assurance dentaire<\/h3>\n<p>Quatre options de protection vous sont offertes. Choisissez le niveau de protection voulu pour satisfaire vos besoins et ceux de votre famille.<\/p>\n<\/div>\n<p>[\/vc_column_text][\/vc_column][\/vc_row][vc_row css=\u00a0\u00bb.vc_custom_1675279284978{margin-bottom: 40px !important;}\u00a0\u00bb][vc_column][vc_column_text]<\/p>\n<div class=\"HPE-chart-container\" style=\"overflow-x: auto;\">\n<table>\n<tbody>\n<tr>\n<th>Caract\u00e9ristiques<\/th>\n<th>Option 1<\/th>\n<th>Option 2<\/th>\n<th>Option 3<\/th>\n<th>Option 4<\/th>\n<\/tr>\n<tr>\n<td><b>Franchise<\/b><\/td>\n<td>Aucune protection<\/td>\n<td>Aucune<\/td>\n<td>Aucune<\/td>\n<td>Aucune<\/td>\n<\/tr>\n<tr>\n<td><span class=\"fp-td\"><b>Coassurance\u00a0<\/b><b>:<\/b><\/span><\/p>\n<ul>\n<li>Soins de base et pr\u00e9ventifs*<\/li>\n<\/ul>\n<\/td>\n<td>Aucune protection<\/td>\n<td>80%; Examen de rappel aux 12 mois<\/td>\n<td>80%; examen de rappel aux 6 mois<\/td>\n<td>90%; examen de rappel aux 6 mois<\/td>\n<\/tr>\n<tr>\n<td><span class=\"fp-td\"><b>Coassurance<\/b>\u00a0:<\/span><\/p>\n<ul>\n<li>Soins importants**<\/li>\n<\/ul>\n<\/td>\n<td>Aucune protection<\/td>\n<td>Aucune<\/td>\n<td>50%<\/td>\n<td>50%<\/td>\n<\/tr>\n<tr>\n<td><span class=\"fp-td\"><b>Coassurance<\/b>\u00a0:<\/span><\/p>\n<ul>\n<li>Orthodontie<\/li>\n<\/ul>\n<\/td>\n<td>Aucune protection<\/td>\n<td>Aucune<\/td>\n<td>Aucune<\/td>\n<td>50%<\/td>\n<\/tr>\n<tr>\n<td><span class=\"fp-td\"><b>Maximum:<\/b><\/span><\/p>\n<ul>\n<li class=\"firstChild\">Soins de base et pr\u00e9ventifs*, et soins importants**(chaque ann\u00e9e)<\/li>\n<\/ul>\n<\/td>\n<td>Aucune protection<\/td>\n<td>1,000 $<\/td>\n<td>1,800 $<\/td>\n<td>2,500 $<\/td>\n<\/tr>\n<tr>\n<td><span class=\"fp-td\"><b>Maximum:<\/b><\/span><\/p>\n<ul>\n<li>Orthodontie (protection \u00e0 vie pour enfants et adultes)<\/li>\n<\/ul>\n<\/td>\n<td>Aucune protection<\/td>\n<td>N\/A<\/td>\n<td>N\/A<\/td>\n<td>2,500 $<\/td>\n<\/tr>\n<tr>\n<td><b>Guide des tarifs<\/b><\/td>\n<td>Aucune protection<\/td>\n<td>Guide des tarifs courant pour les praticiens g\u00e9n\u00e9raux<\/td>\n<td>Guide des tarifs courant pour les praticiens g\u00e9n\u00e9raux<\/td>\n<td>Guide des tarifs courant pour les praticiens g\u00e9n\u00e9raux<\/td>\n<\/tr>\n<\/tbody>\n<\/table>\n<\/div>\n<p>[\/vc_column_text][\/vc_column][\/vc_row][vc_row css=\u00a0\u00bb.vc_custom_1675279243433{margin-bottom: 40px !important;}\u00a0\u00bb][vc_column][vc_column_text]<\/p>\n<div class=\"hpe-chart-notice\">\n<p>*Les soins de base et pr\u00e9ventifs comprennent tous les soins de routine comme les examens p\u00e9riodiques, obturations, nettoyages, traitements du canal radiculaire.<\/p>\n<p>** Les soins importants comprennent l\u2019installation de couronnes, de proth\u00e8ses, de coiffes et ponts. Afin de vous assurer que les d\u00e9penses sont admissibles, demandez \u00e0 votre dentiste de vous fournir un plan de traitement avant d\u2019engager des d\u00e9penses importantes.<\/p>\n<\/div>\n<p>[\/vc_column_text][\/vc_column][\/vc_row][vc_row css=\u00a0\u00bb.vc_custom_1675279263822{margin-bottom: 40px !important;}\u00a0\u00bb][vc_column width=\u00a0\u00bb1\/2&Prime;][vc_column_text el_class=\u00a0\u00bbHPE-health-options HPE-health-coverage-categories\u00a0\u00bb]<\/p>\n<p class=\"p-head p-h6\"><strong>Cat\u00e9gories de protection<\/strong><\/p>\n<ul>\n<li>Employ\u00e9 \u2013 protection uniquement pour vous<\/li>\n<li>Employ\u00e9 + un \u2013 protection pour vous et une personne \u00e0 votre charge<\/li>\n<li>Employ\u00e9 + deux ou plus \u2013 protection pour vous et deux personnes \u00e0 votre charge ou plus<\/li>\n<\/ul>\n<p>[\/vc_column_text][\/vc_column][vc_column width=\u00a0\u00bb1\/2&Prime;][vc_column_text el_class=\u00a0\u00bbHPE-health-options HPE-new-enrollment-choices\u00a0\u00bb]<\/p>\n<p class=\"p-head p-h6\"><strong>Choix offerts \u00e0 l&#8217;employ\u00e9 nouvellement admissible ou nouvellement embauch\u00e9<\/strong><\/p>\n<ul>\n<li>Choisissez une option d\u2019assurance dentaire<\/li>\n<li>Choisissez une cat\u00e9gorie d\u2019assurance<\/li>\n<\/ul>\n<p>[\/vc_column_text][\/vc_column][\/vc_row][vc_row css=\u00a0\u00bb.vc_custom_1675264341873{margin-bottom: 50px !important;}\u00a0\u00bb][vc_column width=\u00a0\u00bb1\/2&Prime;][vc_column_text el_class=\u00a0\u00bbHPE-health-options HPE-annual-enrollment-choices fr-version\u00a0\u00bb]<\/p>\n<p class=\"p-head p-h6\"><strong>Choix \u00e0 l&rsquo;adh\u00e9sion annuelle<\/strong><\/p>\n<p>Vous pouvez apporter les changements suivants \u00e0 votre protection :<\/p>\n<ul>\n<li>conserver votre option actuelle ou encore passer \u00e0 l\u2019option\u00a0<b>imm\u00e9diatement<\/b>\u00a0sup\u00e9rieure ou\u00a0<b>imm\u00e9diatement<\/b>\u00a0inf\u00e9rieure chaque ann\u00e9e; et<\/li>\n<li>maintenir votre cat\u00e9gorie de protection actuelle ou choisir n\u2019importe quelle autre cat\u00e9gorie.<\/li>\n<\/ul>\n<p>[\/vc_column_text][\/vc_column][vc_column width=\u00a0\u00bb1\/2&Prime;][vc_column_text el_class=\u00a0\u00bbHPE-health-options HPE-life-event-choices fr-version\u00a0\u00bb]<\/p>\n<p class=\"p-head p-h6\"><strong>Choix \u00e0 la suite d&rsquo;un \u00e9v\u00e9nement marquant<\/strong><\/p>\n<p>Vous pouvez modifier votre protection selon les modalit\u00e9s suivantes :<\/p>\n<ul>\n<li>choisir n&rsquo;importe quelle option d&rsquo;assurance soins dentaires;<\/li>\n<li>conserver ou modifier votre cat\u00e9gorie de protection.<\/li>\n<\/ul>\n<p>[\/vc_column_text][\/vc_column][\/vc_row]<\/p>\n","protected":false},"excerpt":{"rendered":"<p>[vc_row][vc_column][vc_column_text] Assurance dentaire Quatre options de protection vous sont offertes. Choisissez le niveau de protection voulu pour satisfaire vos besoins et ceux de votre famille. [\/vc_column_text][\/vc_column][\/vc_row][vc_row css=\u00a0\u00bb.vc_custom_1675279284978{margin-bottom: 40px !important;}\u00a0\u00bb][vc_column][vc_column_text] Caract\u00e9ristiques Option 1 Option 2 Option 3 Option 4 Franchise Aucune protection Aucune Aucune Aucune Coassurance\u00a0: Soins de base et pr\u00e9ventifs* [&hellip;]<\/p>\n","protected":false},"author":1,"featured_media":0,"parent":0,"menu_order":0,"comment_status":"closed","ping_status":"closed","template":"","meta":{"footnotes":""},"class_list":["post-7241","page","type-page","status-publish","hentry"],"aioseo_notices":[],"jetpack_sharing_enabled":true,"_links":{"self":[{"href":"https:\/\/hpe-benefits.seb-admin.com\/fr\/wp-json\/wp\/v2\/pages\/7241","targetHints":{"allow":["GET"]}}],"collection":[{"href":"https:\/\/hpe-benefits.seb-admin.com\/fr\/wp-json\/wp\/v2\/pages"}],"about":[{"href":"https:\/\/hpe-benefits.seb-admin.com\/fr\/wp-json\/wp\/v2\/types\/page"}],"author":[{"embeddable":true,"href":"https:\/\/hpe-benefits.seb-admin.com\/fr\/wp-json\/wp\/v2\/users\/1"}],"replies":[{"embeddable":true,"href":"https:\/\/hpe-benefits.seb-admin.com\/fr\/wp-json\/wp\/v2\/comments?post=7241"}],"version-history":[{"count":8,"href":"https:\/\/hpe-benefits.seb-admin.com\/fr\/wp-json\/wp\/v2\/pages\/7241\/revisions"}],"predecessor-version":[{"id":7286,"href":"https:\/\/hpe-benefits.seb-admin.com\/fr\/wp-json\/wp\/v2\/pages\/7241\/revisions\/7286"}],"wp:attachment":[{"href":"https:\/\/hpe-benefits.seb-admin.com\/fr\/wp-json\/wp\/v2\/media?parent=7241"}],"curies":[{"name":"wp","href":"https:\/\/api.w.org\/{rel}","templated":true}]}}