{"id":6996,"date":"2022-10-24T13:59:12","date_gmt":"2022-10-24T13:59:12","guid":{"rendered":"https:\/\/hpe-benefits.seb-admin.com\/?page_id=6996"},"modified":"2024-02-12T19:01:29","modified_gmt":"2024-02-12T19:01:29","slug":"myfitage","status":"publish","type":"page","link":"https:\/\/hpe-benefits.seb-admin.com\/fr\/programme-depargne-et-de-retraite-hpe\/myfitage\/","title":{"rendered":"MyFiTage"},"content":{"rendered":"<p>[vc_row css=\u00a0\u00bb.vc_custom_1657223677205{padding-bottom: 20px !important;}\u00a0\u00bb el_class=\u00a0\u00bbwhats-new-section1 hidden-icon-list-wrapper\u00a0\u00bb][vc_column width=\u00a0\u00bb1\/2&Prime; el_class=\u00a0\u00bbwhats-new-section1-text\u00a0\u00bb][vc_column_text]<\/p>\n<h2 class=\"HPE-head-level1\">Acqu\u00e9rez l\u2019ind\u00e9pendance financi\u00e8re!<\/h2>\n<p>Si vous voulez mieux comprendre \u00e0 quel moment vous pouvez prendre votre retraite et combien de temps doit durer votre \u00e9pargne-retraite, consultez <a href=\"https:\/\/mylogin.hpe.com\/home\/hpe_209874hpitfige_1\/0oaaksophpTJVQt2u697\/alnaktgp0kE4Af5kT697\" target=\"_blank\" rel=\"noopener\"><strong>myFiTage<\/strong><\/a>\u2122. Cet outil financier unique de HPE vous aidera \u00e0 voir o\u00f9 en est votre \u00e9pargne-retraite et \u00e0 l\u2019accro\u00eetre selon vos besoins.<\/p>\n<p>L\u2019outil <a href=\"https:\/\/mylogin.hpe.com\/home\/hpe_209874hpitfige_1\/0oaaksophpTJVQt2u697\/alnaktgp0kE4Af5kT697\" target=\"_blank\" rel=\"noopener\"><strong>myFiTage<\/strong><\/a>\u2122 vous aide \u00e0 :<\/p>\n<div class=\"CAE-EEE-checklist vntd-icon-list icon-list-simple icon-list-basic icon-list-color-accent\">\n<ul class=\"icon-list\">\n<li style=\"list-style-type: none;\">\n<ul class=\"icon-list\">\n<li><i class=\"fas fa-check color-accent\"><\/i>Analyser votre retraite au moyen de nombres faciles \u00e0 comprendre;<\/li>\n<li><i class=\"fas fa-check color-accent\"><\/i>Tester des changements \u00e0 votre strat\u00e9gie financi\u00e8re afin d\u2019acc\u00e9der plus t\u00f4t \u00e0 l\u2019ind\u00e9pendance financi\u00e8re;<\/li>\n<li><i class=\"fas fa-check color-accent\"><\/i>Voir comment profiter au maximum de votre participation au programme de HPE.<\/li>\n<\/ul>\n<\/li>\n<\/ul>\n<p>Tirez parti de suggestions et de perspectives personnalis\u00e9es et cr\u00e9ez un plan d\u2019action financier sur mesure que vous pourrez passer en revue avec votre planificateur financier. Regardez les vid\u00e9os d\u2019information dans les <a href=\"https:\/\/indd.adobe.com\/view\/ee573238-6421-47a3-a453-030391523ef5\" target=\"_blank\" rel=\"noopener\"><strong>Faits saillants du programme d\u2019\u00e9pargne et de retraite<\/strong><\/a><strong><u>.<\/u><\/strong><\/p>\n<\/div>\n<p>[\/vc_column_text]<div class=\"vntd-icon-list icon-list-simple icon-list-basic icon-list-color-accent\"><ul class=\"icon-list\"><li><i class=\"fas fa-info-circle color-accent\"><\/i><\/li><\/ul><\/div>[\/vc_column][vc_column width=\u00a0\u00bb1\/2&Prime; el_class=\u00a0\u00bbCAE-BP-programs DBPP-img\u00a0\u00bb][vc_single_image image=\u00a0\u00bb7049&Prime; alignment=\u00a0\u00bbcenter\u00a0\u00bb][vc_column_text]<\/p>\n<div class=\"HPE-important-notice\">\n<p><span class=\"tip-head\"><strong>Le saviez-vous? <\/strong>Vous avez acc\u00e8s \u00e0 myFITage, un outil de mieux-\u00eatre financier qui vous aide \u00e0 acqu\u00e9rir votre ind\u00e9pendance financi\u00e8re \u00e0 vos propres conditions. Il vous fournit des analyses imm\u00e9diates personnalis\u00e9es refl\u00e9tant votre situation. D\u00e9couvrez <a href=\"https:\/\/mylogin.hpe.com\/home\/hpe_209874hpitfige_1\/0oaaksophpTJVQt2u697\/alnaktgp0kE4Af5kT697\" target=\"_blank\" rel=\"noopener\"><strong>l\u2019outil<\/strong><\/a>.<\/span><\/p>\n<\/div>\n<p>[\/vc_column_text][\/vc_column][\/vc_row][vc_row][vc_column][\/vc_column][\/vc_row]<\/p>\n","protected":false},"excerpt":{"rendered":"<p>[vc_row css=\u00a0\u00bb.vc_custom_1657223677205{padding-bottom: 20px !important;}\u00a0\u00bb el_class=\u00a0\u00bbwhats-new-section1 hidden-icon-list-wrapper\u00a0\u00bb][vc_column width=\u00a0\u00bb1\/2&Prime; el_class=\u00a0\u00bbwhats-new-section1-text\u00a0\u00bb][vc_column_text] Acqu\u00e9rez l\u2019ind\u00e9pendance financi\u00e8re! Si vous voulez mieux comprendre \u00e0 quel moment vous pouvez prendre votre retraite et combien de temps doit durer votre \u00e9pargne-retraite, consultez myFiTage\u2122. Cet outil financier unique de HPE vous aidera \u00e0 voir o\u00f9 en est votre \u00e9pargne-retraite et [&hellip;]<\/p>\n","protected":false},"author":1,"featured_media":0,"parent":6806,"menu_order":0,"comment_status":"closed","ping_status":"closed","template":"","meta":{"footnotes":""},"class_list":["post-6996","page","type-page","status-publish","hentry"],"aioseo_notices":[],"jetpack_sharing_enabled":true,"_links":{"self":[{"href":"https:\/\/hpe-benefits.seb-admin.com\/fr\/wp-json\/wp\/v2\/pages\/6996","targetHints":{"allow":["GET"]}}],"collection":[{"href":"https:\/\/hpe-benefits.seb-admin.com\/fr\/wp-json\/wp\/v2\/pages"}],"about":[{"href":"https:\/\/hpe-benefits.seb-admin.com\/fr\/wp-json\/wp\/v2\/types\/page"}],"author":[{"embeddable":true,"href":"https:\/\/hpe-benefits.seb-admin.com\/fr\/wp-json\/wp\/v2\/users\/1"}],"replies":[{"embeddable":true,"href":"https:\/\/hpe-benefits.seb-admin.com\/fr\/wp-json\/wp\/v2\/comments?post=6996"}],"version-history":[{"count":10,"href":"https:\/\/hpe-benefits.seb-admin.com\/fr\/wp-json\/wp\/v2\/pages\/6996\/revisions"}],"predecessor-version":[{"id":7488,"href":"https:\/\/hpe-benefits.seb-admin.com\/fr\/wp-json\/wp\/v2\/pages\/6996\/revisions\/7488"}],"up":[{"embeddable":true,"href":"https:\/\/hpe-benefits.seb-admin.com\/fr\/wp-json\/wp\/v2\/pages\/6806"}],"wp:attachment":[{"href":"https:\/\/hpe-benefits.seb-admin.com\/fr\/wp-json\/wp\/v2\/media?parent=6996"}],"curies":[{"name":"wp","href":"https:\/\/api.w.org\/{rel}","templated":true}]}}