{"id":6867,"date":"2022-10-13T14:41:48","date_gmt":"2022-10-13T14:41:48","guid":{"rendered":"https:\/\/hpe-benefits.seb-admin.com\/?page_id=6867"},"modified":"2022-10-26T15:49:14","modified_gmt":"2022-10-26T15:49:14","slug":"nous-joindre","status":"publish","type":"page","link":"https:\/\/hpe-benefits.seb-admin.com\/fr\/nous-joindre\/","title":{"rendered":"Nous joindre"},"content":{"rendered":"<p>[vc_row el_class=\u00a0\u00bbHPE-contact-head\u00a0\u00bb][vc_column width=\u00a0\u00bb1\/6&Prime;][vc_column_text]<\/p>\n<h2 class=\"HPE-head-level2\"><strong>Ressource<\/strong><\/h2>\n<p>[\/vc_column_text][\/vc_column][vc_column width=\u00a0\u00bb1\/4&Prime;][vc_column_text]<\/p>\n<h2 class=\"HPE-head-level2\"><strong>Raison de l\u2019appel <\/strong><\/h2>\n<p>[\/vc_column_text][\/vc_column][vc_column width=\u00a0\u00bb1\/4&Prime;][vc_column_text]<\/p>\n<h2 class=\"HPE-head-level2\"><strong>Num\u00e9ro sans frais<\/strong><\/h2>\n<p>[\/vc_column_text][\/vc_column][vc_column width=\u00a0\u00bb1\/3&Prime;][vc_column_text]<\/p>\n<h2 class=\"HPE-head-level2\"><strong>D\u00e9tails<\/strong><\/h2>\n<p>[\/vc_column_text][\/vc_column][\/vc_row][vc_row el_class=\u00a0\u00bbHPE-hidden-icons HPE-contact-row\u00a0\u00bb][vc_column width=\u00a0\u00bb1\/6&Prime;][vc_column_text]Centre des avantages sociaux de HPE[\/vc_column_text][\/vc_column][vc_column width=\u00a0\u00bb1\/4&Prime;][vc_column_text]<\/p>\n<div class=\"vntd-icon-list icon-list-simple icon-list-basic icon-list-color-accent\">\n<ul class=\"icon-list\">\n<li><i class=\"fas fa-caret-right color-accent\"><\/i>Aide pour l\u2019adh\u00e9sion<\/li>\n<li><i class=\"fas fa-caret-right color-accent\"><\/i>Renseignements g\u00e9n\u00e9raux sur le programme<\/li>\n<\/ul>\n<\/div>\n<p>[\/vc_column_text][\/vc_column][vc_column width=\u00a0\u00bb1\/4&Prime;][vc_column_text]1-844-546-6488 (\u00e9coutez bien les options afin de vous rendre au bon service)[\/vc_column_text][\/vc_column][vc_column width=\u00a0\u00bb1\/3&Prime;][vc_column_text]du lundi au vendredi, de 8 h 30 \u00e0 20 h (heure de l\u2019Est)<br \/>\nnum\u00e9ro d\u2019employ\u00e9 et NIP[\/vc_column_text][\/vc_column][\/vc_row][vc_row el_class=\u00a0\u00bbHPE-hidden-icons HPE-contact-row\u00a0\u00bb][vc_column width=\u00a0\u00bb1\/6&Prime;][vc_column_text]Manuvie[\/vc_column_text][\/vc_column][vc_column width=\u00a0\u00bb1\/4&Prime;][vc_column_text]<\/p>\n<div class=\"vntd-icon-list icon-list-simple icon-list-basic icon-list-color-accent\">\n<ul class=\"icon-list\">\n<li><i class=\"fas fa-caret-right color-accent\"><\/i>Renseignements sur l\u2019assurance m\u00e9dicale, l\u2019assurance dentaire ou le compte de cr\u00e9dits-sant\u00e9<\/li>\n<li><i class=\"fas fa-caret-right color-accent\"><\/i>Faire le suivi d\u2019une demande de r\u00e8glement<\/li>\n<li><i class=\"fas fa-caret-right color-accent\"><\/i>V\u00e9rifier l\u2019admissibilit\u00e9 d\u2019une d\u00e9pense<\/li>\n<\/ul>\n<\/div>\n<p>[\/vc_column_text][\/vc_column][vc_column width=\u00a0\u00bb1\/4&Prime;][vc_column_text]1-844-546-6488, option 1, puis option 2[\/vc_column_text][\/vc_column][vc_column width=\u00a0\u00bb1\/3&Prime;][vc_column_text]du lundi au vendredi, de 8 h \u00e0 20 h (heure de l\u2019Est)<\/p>\n<p>num\u00e9ro de r\u00e9gime collectif\u202f:<\/p>\n<ul>\n<li>105411 pour les soins m\u00e9dicaux et dentaires<\/li>\n<li>105412 pour le CCS<\/li>\n<\/ul>\n<p>num\u00e9ro de certificat = num\u00e9ro d\u2019employ\u00e9<br \/>\nmot de passe = vous a \u00e9t\u00e9 envoy\u00e9 apr\u00e8s votre inscription sur le site de Manuvie[\/vc_column_text][\/vc_column][\/vc_row][vc_row el_class=\u00a0\u00bbHPE-hidden-icons HPE-contact-row\u00a0\u00bb][vc_column width=\u00a0\u00bb1\/6&Prime;][vc_column_text]Centre des avantages sociaux de HPE[\/vc_column_text][\/vc_column][vc_column width=\u00a0\u00bb1\/4&Prime;][vc_column_text]<\/p>\n<div class=\"vntd-icon-list icon-list-simple icon-list-basic icon-list-color-accent\">\n<ul class=\"icon-list\">\n<li><i class=\"fas fa-caret-right color-accent\"><\/i>V\u00e9rifier l\u2019\u00e9tat de votre preuve d\u2019assurabilit\u00e9<\/li>\n<\/ul>\n<\/div>\n<p>[\/vc_column_text][\/vc_column][vc_column width=\u00a0\u00bb1\/4&Prime;][vc_column_text]1-844-546-6488, option\u00a01 (SEB Admin)[\/vc_column_text][\/vc_column][vc_column width=\u00a0\u00bb1\/3&Prime;][vc_column_text]du lundi au vendredi, de 8\u00a0h\u00a030 \u00e0 20\u00a0h (heure de l\u2019Est)[\/vc_column_text][\/vc_column][\/vc_row][vc_row el_class=\u00a0\u00bbHPE-hidden-icons HPE-contact-row\u00a0\u00bb][vc_column width=\u00a0\u00bb1\/6&Prime;][vc_column_text]Sun Life[\/vc_column_text][\/vc_column][vc_column width=\u00a0\u00bb1\/4&Prime;][vc_column_text]<\/p>\n<div class=\"vntd-icon-list icon-list-simple icon-list-basic icon-list-color-accent\">\n<ul class=\"icon-list\">\n<li><i class=\"fas fa-caret-right color-accent\"><\/i>Obtenir des renseignements sur votre REER collectif, votre r\u00e9gime de retraite \u00e0 cotisations d\u00e9termin\u00e9es (CD) ou votre compte non enregistr\u00e9 aupr\u00e8s de la Sun Life<\/li>\n<li><i class=\"fas fa-caret-right color-accent\"><\/i>V\u00e9rifier le solde de vos comptes, faire des changements ou passer en revue l\u2019historique des transactions<\/li>\n<li><i class=\"fas fa-caret-right color-accent\"><\/i>Faire des recherches sur diff\u00e9rents placements<\/li>\n<\/ul>\n<\/div>\n<p>[\/vc_column_text][\/vc_column][vc_column width=\u00a0\u00bb1\/4&Prime;][vc_column_text]1-844-546-6488, option\u00a02, puis option\u00a01[\/vc_column_text][\/vc_column][vc_column width=\u00a0\u00bb1\/3&Prime;][vc_column_text]du lundi au vendredi, de 8 h \u00e0 20 h (heure de l\u2019Est)<br \/>\nmot de passe = vous a \u00e9t\u00e9 envoy\u00e9 apr\u00e8s votre inscription sur le site de la Sun Life[\/vc_column_text][\/vc_column][\/vc_row][vc_row el_class=\u00a0\u00bbHPE-hidden-icons HPE-contact-row\u00a0\u00bb][vc_column width=\u00a0\u00bb1\/6&Prime;][vc_column_text]Service de la paie de HPE[\/vc_column_text][\/vc_column][vc_column width=\u00a0\u00bb1\/4&Prime;][vc_column_text]<\/p>\n<div class=\"vntd-icon-list icon-list-simple icon-list-basic icon-list-color-accent\">\n<ul class=\"icon-list\">\n<li><i class=\"fas fa-caret-right color-accent\"><\/i>Obtenir des renseignements sur la paie<\/li>\n<\/ul>\n<\/div>\n<p>[\/vc_column_text][\/vc_column][vc_column width=\u00a0\u00bb1\/4&Prime;][vc_column_text]Soumettez une demande AskHR \u00e0<\/p>\n<p>https:\/\/myitsupport.ext.hpe.com\/HRHome[\/vc_column_text][\/vc_column][vc_column width=\u00a0\u00bb1\/3&Prime;][vc_column_text]du lundi au vendredi, de 8\u00a0h\u00a030 \u00e0 20\u00a0h (heure de l\u2019Est)[\/vc_column_text][\/vc_column][\/vc_row][vc_row el_class=\u00a0\u00bbHPE-hidden-icons HPE-contact-row\u00a0\u00bb][vc_column width=\u00a0\u00bb1\/6&Prime;][vc_column_text]Centre des avantages sociaux de HPE[\/vc_column_text][\/vc_column][vc_column width=\u00a0\u00bb1\/4&Prime;][vc_column_text]<\/p>\n<div class=\"vntd-icon-list icon-list-simple icon-list-basic icon-list-color-accent\">\n<ul class=\"icon-list\">\n<li><i class=\"fas fa-caret-right color-accent\"><\/i>Obtenir des renseignements sur votre r\u00e9gime de retraite \u00e0 prestations d\u00e9termin\u00e9es, le cas \u00e9ch\u00e9ant, aupr\u00e8s d\u2019Aon<\/li>\n<\/ul>\n<\/div>\n<p>[\/vc_column_text][\/vc_column][vc_column width=\u00a0\u00bb1\/4&Prime;][vc_column_text]1-844-546-6488, option 6[\/vc_column_text][\/vc_column][vc_column width=\u00a0\u00bb1\/3&Prime;][vc_column_text]du lundi au vendredi, de 8 h 30 \u00e0 20 h (heure de l\u2019Est)[\/vc_column_text][\/vc_column][\/vc_row][vc_row el_class=\u00a0\u00bbHPE-hidden-icons HPE-contact-row-last\u00a0\u00bb][vc_column width=\u00a0\u00bb1\/6&Prime;][vc_column_text]Centre des avantages sociaux de HPE[\/vc_column_text][\/vc_column][vc_column width=\u00a0\u00bb1\/4&Prime;][vc_column_text]<\/p>\n<div class=\"vntd-icon-list icon-list-simple icon-list-basic icon-list-color-accent\">\n<ul class=\"icon-list\">\n<li><i class=\"fas fa-caret-right color-accent\"><\/i>Autre<\/li>\n<\/ul>\n<\/div>\n<p>[\/vc_column_text][\/vc_column][vc_column width=\u00a0\u00bb1\/4&Prime;][vc_column_text]1-844-546-6488 (\u00e9coutez bien les options afin de vous rendre au bon service)[\/vc_column_text][\/vc_column][vc_column width=\u00a0\u00bb1\/3&Prime;][vc_column_text]du lundi au vendredi, de 8\u00a0h\u00a030 \u00e0 20\u00a0h (heure de l\u2019Est)[\/vc_column_text][\/vc_column][\/vc_row][vc_row el_class=\u00a0\u00bbHPE-hidden-icons\u00a0\u00bb][vc_column]<div class=\"vntd-icon-list icon-list-simple icon-list-basic icon-list-color-gray\"><ul class=\"icon-list\"><li><i class=\"fas fa-info-circle color-gray\"><\/i><\/li><\/ul><\/div>[\/vc_column][\/vc_row]<\/p>\n","protected":false},"excerpt":{"rendered":"<p>[vc_row el_class=\u00a0\u00bbHPE-contact-head\u00a0\u00bb][vc_column width=\u00a0\u00bb1\/6&Prime;][vc_column_text] Ressource [\/vc_column_text][\/vc_column][vc_column width=\u00a0\u00bb1\/4&Prime;][vc_column_text] Raison de l\u2019appel [\/vc_column_text][\/vc_column][vc_column width=\u00a0\u00bb1\/4&Prime;][vc_column_text] Num\u00e9ro sans frais [\/vc_column_text][\/vc_column][vc_column width=\u00a0\u00bb1\/3&Prime;][vc_column_text] D\u00e9tails [\/vc_column_text][\/vc_column][\/vc_row][vc_row el_class=\u00a0\u00bbHPE-hidden-icons HPE-contact-row\u00a0\u00bb][vc_column width=\u00a0\u00bb1\/6&Prime;][vc_column_text]Centre des avantages sociaux de HPE[\/vc_column_text][\/vc_column][vc_column width=\u00a0\u00bb1\/4&Prime;][vc_column_text] Aide pour l\u2019adh\u00e9sion Renseignements g\u00e9n\u00e9raux sur le programme [\/vc_column_text][\/vc_column][vc_column width=\u00a0\u00bb1\/4&Prime;][vc_column_text]1-844-546-6488 (\u00e9coutez bien les options afin de vous rendre au bon service)[\/vc_column_text][\/vc_column][vc_column width=\u00a0\u00bb1\/3&Prime;][vc_column_text]du lundi [&hellip;]<\/p>\n","protected":false},"author":1,"featured_media":0,"parent":0,"menu_order":0,"comment_status":"closed","ping_status":"closed","template":"","meta":{"footnotes":""},"class_list":["post-6867","page","type-page","status-publish","hentry"],"aioseo_notices":[],"jetpack_sharing_enabled":true,"_links":{"self":[{"href":"https:\/\/hpe-benefits.seb-admin.com\/fr\/wp-json\/wp\/v2\/pages\/6867","targetHints":{"allow":["GET"]}}],"collection":[{"href":"https:\/\/hpe-benefits.seb-admin.com\/fr\/wp-json\/wp\/v2\/pages"}],"about":[{"href":"https:\/\/hpe-benefits.seb-admin.com\/fr\/wp-json\/wp\/v2\/types\/page"}],"author":[{"embeddable":true,"href":"https:\/\/hpe-benefits.seb-admin.com\/fr\/wp-json\/wp\/v2\/users\/1"}],"replies":[{"embeddable":true,"href":"https:\/\/hpe-benefits.seb-admin.com\/fr\/wp-json\/wp\/v2\/comments?post=6867"}],"version-history":[{"count":4,"href":"https:\/\/hpe-benefits.seb-admin.com\/fr\/wp-json\/wp\/v2\/pages\/6867\/revisions"}],"predecessor-version":[{"id":7078,"href":"https:\/\/hpe-benefits.seb-admin.com\/fr\/wp-json\/wp\/v2\/pages\/6867\/revisions\/7078"}],"wp:attachment":[{"href":"https:\/\/hpe-benefits.seb-admin.com\/fr\/wp-json\/wp\/v2\/media?parent=6867"}],"curies":[{"name":"wp","href":"https:\/\/api.w.org\/{rel}","templated":true}]}}