{"id":6851,"date":"2022-10-12T19:49:30","date_gmt":"2022-10-12T19:49:30","guid":{"rendered":"https:\/\/hpe-benefits.seb-admin.com\/?page_id=6851"},"modified":"2024-02-16T17:53:29","modified_gmt":"2024-02-16T17:53:29","slug":"l-iste-de-verification-pour-ladhesion-des-nouveaux-employes","status":"publish","type":"page","link":"https:\/\/hpe-benefits.seb-admin.com\/fr\/l-iste-de-verification-pour-ladhesion-des-nouveaux-employes\/","title":{"rendered":"Liste de v\u00e9rification pour l&rsquo;adh\u00e9sion des nouveaux employ\u00e9s"},"content":{"rendered":"<p>[vc_row css=\u00a0\u00bb.vc_custom_1662556448773{padding-bottom: 20px !important;}\u00a0\u00bb el_class=\u00a0\u00bbHPE-hidden-icons\u00a0\u00bb][vc_column width=\u00a0\u00bb1\/2&Prime; el_class=\u00a0\u00bbwhats-new-section1-text\u00a0\u00bb][vc_column_text]<\/p>\n<div class=\"HPE-important-notice HPE-important-notice-custom\">\n<p>Pensez \u00e0 vous inscrire au programme d\u2019\u00e9pargne et de retraite collectif de HPE pour profiter de la cotisation correspondante de l\u2019entreprise. Inscrivez-vous sur le site de la <a href=\"https:\/\/mylogin.hpe.com\/home\/hpe_202376hpitsunlifepensionenteproduction_1\/0oaah8dgo323Drm1k697\/alnah9dukyTGlPSvP697\" target=\"_blank\" rel=\"noopener\" aria-label=\"This link opens HPE connect portal in new tab\"><strong>Sun Life<\/strong><\/a>.<\/p>\n<\/div>\n<div class=\"CAE-beneficiaries-section\">\n<p>Suivez ces \u00e9tapes pour votre premi\u00e8re adh\u00e9sion<\/p>\n<div class=\"vntd-icon-list icon-list-simple icon-list-basic icon-list-color-accent\">\n<ul class=\"icon-list\">\n<li><i class=\"fas fa-check color-accent\"><\/i>Rendez-vous sur\u00a0<strong><a href=\"https:\/\/mylogin.hpe.com\/home\/hpe_208599hpitseb_1\/0oaakstva00tVBxv8697\/alnaktfuwjTyLCPQ1697\" target=\"_blank\" rel=\"noopener\">Avantages Connect HPE.<\/a><\/strong><\/li>\n<li>Choisissez <strong>l\u2019Outil d\u2019adh\u00e9sion aux avantages sociaux de HPE<\/strong>.<i class=\"fas fa-check color-accent\"><\/i><\/li>\n<li><i class=\"fas fa-check color-accent\"><\/i>Cliquez sur <strong>Adh\u00e9rer<\/strong> et suivez les consignes \u00e0 l\u2019\u00e9cran.<\/li>\n<\/ul>\n<\/div>\n<\/div>\n<p>[\/vc_column_text][vc_column_text]<\/p>\n<div class=\"CAE-AE-checklist-sec1\">\n<h2 class=\"HPE-head-level1\">\u00c9tapes de l\u2019adh\u00e9sion<\/h2>\n<div class=\"vntd-icon-list icon-list-simple icon-list-basic icon-list-color-accent\">\n<ul class=\"icon-list\">\n<li style=\"list-style-type: none;\">\n<ul class=\"icon-list\">\n<li><i class=\"far fa-check-square color-accent\"><\/i>V\u00e9rifiez vos renseignements personnels.<\/li>\n<li><i class=\"far fa-check-square color-accent\"><\/i>Fournissez les renseignements sur vos personnes \u00e0 charge et choisissez leur couverture.<\/li>\n<li><i class=\"far fa-check-square color-accent\"><\/i>Si vous en avez, allouez vos cr\u00e9dits exc\u00e9dentaires \u00e0 votre CCS ou \u00e0 votre REER collectif de HPE en franchise d\u2019imp\u00f4t. Vous pouvez aussi recevoir ces cr\u00e9dits en esp\u00e8ces imposables.<\/li>\n<li><i class=\"far fa-check-square color-accent\"><\/i>Saisissez le nom de votre(vos) b\u00e9n\u00e9ficiaire(s) en ligne.\n<ul>\n<li><i class=\"fas fa-caret-right color-accent\"><\/i>Quand vous proc\u00e9dez \u00e0 une d\u00e9signation de b\u00e9n\u00e9ficiaire(s), elle entre en vigueur imm\u00e9diatement, car vous n\u2019avez pas \u00e0 soumettre de formulaire papier. Vous connecter au syst\u00e8me en utilisant vos donn\u00e9es d\u2019acc\u00e8s uniques constitue votre signature \u00e9lectronique.<\/li>\n<\/ul>\n<\/li>\n<li><i class=\"far fa-check-square color-accent\"><\/i>Passez vos choix en revue. Vous \u00eates la personne qui sait ce qui vous convient le mieux, ainsi qu\u2019\u00e0 votre famille.<\/li>\n<li><i class=\"far fa-check-square color-accent\"><\/i>Cliquez sur <strong>Soumettre<\/strong> pour consigner vos choix.<\/li>\n<li><i class=\"far fa-check-square color-accent\"><\/i>Imprimez le relev\u00e9 de confirmation ou envoyez-en une copie \u00e0 votre adresse de courriel pour vos dossiers.<\/li>\n<\/ul>\n<\/li>\n<\/ul>\n<\/div>\n<\/div>\n<p>[\/vc_column_text][\/vc_column][vc_column width=\u00a0\u00bb1\/2&Prime;][vc_single_image image=\u00a0\u00bb6793&Prime; css=\u00a0\u00bb.vc_custom_1665701146529{padding-top: 20px !important;padding-right: 30px !important;padding-left: 30px !important;}\u00a0\u00bb][\/vc_column][\/vc_row][vc_row el_class=\u00a0\u00bbHPE-hidden-icons\u00a0\u00bb][vc_column][vc_column_text]<\/p>\n<div class=\"CAE-AE-checklist-sec1\">\n<h2 class=\"HPE-head-level1\">Adh\u00e9rez au programme \u00e0 temps<\/h2>\n<p>Vous avez 30\u00a0jours pour adh\u00e9rer au programme. Si vous d\u00e9passez la date limite, vous aurez droit \u00e0 la <a href=\"https:\/\/hpe-benefits.seb-admin.com\/fr\/nouveaux-employes-de-hpe\/#HPE-default-coverage\"><strong>couverture par d\u00e9faut<\/strong><\/a> et vos personnes \u00e0 charge ne seront pas assur\u00e9es. Vous ne pourrez pas changer vos protections avant la prochaine p\u00e9riode d\u2019adh\u00e9sion annuelle et devrez fournir une preuve d\u2019assurabilit\u00e9 \u00e0 ce moment-l\u00e0.<\/p>\n<h2 class=\"HPE-head-level1\">Ouvrez vos comptes!<\/h2>\n<p>Si vous n\u2019adh\u00e9rez pas, la cotisation par d\u00e9faut de 1 % s\u2019appliquera et vos cotisations seront d\u00e9pos\u00e9es dans un compte du r\u00e9gime de retraite \u00e0 cotisations d\u00e9termin\u00e9es (CD) o\u00f9 elles seront immobilis\u00e9es jusqu\u2019\u00e0 votre retraite ou cessation d\u2019emploi.<\/p>\n<h2 class=\"HPE-head-level1\">Vous avez oubli\u00e9 votre NIP?<\/h2>\n<p>Vous pouvez en demander un nouveau sur le site <a href=\"https:\/\/mylogin.hpe.com\/home\/hpe_208599hpitseb_1\/0oaakstva00tVBxv8697\/alnaktfuwjTyLCPQ1697\" target=\"_blank\" rel=\"noopener\"><strong>Avantages Connect HPE<\/strong><\/a>. Un autre mot de passe vous sera envoy\u00e9 par courriel dans les 15 minutes suivant votre demande.<\/p>\n<\/div>\n<p>[\/vc_column_text]<div class=\"vntd-icon-list icon-list-simple icon-list-basic icon-list-color-gray\"><ul class=\"icon-list\"><li><i class=\"fas fa-info-circle color-gray\"><\/i><\/li><\/ul><\/div>[\/vc_column][\/vc_row]<\/p>\n","protected":false},"excerpt":{"rendered":"<p>[vc_row css=\u00a0\u00bb.vc_custom_1662556448773{padding-bottom: 20px !important;}\u00a0\u00bb el_class=\u00a0\u00bbHPE-hidden-icons\u00a0\u00bb][vc_column width=\u00a0\u00bb1\/2&Prime; el_class=\u00a0\u00bbwhats-new-section1-text\u00a0\u00bb][vc_column_text] Pensez \u00e0 vous inscrire au programme d\u2019\u00e9pargne et de retraite collectif de HPE pour profiter de la cotisation correspondante de l\u2019entreprise. Inscrivez-vous sur le site de la Sun Life. Suivez ces \u00e9tapes pour votre premi\u00e8re adh\u00e9sion Rendez-vous sur\u00a0Avantages Connect HPE. Choisissez l\u2019Outil d\u2019adh\u00e9sion [&hellip;]<\/p>\n","protected":false},"author":1,"featured_media":0,"parent":0,"menu_order":0,"comment_status":"closed","ping_status":"closed","template":"","meta":{"footnotes":""},"class_list":["post-6851","page","type-page","status-publish","hentry"],"aioseo_notices":[],"jetpack_sharing_enabled":true,"_links":{"self":[{"href":"https:\/\/hpe-benefits.seb-admin.com\/fr\/wp-json\/wp\/v2\/pages\/6851","targetHints":{"allow":["GET"]}}],"collection":[{"href":"https:\/\/hpe-benefits.seb-admin.com\/fr\/wp-json\/wp\/v2\/pages"}],"about":[{"href":"https:\/\/hpe-benefits.seb-admin.com\/fr\/wp-json\/wp\/v2\/types\/page"}],"author":[{"embeddable":true,"href":"https:\/\/hpe-benefits.seb-admin.com\/fr\/wp-json\/wp\/v2\/users\/1"}],"replies":[{"embeddable":true,"href":"https:\/\/hpe-benefits.seb-admin.com\/fr\/wp-json\/wp\/v2\/comments?post=6851"}],"version-history":[{"count":10,"href":"https:\/\/hpe-benefits.seb-admin.com\/fr\/wp-json\/wp\/v2\/pages\/6851\/revisions"}],"predecessor-version":[{"id":7512,"href":"https:\/\/hpe-benefits.seb-admin.com\/fr\/wp-json\/wp\/v2\/pages\/6851\/revisions\/7512"}],"wp:attachment":[{"href":"https:\/\/hpe-benefits.seb-admin.com\/fr\/wp-json\/wp\/v2\/media?parent=6851"}],"curies":[{"name":"wp","href":"https:\/\/api.w.org\/{rel}","templated":true}]}}