{"id":6834,"date":"2022-10-12T19:39:05","date_gmt":"2022-10-12T19:39:05","guid":{"rendered":"https:\/\/hpe-benefits.seb-admin.com\/?page_id=6834"},"modified":"2022-10-17T14:32:10","modified_gmt":"2022-10-17T14:32:10","slug":"slack-fr","status":"publish","type":"page","link":"https:\/\/hpe-benefits.seb-admin.com\/fr\/soins-virtuels-telus-sante\/slack-fr\/","title":{"rendered":"Slack"},"content":{"rendered":"<p>[vc_row][vc_column width=\u00a0\u00bb1\/2&Prime;][vc_column_text]<\/p>\n<div class=\"CAE-virtual-care\">\n<p>Restez bien inform\u00e9 sur la r\u00e9mun\u00e9ration globale, gr\u00e2ce au <a href=\"https:\/\/hpe.enterprise.slack.com\/?redir=%2Fr-t1924311516354%3Fredir%3D%252Farchives%252FC029LE1EBND\"><strong>r<\/strong><strong>\u00e9seau S<\/strong><strong>lac<\/strong><strong>k sur la r\u00e9mun\u00e9ration globale<\/strong><\/a>.<\/p>\n<p>Joignez-vous \u00e0 vos amis de HPE, ou faites-en de nouveaux, et encouragez-vous mutuellement \u00e0 atteindre vos objectifs de mieux-\u00eatre, qu\u2019il s\u2019agisse de mise en forme, d\u2019alimentation ou de finances.<\/p>\n<p>Vous obtiendrez les plus r\u00e9centes nouvelles sur toutes nos campagnes. Soyez sur la ligne de d\u00e9part du d\u00e9fi Global Wellness, sachez quels sont les prochains s\u00e9minaires sur le mieux-\u00eatre et autres activit\u00e9s \u00e0 venir, et ne ratez pas les d\u00e9fis <em>Regardez et gagnez<\/em> ni les autres concours de mieux-\u00eatre.<\/p>\n<\/div>\n<p>[\/vc_column_text][vc_column_text]<a class=\"btn hpe-button\" style=\"width: 200px;\" href=\"https:\/\/hpe.enterprise.slack.com\/?redir=%2Fr-t1924311516354%3Fredir%3D%252Farchives%252FC029LE1EBND\" target=\"_blank\" rel=\"noopener\">Joignez-vous \u00e0 Slack<\/a>[\/vc_column_text][\/vc_column][vc_column width=\u00a0\u00bb1\/2&Prime;][vc_single_image image=\u00a0\u00bb6632&Prime; css=\u00a0\u00bb.vc_custom_1663450101349{padding-right: 30px !important;padding-left: 30px !important;}\u00a0\u00bb][\/vc_column][\/vc_row]<\/p>\n","protected":false},"excerpt":{"rendered":"<p>[vc_row][vc_column width=\u00a0\u00bb1\/2&Prime;][vc_column_text] Restez bien inform\u00e9 sur la r\u00e9mun\u00e9ration globale, gr\u00e2ce au r\u00e9seau Slack sur la r\u00e9mun\u00e9ration globale. Joignez-vous \u00e0 vos amis de HPE, ou faites-en de nouveaux, et encouragez-vous mutuellement \u00e0 atteindre vos objectifs de mieux-\u00eatre, qu\u2019il s\u2019agisse de mise en forme, d\u2019alimentation ou de finances. Vous obtiendrez les plus [&hellip;]<\/p>\n","protected":false},"author":1,"featured_media":0,"parent":3672,"menu_order":0,"comment_status":"closed","ping_status":"closed","template":"","meta":{"footnotes":""},"class_list":["post-6834","page","type-page","status-publish","hentry"],"aioseo_notices":[],"jetpack_sharing_enabled":true,"_links":{"self":[{"href":"https:\/\/hpe-benefits.seb-admin.com\/fr\/wp-json\/wp\/v2\/pages\/6834","targetHints":{"allow":["GET"]}}],"collection":[{"href":"https:\/\/hpe-benefits.seb-admin.com\/fr\/wp-json\/wp\/v2\/pages"}],"about":[{"href":"https:\/\/hpe-benefits.seb-admin.com\/fr\/wp-json\/wp\/v2\/types\/page"}],"author":[{"embeddable":true,"href":"https:\/\/hpe-benefits.seb-admin.com\/fr\/wp-json\/wp\/v2\/users\/1"}],"replies":[{"embeddable":true,"href":"https:\/\/hpe-benefits.seb-admin.com\/fr\/wp-json\/wp\/v2\/comments?post=6834"}],"version-history":[{"count":4,"href":"https:\/\/hpe-benefits.seb-admin.com\/fr\/wp-json\/wp\/v2\/pages\/6834\/revisions"}],"predecessor-version":[{"id":6938,"href":"https:\/\/hpe-benefits.seb-admin.com\/fr\/wp-json\/wp\/v2\/pages\/6834\/revisions\/6938"}],"up":[{"embeddable":true,"href":"https:\/\/hpe-benefits.seb-admin.com\/fr\/wp-json\/wp\/v2\/pages\/3672"}],"wp:attachment":[{"href":"https:\/\/hpe-benefits.seb-admin.com\/fr\/wp-json\/wp\/v2\/media?parent=6834"}],"curies":[{"name":"wp","href":"https:\/\/api.w.org\/{rel}","templated":true}]}}