{"id":6831,"date":"2022-10-12T19:38:38","date_gmt":"2022-10-12T19:38:38","guid":{"rendered":"https:\/\/hpe-benefits.seb-admin.com\/?page_id=6831"},"modified":"2023-10-23T19:57:37","modified_gmt":"2023-10-23T19:57:37","slug":"life-speak","status":"publish","type":"page","link":"https:\/\/hpe-benefits.seb-admin.com\/fr\/soins-virtuels-telus-sante\/life-speak\/","title":{"rendered":"LifeSpeak"},"content":{"rendered":"<p>[vc_row el_class=\u00a0\u00bbHPE-hidden-icons\u00a0\u00bb][vc_column width=\u00a0\u00bb1\/2&Prime;][vc_column_text]<\/p>\n<div class=\"CAE-virtual-care\">\n<p><a href=\"https:\/\/hpe.lifespeak.com\/home?share=true&amp;lang=FR\" target=\"_blank\" rel=\"noopener\"><strong>LifeSpeak<\/strong><\/a> vous donne acc\u00e8s \u00e0 des vid\u00e9oclips de grande qualit\u00e9 o\u00f9 des experts de premier plan abordent des sujets vari\u00e9s touchant la sant\u00e9, le mieux-\u00eatre et la famille.<\/p>\n<p>Cet outil de formation en ligne fournit, jour et nuit, de l\u2019expertise de haut niveau et des conseils. Acc\u00e9dez \u00e0 l\u2019outil quand vous en avez besoin. N\u2019h\u00e9sitez pas \u00e0 visionner l\u2019information de nouveau pour vous rafra\u00eechir la m\u00e9moire.<\/p>\n<p>Regardez les capsules en famille. Chaque sujet est pr\u00e9sent\u00e9 par un expert au moyen d\u2019extraits de six \u00e0 dix minutes. Chaque extrait comprend une section <strong>Foire aux questions<\/strong> et un aide-m\u00e9moire \u00e0 imprimer.<\/p>\n<h2 class=\"HPE-head-level1\">Des questions li\u00e9es au mieux-\u00eatre? Demandez \u00e0 un expert!<\/h2>\n<p>LifeSpeak sur demande\u00a02.0 comprend un clavardage mensuel appel\u00e9 <strong>Demandez \u00e0 un expert<\/strong>. Posez \u00e0 des experts nord-am\u00e9ricains renomm\u00e9s vos questions sur des sujets vari\u00e9s, allant des finances \u00e0 la famille. Inscrivez-vous \u00e0 <a href=\"https:\/\/hpe.lifespeak.com\/home?share=true&amp;lang=FR\" target=\"_blank\" rel=\"noopener\"><strong>LifeSpeak<\/strong><\/a><strong>.<\/strong><\/p>\n<\/div>\n<p>[\/vc_column_text][vc_column_text]<\/p>\n<div class=\"HPE-important-notice\">\n<p><span class=\"tip-head\"><strong>Pour acc\u00e9der \u00e0 LifeSpeak\u202f:<\/strong><\/span><\/p>\n<div class=\"vntd-icon-list icon-list-simple icon-list-basic icon-list-color-accent\">\n<ul class=\"icon-list\">\n<li><i class=\"fas fa-check color-accent\"><\/i>Utilisez le compte de groupe sur le site\u00a0<a href=\"https:\/\/hpe.lifespeak.com\/home?share=true&amp;lang=FR\" target=\"_blank\" rel=\"noopener\"><strong>LifeSpeak<\/strong><\/a><\/li>\n<li><i class=\"fas fa-check color-accent\"><\/i>Connectez-vous en utilisant le mot de passe de HPE\u202f: <strong>wellness<\/strong><\/li>\n<\/ul>\n<\/div>\n<\/div>\n<p>[\/vc_column_text]<div class=\"vntd-icon-list icon-list-simple icon-list-basic icon-list-color-gray\"><ul class=\"icon-list\"><li><i class=\"fas fa-info-circle color-gray\"><\/i><\/li><\/ul><\/div>[\/vc_column][vc_column width=\u00a0\u00bb1\/2&Prime;][vc_single_image image=\u00a0\u00bb6655&Prime;][\/vc_column][\/vc_row]<\/p>\n","protected":false},"excerpt":{"rendered":"<p>[vc_row el_class=\u00a0\u00bbHPE-hidden-icons\u00a0\u00bb][vc_column width=\u00a0\u00bb1\/2&Prime;][vc_column_text] LifeSpeak vous donne acc\u00e8s \u00e0 des vid\u00e9oclips de grande qualit\u00e9 o\u00f9 des experts de premier plan abordent des sujets vari\u00e9s touchant la sant\u00e9, le mieux-\u00eatre et la famille. Cet outil de formation en ligne fournit, jour et nuit, de l\u2019expertise de haut niveau et des conseils. Acc\u00e9dez [&hellip;]<\/p>\n","protected":false},"author":1,"featured_media":0,"parent":3672,"menu_order":0,"comment_status":"closed","ping_status":"closed","template":"","meta":{"footnotes":""},"class_list":["post-6831","page","type-page","status-publish","hentry"],"aioseo_notices":[],"jetpack_sharing_enabled":true,"_links":{"self":[{"href":"https:\/\/hpe-benefits.seb-admin.com\/fr\/wp-json\/wp\/v2\/pages\/6831","targetHints":{"allow":["GET"]}}],"collection":[{"href":"https:\/\/hpe-benefits.seb-admin.com\/fr\/wp-json\/wp\/v2\/pages"}],"about":[{"href":"https:\/\/hpe-benefits.seb-admin.com\/fr\/wp-json\/wp\/v2\/types\/page"}],"author":[{"embeddable":true,"href":"https:\/\/hpe-benefits.seb-admin.com\/fr\/wp-json\/wp\/v2\/users\/1"}],"replies":[{"embeddable":true,"href":"https:\/\/hpe-benefits.seb-admin.com\/fr\/wp-json\/wp\/v2\/comments?post=6831"}],"version-history":[{"count":8,"href":"https:\/\/hpe-benefits.seb-admin.com\/fr\/wp-json\/wp\/v2\/pages\/6831\/revisions"}],"predecessor-version":[{"id":7470,"href":"https:\/\/hpe-benefits.seb-admin.com\/fr\/wp-json\/wp\/v2\/pages\/6831\/revisions\/7470"}],"up":[{"embeddable":true,"href":"https:\/\/hpe-benefits.seb-admin.com\/fr\/wp-json\/wp\/v2\/pages\/3672"}],"wp:attachment":[{"href":"https:\/\/hpe-benefits.seb-admin.com\/fr\/wp-json\/wp\/v2\/media?parent=6831"}],"curies":[{"name":"wp","href":"https:\/\/api.w.org\/{rel}","templated":true}]}}