{"id":6820,"date":"2022-10-12T19:34:54","date_gmt":"2022-10-12T19:34:54","guid":{"rendered":"https:\/\/hpe-benefits.seb-admin.com\/?page_id=6820"},"modified":"2024-02-12T19:04:17","modified_gmt":"2024-02-12T19:04:17","slug":"bien-etre-financier","status":"publish","type":"page","link":"https:\/\/hpe-benefits.seb-admin.com\/fr\/soins-virtuels-telus-sante\/bien-etre-financier\/","title":{"rendered":"Bien-\u00eatre financier"},"content":{"rendered":"<p>[vc_row css=\u00a0\u00bb.vc_custom_1661950002971{padding-bottom: 20px !important;}\u00a0\u00bb][vc_column width=\u00a0\u00bb1\/2&Prime; el_class=\u00a0\u00bbwhats-new-section1-text\u00a0\u00bb][vc_column_text]<\/p>\n<div class=\"HPE-financial-wellness-section\">\n<p>Le bien-\u00eatre financier est essentiel \u00e0 votre sant\u00e9 globale. HPE offre des outils et des ressources pour vous aider \u00e0 acqu\u00e9rir des connaissances financi\u00e8res et \u00e0 pr\u00e9parer votre retraite.<\/p>\n<h2 class=\"HPE-head-level1\">Webinaires sur le mieux-\u00eatre financier<\/h2>\n<p>Anim\u00e9s par la Sun Life, ces webinaires gratuits toujours \u00e0 votre disposition sont con\u00e7us pour accro\u00eetre vos connaissances financi\u00e8res et favoriser votre bien-\u00eatre financier. Inscrivez-vous d\u00e8s maintenant \u00e0 un <a href=\"https:\/\/www.sunlife.ca\/fr\/campaign\/financial-wellness-webinars\/\" target=\"_blank\" rel=\"noopener\"><strong>webinaire<\/strong><\/a>.<\/p>\n<\/div>\n<p>[\/vc_column_text][vc_column_text]<\/p>\n<div class=\"HPE-financial-wellness-section\">\n<h2 class=\"HPE-head-level1\">Planification de la retraite<\/h2>\n<p>Apprenez-en plus sur le <a href=\"https:\/\/hpe-benefits.seb-admin.com\/wp-content\/uploads\/2022\/10\/HPE_2020_ProgramSummary_FR-V1.1.pdf\" target=\"_blank\" rel=\"noopener\"><strong>programme d\u2019\u00e9pargne et de retraite collectif de HPE<\/strong><\/a> et sur la cotisation que verse HPE en fonction de vos cotisations.<\/p>\n<p>Calculez quand vous acc\u00e9derez \u00e0 l\u2019ind\u00e9pendance financi\u00e8re. Servez-vous de l\u2019outil <a href=\"https:\/\/mylogin.hpe.com\/home\/hpe_209874hpitfige_1\/0oaaksophpTJVQt2u697\/alnaktgp0kE4Af5kT697\" target=\"_blank\" rel=\"noopener\"><strong>MyFiTage<\/strong><\/a>\u2122 pour voir combien de temps durera votre \u00e9pargne pendant votre retraite et ce que vous pouvez faire pour que votre \u00e9pargne dure encore plus longtemps.<\/p>\n<p>&nbsp;<\/p>\n<\/div>\n<p>[\/vc_column_text][\/vc_column][vc_column width=\u00a0\u00bb1\/2&Prime;][vc_single_image image=\u00a0\u00bb6648&Prime; css=\u00a0\u00bb.vc_custom_1663449957119{padding-top: 20px !important;padding-right: 30px !important;padding-left: 30px !important;}\u00a0\u00bb][\/vc_column][\/vc_row][vc_row][vc_column][\/vc_column][\/vc_row]<\/p>\n","protected":false},"excerpt":{"rendered":"<p>[vc_row css=\u00a0\u00bb.vc_custom_1661950002971{padding-bottom: 20px !important;}\u00a0\u00bb][vc_column width=\u00a0\u00bb1\/2&Prime; el_class=\u00a0\u00bbwhats-new-section1-text\u00a0\u00bb][vc_column_text] Le bien-\u00eatre financier est essentiel \u00e0 votre sant\u00e9 globale. HPE offre des outils et des ressources pour vous aider \u00e0 acqu\u00e9rir des connaissances financi\u00e8res et \u00e0 pr\u00e9parer votre retraite. Webinaires sur le mieux-\u00eatre financier Anim\u00e9s par la Sun Life, ces webinaires gratuits toujours \u00e0 [&hellip;]<\/p>\n","protected":false},"author":1,"featured_media":0,"parent":3672,"menu_order":0,"comment_status":"closed","ping_status":"closed","template":"","meta":{"footnotes":""},"class_list":["post-6820","page","type-page","status-publish","hentry"],"aioseo_notices":[],"jetpack_sharing_enabled":true,"_links":{"self":[{"href":"https:\/\/hpe-benefits.seb-admin.com\/fr\/wp-json\/wp\/v2\/pages\/6820","targetHints":{"allow":["GET"]}}],"collection":[{"href":"https:\/\/hpe-benefits.seb-admin.com\/fr\/wp-json\/wp\/v2\/pages"}],"about":[{"href":"https:\/\/hpe-benefits.seb-admin.com\/fr\/wp-json\/wp\/v2\/types\/page"}],"author":[{"embeddable":true,"href":"https:\/\/hpe-benefits.seb-admin.com\/fr\/wp-json\/wp\/v2\/users\/1"}],"replies":[{"embeddable":true,"href":"https:\/\/hpe-benefits.seb-admin.com\/fr\/wp-json\/wp\/v2\/comments?post=6820"}],"version-history":[{"count":10,"href":"https:\/\/hpe-benefits.seb-admin.com\/fr\/wp-json\/wp\/v2\/pages\/6820\/revisions"}],"predecessor-version":[{"id":7489,"href":"https:\/\/hpe-benefits.seb-admin.com\/fr\/wp-json\/wp\/v2\/pages\/6820\/revisions\/7489"}],"up":[{"embeddable":true,"href":"https:\/\/hpe-benefits.seb-admin.com\/fr\/wp-json\/wp\/v2\/pages\/3672"}],"wp:attachment":[{"href":"https:\/\/hpe-benefits.seb-admin.com\/fr\/wp-json\/wp\/v2\/media?parent=6820"}],"curies":[{"name":"wp","href":"https:\/\/api.w.org\/{rel}","templated":true}]}}