{"id":6817,"date":"2022-10-12T19:31:04","date_gmt":"2022-10-12T19:31:04","guid":{"rendered":"https:\/\/hpe-benefits.seb-admin.com\/?page_id=6817"},"modified":"2025-09-04T18:45:15","modified_gmt":"2025-09-04T18:45:15","slug":"soutien-au-bien-etre-emotionnel-et-mental","status":"publish","type":"page","link":"https:\/\/hpe-benefits.seb-admin.com\/fr\/soins-virtuels-telus-sante\/soutien-au-bien-etre-emotionnel-et-mental\/","title":{"rendered":"Soutien au bien-\u00eatre \u00e9motionnel et mental"},"content":{"rendered":"<p>[vc_row css=\u00a0\u00bb.vc_custom_1661895382982{padding-bottom: 20px !important;}\u00a0\u00bb el_class=\u00a0\u00bbHPE-hidden-icons\u00a0\u00bb][vc_column width=\u00a0\u00bb1\/2&Prime; el_class=\u00a0\u00bbwhats-new-section1-text\u00a0\u00bb][vc_column_text]<\/p>\n<div class=\"HPE-efap-section\">\n<h2 class=\"HPE-head-level1\">Profitez au maximum de votre programme de soutien au bien-\u00eatre \u00e9motionnel et mental, 24\/7\/365<\/h2>\n<p>La vie change sans cesse, et m\u00eame les changements positifs peuvent causer du stress. Notre programme de soutien au bien-\u00eatre \u00e9motionnel et mental peut vous venir en aide.<\/p>\n<p>Vous, et les membres de votre famille imm\u00e9diate, pouvez recevoir du soutien par t\u00e9l\u00e9phone, en personne ou en ligne, au moyen d\u2019un \u00e9ventail de ressources li\u00e9es \u00e0 la sant\u00e9 et au mieux-\u00eatre.<\/p>\n<p>Disponible 24 heures par jour, 365 jours par ann\u00e9e, ce soutien enti\u00e8rement confidentiel est offert gratuitement aux employ\u00e9s de HPE Canada et aux membres de leur famille imm\u00e9diate.<\/p>\n<p>Vous pouvez obtenir l\u2019aide n\u00e9cessaire selon votre mode de communication privil\u00e9gi\u00e9 : appelez-les ou consultez leur site Web\u2026 vous pouvez m\u00eame t\u00e9l\u00e9charger l\u2019application sur votre t\u00e9l\u00e9phone ou votre tablette.<\/p>\n<p>Vous avez acc\u00e8s \u00e0 une s\u00e9rie de consultations pour chaque probl\u00e8me que vous rencontrez. Vous pouvez aussi profiter d\u2019outils en ligne pour g\u00e9rer votre bien-\u00eatre.<\/p>\n<\/div>\n<p>[\/vc_column_text][vc_column_text]Apprenez-en plus sur les services offerts par le PAEF \u00e0 <a href=\"https:\/\/supportfinder.optum.com\/hpe\" target=\"_blank\" rel=\"noopener\"><strong>Livewell Optum<\/strong><\/a>. Vous y trouverez des outils, de l\u2019information et des ressources pour am\u00e9liorer votre sant\u00e9, votre travail et votre vie. Votre programme de soutien au bien-\u00eatre \u00e9motionnel et mental peut vous aider :<\/p>\n<div class=\"vntd-icon-list icon-list-simple icon-list-basic icon-list-color-accent\">\n<ul class=\"icon-list\">\n<li><i class=\"fas fa-check color-accent\"><\/i>la d\u00e9pression, le stress, l\u2019anxi\u00e9t\u00e9, le TDAH et d\u2019autres enjeux de sant\u00e9 mentale<\/li>\n<li><i class=\"fas fa-check color-accent\"><\/i>la consommation abusive d\u2019alcool et de drogue, les troubles de l\u2019alimentation et le deuil<\/li>\n<li><i class=\"fas fa-check color-accent\"><\/i>les soins d\u2019appoint pour les enfants, les adultes et les a\u00een\u00e9s, offerts par des gens comp\u00e9tents<\/li>\n<li><i class=\"fas fa-check color-accent\"><\/i>des r\u00e9f\u00e9rences pour les services de garde d\u2019enfants, les camps d\u2019\u00e9t\u00e9, les \u00e9coles et les \u00e9tablissements post-secondaires<\/li>\n<li><i class=\"fas fa-check color-accent\"><\/i>les questions d\u2019ordre juridique<\/li>\n<li><i class=\"fas fa-check color-accent\"><\/i>des r\u00e9f\u00e9rences pour les centres d\u2019h\u00e9bergement et de soins de longue dur\u00e9e<\/li>\n<li><i class=\"fas fa-check color-accent\"><\/i>la vie avec une maladie chronique<\/li>\n<li><i class=\"fas fa-check color-accent\"><\/i>des ressources \u00e9ducatives<\/li>\n<li><i class=\"fas fa-check color-accent\"><\/i>du counseling personnel et familial<\/li>\n<li><i class=\"fas fa-check color-accent\"><\/i>et beaucoup plus!<\/li>\n<\/ul>\n<\/div>\n<p>[\/vc_column_text][\/vc_column][vc_column width=\u00a0\u00bb1\/2&Prime;][vc_single_image image=\u00a0\u00bb6644&Prime; css=\u00a0\u00bb.vc_custom_1663449905990{padding-top: 20px !important;padding-right: 30px !important;padding-left: 30px !important;}\u00a0\u00bb][vc_column_text css=\u00a0\u00bb.vc_custom_1757011513169{padding-top: 20px !important;padding-right: 30px !important;padding-left: 30px !important;}\u00a0\u00bb]<\/p>\n<div class=\"HPE-important-notice efap-important-notice\">\n<p><span class=\"tip-head\"><strong>Pour acc\u00e9der au programme de soutien au bien-\u00eatre \u00e9motionnel et mental :<\/strong><\/span><\/p>\n<div class=\"vntd-icon-list icon-list-simple icon-list-basic icon-list-color-accent\">\n<ul class=\"icon-list\">\n<li><i class=\"fas fa-check color-accent\"><\/i>Allez \u00e0 <a href=\"https:\/\/supportfinder.optum.com\/hpe\" target=\"_blank\" rel=\"noopener\"><strong>Livewell Optum<\/strong><\/a><\/li>\n<\/ul>\n<p><!--\n \t\n\n<li><i class=\"fas fa-check color-accent\"><\/i>Utilisez le code d\u2019acc\u00e8s\u00a0<strong>hpecanada<\/strong><\/li>\n\n\n--><\/p>\n<\/div>\n<\/div>\n<p>[\/vc_column_text]<div class=\"vntd-icon-list icon-list-simple icon-list-basic icon-list-color-gray\"><ul class=\"icon-list\"><li><i class=\"fas fa-info-circle color-gray\"><\/i><\/li><\/ul><\/div>[\/vc_column][\/vc_row][vc_row el_class=\u00a0\u00bbHPE-hidden-icons\u00a0\u00bb][vc_column][\/vc_column][\/vc_row]<\/p>\n","protected":false},"excerpt":{"rendered":"<p>[vc_row css=\u00a0\u00bb.vc_custom_1661895382982{padding-bottom: 20px !important;}\u00a0\u00bb el_class=\u00a0\u00bbHPE-hidden-icons\u00a0\u00bb][vc_column width=\u00a0\u00bb1\/2&Prime; el_class=\u00a0\u00bbwhats-new-section1-text\u00a0\u00bb][vc_column_text] Profitez au maximum de votre programme de soutien au bien-\u00eatre \u00e9motionnel et mental, 24\/7\/365 La vie change sans cesse, et m\u00eame les changements positifs peuvent causer du stress. Notre programme de soutien au bien-\u00eatre \u00e9motionnel et mental peut vous venir en aide. Vous, [&hellip;]<\/p>\n","protected":false},"author":1,"featured_media":0,"parent":3672,"menu_order":0,"comment_status":"closed","ping_status":"closed","template":"","meta":{"footnotes":""},"class_list":["post-6817","page","type-page","status-publish","hentry"],"aioseo_notices":[],"jetpack_sharing_enabled":true,"_links":{"self":[{"href":"https:\/\/hpe-benefits.seb-admin.com\/fr\/wp-json\/wp\/v2\/pages\/6817","targetHints":{"allow":["GET"]}}],"collection":[{"href":"https:\/\/hpe-benefits.seb-admin.com\/fr\/wp-json\/wp\/v2\/pages"}],"about":[{"href":"https:\/\/hpe-benefits.seb-admin.com\/fr\/wp-json\/wp\/v2\/types\/page"}],"author":[{"embeddable":true,"href":"https:\/\/hpe-benefits.seb-admin.com\/fr\/wp-json\/wp\/v2\/users\/1"}],"replies":[{"embeddable":true,"href":"https:\/\/hpe-benefits.seb-admin.com\/fr\/wp-json\/wp\/v2\/comments?post=6817"}],"version-history":[{"count":10,"href":"https:\/\/hpe-benefits.seb-admin.com\/fr\/wp-json\/wp\/v2\/pages\/6817\/revisions"}],"predecessor-version":[{"id":7791,"href":"https:\/\/hpe-benefits.seb-admin.com\/fr\/wp-json\/wp\/v2\/pages\/6817\/revisions\/7791"}],"up":[{"embeddable":true,"href":"https:\/\/hpe-benefits.seb-admin.com\/fr\/wp-json\/wp\/v2\/pages\/3672"}],"wp:attachment":[{"href":"https:\/\/hpe-benefits.seb-admin.com\/fr\/wp-json\/wp\/v2\/media?parent=6817"}],"curies":[{"name":"wp","href":"https:\/\/api.w.org\/{rel}","templated":true}]}}