{"id":6809,"date":"2022-10-12T18:57:21","date_gmt":"2022-10-12T18:57:21","guid":{"rendered":"https:\/\/hpe-benefits.seb-admin.com\/?page_id=6809"},"modified":"2025-10-09T13:51:10","modified_gmt":"2025-10-09T13:51:10","slug":"vos-options-de-placement","status":"publish","type":"page","link":"https:\/\/hpe-benefits.seb-admin.com\/fr\/programme-depargne-et-de-retraite-hpe\/vos-options-de-placement\/","title":{"rendered":"Vos options de placement"},"content":{"rendered":"<p>[vc_row css=\u00a0\u00bb.vc_custom_1662991067440{padding-bottom: 20px !important;}\u00a0\u00bb el_class=\u00a0\u00bbHPE-hidden-icons\u00a0\u00bb][vc_column width=\u00a0\u00bb1\/2&Prime;][vc_column_text]<\/p>\n<div class=\"HPE-setting-up-account-sec\">\n<p>Vous d\u00e9cidez comment investir les sommes accumul\u00e9es dans vos comptes CD, REER collectif, REER de conjoint ou compte non enregistr\u00e9, en choisissant parmi un \u00e9ventail de v\u00e9hicules de placement g\u00e9r\u00e9s par des professionnels. Chacun de ces v\u00e9hicules est assorti d\u2019un style de gestion, d\u2019un niveau de risque et de frais de gestion des placements qui lui sont propres. Vous d\u00e9terminez ce qui vous convient le mieux en fonction de votre strat\u00e9gie de placement et de votre tol\u00e9rance au risque.<\/p>\n<h2 class=\"HPE-head-level1\">Trois fa\u00e7ons de placer votre argent :<\/h2>\n<\/div>\n<p>[\/vc_column_text][vc_row_inner css=\u00a0\u00bb.vc_custom_1663185827560{padding-top: 10px !important;padding-bottom: 10px !important;}\u00a0\u00bb][vc_column_inner width=\u00a0\u00bb1\/3&Prime;][vc_column_text]<\/p>\n<div class=\"HPE-invest-option HPE-invest-option-one\">\n<h5 class=\"invest-option-tip\">1<\/h5>\n<div id=\"hover-text2\" class=\"cae-hover-text-list HPE-hidden-popup-custom\" aria-describedby=\"#hidden-list2\">\n<p class=\"tooltip-text invest-option-caption\">Fonds \u00e0 date de retraite cible<\/p>\n<ul id=\"hidden-list2\" class=\"CAE-hidden-list\" role=\"tooltip\">\n<li>\n<p class=\"HPE-flyover\"><strong>Fonds \u00e0 date de retraite cible\u202f :<\/strong> un excellent moyen de faire en sorte que votre portefeuille devienne automatiquement plus prudent \u00e0 l\u2019approche de votre retraite.<\/p>\n<p class=\"HPE-flyover\">Si vous choisissez cette option, des gestionnaires de fonds qualifi\u00e9s se chargent de r\u00e9\u00e9quilibrer votre portefeuille au fil du temps. Ainsi, plus vous approchez de la retraite, plus vos placements deviennent prudents. Quand vous aurez besoin de votre argent, vous serez donc mieux prot\u00e9g\u00e9 contre les inconv\u00e9nients des placements plus risqu\u00e9s.<\/p>\n<\/li>\n<\/ul>\n<\/div>\n<\/div>\n<p>[\/vc_column_text][\/vc_column_inner][vc_column_inner width=\u00a0\u00bb1\/3&Prime;][vc_column_text]<\/p>\n<div class=\"HPE-invest-option HPE-invest-option-two\">\n<h5 class=\"invest-option-tip\">2<\/h5>\n<div id=\"hover-text2\" class=\"cae-hover-text-list\" aria-describedby=\"#hidden-list2\">\n<p class=\"tooltip-text invest-option-caption\">Fonds \u00e9quilibr\u00e9s pr\u00e9\u00e9tablis<\/p>\n<ul id=\"hidden-list2\" class=\"CAE-hidden-list\" role=\"tooltip\">\n<li>\n<p class=\"HPE-flyover\"><strong>Fonds \u00e9quilibr\u00e9s pr\u00e9\u00e9tablis\u202f :<\/strong> leur ratio actions\/obligations demeure relativement fixe au fil du temps.<\/p>\n<p class=\"HPE-flyover\">Voulez-vous une solution de placement simple qui consiste en un portefeuille diversifi\u00e9 dont le ratio entre les actions et les obligations demeure relativement fixe au fil du temps? Si oui, cette option pourrait vous convenir!<\/p>\n<\/li>\n<\/ul>\n<\/div>\n<\/div>\n<p>[\/vc_column_text][\/vc_column_inner][vc_column_inner width=\u00a0\u00bb1\/3&Prime;][vc_column_text]<\/p>\n<div class=\"HPE-invest-option HPE-invest-option-three\">\n<h5 class=\"invest-option-tip\">3<\/h5>\n<div id=\"hover-text2\" class=\"cae-hover-text-list\" aria-describedby=\"#hidden-list2\">\n<p class=\"invest-option-caption\">Cr\u00e9ation de votre propre portefeuille<\/p>\n<ul id=\"hidden-list2\" class=\"CAE-hidden-list\" role=\"tooltip\">\n<li>\n<p class=\"HPE-flyover\"><strong>Cr\u00e9ation de votre propre portefeuille \u202f:<\/strong> option destin\u00e9e aux investisseurs actifs qui veulent prendre en main leurs placements.<\/p>\n<p class=\"HPE-flyover\">\u00cates-vous \u00e0 l\u2019aise d\u2019acheter et de vendre divers v\u00e9hicules de placement g\u00e9r\u00e9s par des professionnels? Souhaitez-vous choisir des fonds conformes \u00e0 votre profil d\u2019investisseur? Si oui, la cr\u00e9ation d\u2019un portefeuille est peut-\u00eatre la solution qu\u2019il vous faut!<\/p>\n<\/li>\n<\/ul>\n<\/div>\n<\/div>\n<p>[\/vc_column_text][\/vc_column_inner][\/vc_row_inner][vc_column_text]<\/p>\n<div class=\"HPE-setting-up-account-sec\">\n<h2 class=\"HPE-head-level1\">Frais moindres<\/h2>\n<p>Nous n\u00e9gocions des frais de gestion sp\u00e9ciaux, moins \u00e9lev\u00e9s que ceux que vous obtiendriez par vous-m\u00eame, pour les fonds que nous offrons dans le cadre du programme de HPE.<\/p>\n<p>Les frais \u00e9lev\u00e9s que les institutions financi\u00e8res imposent aux particuliers peuvent gruger votre \u00e9pargne et vous faire perdre<strong> jusqu\u2019\u00e0 dix\u00a0ans de revenu de retraite!<\/strong><\/p>\n<\/div>\n<p>[\/vc_column_text][\/vc_column][vc_column width=\u00a0\u00bb1\/2&Prime; el_class=\u00a0\u00bbCAE-BP-programs DBPP-img\u00a0\u00bb][vc_single_image image=\u00a0\u00bb6640&Prime; alignment=\u00a0\u00bbcenter\u00a0\u00bb][vc_column_text]<\/p>\n<div class=\"HPE-important-notice\">\n<p><strong>Peu importe l\u2019option que vous choisissez<\/strong>. Passez en revue vos placements au moins une fois par ann\u00e9e pour r\u00e9\u00e9valuer vos objectifs et rajuster le tir en fonction de l\u2019\u00e9volution de votre situation financi\u00e8re.<\/p>\n<p>Faites le suivi de vos fonds et des frais. Allez \u00e0 <strong><a href=\"https:\/\/mylogin.hpe.com\/home\/hpe_202376hpitsunlifepensionenteproduction_1\/0oaah8dgo323Drm1k697\/alnah9dukyTGlPSvP697\" target=\"_blank\" rel=\"noopener\">Sun Life<\/a><\/strong>\u00a0pour conna\u00eetre les divers fonds et frais que nous offrons dans le cadre du programme de HPE.<\/p>\n<\/div>\n<p>[\/vc_column_text][\/vc_column][\/vc_row][vc_row][vc_column][vc_column_text]<\/p>\n<div class=\"HPE-setting-up-account-sec\">\n<h2 class=\"HPE-head-level1\">Renseignez-vous sur vos choix de placements<\/h2>\n<p>Cliquez sur l\u2019onglet <strong>Comptes<\/strong> du site de la Sun Life pour voir la liste des fonds de placement propos\u00e9s. Vous pouvez aussi voir le rendement des fonds en cliquant sur <strong>Rendement des placements<\/strong> dans la section <strong>Investissements<\/strong>.<\/p>\n<p>R\u00e9pondez en ligne \u00e0 quelques questions afin d\u2019\u00e9tablir votre profil d\u2019investisseur (niveau de tol\u00e9rance au risque). Cela vous aidera \u00e0 choisir vos fonds de placement. Cliquez sur l\u2019onglet <strong>Centre de ressources<\/strong>, puis sur <strong>Outils Mon argent<\/strong>. Cliquez sur <strong>Soumettre<\/strong> pour enregistrer votre profil. Vous pourrez consulter cette page quand ferez vos choix.<\/p>\n<\/div>\n<p>[\/vc_column_text][\/vc_column][\/vc_row]<\/p>\n","protected":false},"excerpt":{"rendered":"<p>[vc_row css=\u00a0\u00bb.vc_custom_1662991067440{padding-bottom: 20px !important;}\u00a0\u00bb el_class=\u00a0\u00bbHPE-hidden-icons\u00a0\u00bb][vc_column width=\u00a0\u00bb1\/2&Prime;][vc_column_text] Vous d\u00e9cidez comment investir les sommes accumul\u00e9es dans vos comptes CD, REER collectif, REER de conjoint ou compte non enregistr\u00e9, en choisissant parmi un \u00e9ventail de v\u00e9hicules de placement g\u00e9r\u00e9s par des professionnels. Chacun de ces v\u00e9hicules est assorti d\u2019un style de gestion, d\u2019un [&hellip;]<\/p>\n","protected":false},"author":1,"featured_media":0,"parent":6806,"menu_order":0,"comment_status":"closed","ping_status":"closed","template":"","meta":{"footnotes":""},"class_list":["post-6809","page","type-page","status-publish","hentry"],"aioseo_notices":[],"jetpack_sharing_enabled":true,"_links":{"self":[{"href":"https:\/\/hpe-benefits.seb-admin.com\/fr\/wp-json\/wp\/v2\/pages\/6809","targetHints":{"allow":["GET"]}}],"collection":[{"href":"https:\/\/hpe-benefits.seb-admin.com\/fr\/wp-json\/wp\/v2\/pages"}],"about":[{"href":"https:\/\/hpe-benefits.seb-admin.com\/fr\/wp-json\/wp\/v2\/types\/page"}],"author":[{"embeddable":true,"href":"https:\/\/hpe-benefits.seb-admin.com\/fr\/wp-json\/wp\/v2\/users\/1"}],"replies":[{"embeddable":true,"href":"https:\/\/hpe-benefits.seb-admin.com\/fr\/wp-json\/wp\/v2\/comments?post=6809"}],"version-history":[{"count":11,"href":"https:\/\/hpe-benefits.seb-admin.com\/fr\/wp-json\/wp\/v2\/pages\/6809\/revisions"}],"predecessor-version":[{"id":7808,"href":"https:\/\/hpe-benefits.seb-admin.com\/fr\/wp-json\/wp\/v2\/pages\/6809\/revisions\/7808"}],"up":[{"embeddable":true,"href":"https:\/\/hpe-benefits.seb-admin.com\/fr\/wp-json\/wp\/v2\/pages\/6806"}],"wp:attachment":[{"href":"https:\/\/hpe-benefits.seb-admin.com\/fr\/wp-json\/wp\/v2\/media?parent=6809"}],"curies":[{"name":"wp","href":"https:\/\/api.w.org\/{rel}","templated":true}]}}