{"id":6806,"date":"2022-10-12T18:56:14","date_gmt":"2022-10-12T18:56:14","guid":{"rendered":"https:\/\/hpe-benefits.seb-admin.com\/?page_id=6806"},"modified":"2024-03-20T22:47:27","modified_gmt":"2024-03-20T22:47:27","slug":"programme-depargne-et-de-retraite-hpe","status":"publish","type":"page","link":"https:\/\/hpe-benefits.seb-admin.com\/fr\/programme-depargne-et-de-retraite-hpe\/","title":{"rendered":"Programme d&rsquo;\u00e9pargne et de retraite HPE"},"content":{"rendered":"<p>[vc_row css=\u00a0\u00bb.vc_custom_1662563885159{padding-bottom: 30px !important;}\u00a0\u00bb el_class=\u00a0\u00bbwhats-new-section1 hidden-icon-list-wrapper\u00a0\u00bb][vc_column width=\u00a0\u00bb1\/2&Prime; el_class=\u00a0\u00bbHPE-RRSP-Sec1&Prime;][vc_column_text]Le programme d\u2019\u00e9pargne et de retraite de HPE est un \u00e9l\u00e9ment important de la planification de votre retraite. Combin\u00e9 aux prestations d\u2019\u00c9tat et \u00e0 votre \u00e9pargne personnelle, il pourra vous aider \u00e0 assurer votre s\u00e9curit\u00e9 financi\u00e8re future. Apprenez-en plus sur le fonctionnement du <a href=\"https:\/\/indd.adobe.com\/view\/ee573238-6421-47a3-a453-030391523ef5\" target=\"_blank\" rel=\"noopener\"><strong>programme<\/strong><\/a>.[\/vc_column_text][vc_column_text]<\/p>\n<h2 class=\"HPE-head-level1\">R\u00e9gime enregistr\u00e9 d\u2019\u00e9pargne-retraite collectif (REER collectif)<\/h2>\n<p>Ce r\u00e9gime est un REER collectif parrain\u00e9 par l\u2019entreprise et administr\u00e9 par la Sun Life. Les cotisations au REER collectif de HPE sont faites par retenues salariales et fructifient \u00e0 l\u2019abri de l\u2019imp\u00f4t jusqu\u2019\u00e0 leur retrait. Rendez-vous sur le site de la <a href=\"https:\/\/mylogin.hpe.com\/home\/hpe_202376hpitsunlifepensionenteproduction_1\/0oaah8dgo323Drm1k697\/alnah9dukyTGlPSvP697\" target=\"_blank\" rel=\"noopener\"><strong>Sun Life<\/strong><\/a> en tout temps pour modifier votre taux de cotisation au REER collectif de HPE ou mettre \u00e0 jour votre plafond de cotisation \u00e0 un REER.<\/p>\n<p class=\"x_MsoNormal\"><span lang=\"FR\">Le REER collectif de HPE est administr\u00e9 par la Sun Life. Veuillez pr\u00e9ciser vos droits de cotisation REER aupr\u00e8s de la Sun Life \u00e0 masunlife.ca ou en appelant au 1-844-546-6488, du lundi au vendredi, entre 8 h et 20 h. Si vous avez besoin d\u2019assistance pour d\u00e9terminer vos droits de cotisation, visitez le site Web de l\u2019Agence du revenu du Canada (ARC).<\/span><\/p>\n<p class=\"x_MsoNormal\"><span lang=\"FR\">Toute cotisation qui d\u00e9passe votre plafond de cotisation REER sera automatiquement d\u00e9pos\u00e9e dans votre compte d\u2019\u00e9pargne non enregistr\u00e9.<\/span><\/p>\n<p>[\/vc_column_text][vc_column_text]<\/p>\n<h2 class=\"HPE-head-level1\">Allocation des cr\u00e9dits exc\u00e9dentaires au REER collectif<\/h2>\n<p>Vous pouvez allouer vos <strong>cr\u00e9dits exc\u00e9dentaires <\/strong>au REER collectif lors de votre adh\u00e9sion annuelle. Apprenez-en plus dans l\u2019<strong>Outil d\u2019adh\u00e9sion aux avantages sociaux de HPE<\/strong> &gt; Affectation des cr\u00e9dits exc\u00e9dentaires &gt; REER collectif. Acc\u00e8s \u00e0 l\u2019<strong>Outil d\u2019adh\u00e9sion aux avantages sociaux de HPE<\/strong> \u00e0 partir d\u2019<a href=\"https:\/\/mylogin.hpe.com\/home\/hpe_208599hpitseb_1\/0oaakstva00tVBxv8697\/alnaktfuwjTyLCPQ1697\" target=\"_blank\" rel=\"noopener\"><strong>Avantages Connect HPE<\/strong><\/a>[\/vc_column_text]<div class=\"vntd-icon-list icon-list-simple icon-list-basic icon-list-color-accent\"><ul class=\"icon-list\"><li><i class=\"fas fa-info-circle color-accent\"><\/i><\/li><\/ul><\/div>[\/vc_column][vc_column width=\u00a0\u00bb1\/2&Prime;][vc_single_image image=\u00a0\u00bb6230&Prime; alignment=\u00a0\u00bbcenter\u00a0\u00bb][vc_column_text]<\/p>\n<div class=\"HPE-important-notice\">\n<p><strong>Le saviez-vous?<\/strong> HPE verse un montant \u00e9gal \u00e0 la premi\u00e8re tranche de 5\u00a0% de votre salaire admissible que vous cotisez au programme.<\/p>\n<\/div>\n<p>[\/vc_column_text][\/vc_column][\/vc_row][vc_row css=\u00a0\u00bb.vc_custom_1661887486179{padding-bottom: 40px !important;}\u00a0\u00bb][vc_column][\/vc_column][\/vc_row][vc_row css=\u00a0\u00bb.vc_custom_1661887503056{padding-bottom: 40px !important;}\u00a0\u00bb][vc_column][\/vc_column][\/vc_row]<\/p>\n","protected":false},"excerpt":{"rendered":"<p>[vc_row css=\u00a0\u00bb.vc_custom_1662563885159{padding-bottom: 30px !important;}\u00a0\u00bb el_class=\u00a0\u00bbwhats-new-section1 hidden-icon-list-wrapper\u00a0\u00bb][vc_column width=\u00a0\u00bb1\/2&Prime; el_class=\u00a0\u00bbHPE-RRSP-Sec1&Prime;][vc_column_text]Le programme d\u2019\u00e9pargne et de retraite de HPE est un \u00e9l\u00e9ment important de la planification de votre retraite. Combin\u00e9 aux prestations d\u2019\u00c9tat et \u00e0 votre \u00e9pargne personnelle, il pourra vous aider \u00e0 assurer votre s\u00e9curit\u00e9 financi\u00e8re future. Apprenez-en plus sur le fonctionnement du [&hellip;]<\/p>\n","protected":false},"author":1,"featured_media":0,"parent":0,"menu_order":0,"comment_status":"closed","ping_status":"closed","template":"","meta":{"footnotes":""},"class_list":["post-6806","page","type-page","status-publish","hentry"],"aioseo_notices":[],"jetpack_sharing_enabled":true,"_links":{"self":[{"href":"https:\/\/hpe-benefits.seb-admin.com\/fr\/wp-json\/wp\/v2\/pages\/6806","targetHints":{"allow":["GET"]}}],"collection":[{"href":"https:\/\/hpe-benefits.seb-admin.com\/fr\/wp-json\/wp\/v2\/pages"}],"about":[{"href":"https:\/\/hpe-benefits.seb-admin.com\/fr\/wp-json\/wp\/v2\/types\/page"}],"author":[{"embeddable":true,"href":"https:\/\/hpe-benefits.seb-admin.com\/fr\/wp-json\/wp\/v2\/users\/1"}],"replies":[{"embeddable":true,"href":"https:\/\/hpe-benefits.seb-admin.com\/fr\/wp-json\/wp\/v2\/comments?post=6806"}],"version-history":[{"count":10,"href":"https:\/\/hpe-benefits.seb-admin.com\/fr\/wp-json\/wp\/v2\/pages\/6806\/revisions"}],"predecessor-version":[{"id":7585,"href":"https:\/\/hpe-benefits.seb-admin.com\/fr\/wp-json\/wp\/v2\/pages\/6806\/revisions\/7585"}],"wp:attachment":[{"href":"https:\/\/hpe-benefits.seb-admin.com\/fr\/wp-json\/wp\/v2\/media?parent=6806"}],"curies":[{"name":"wp","href":"https:\/\/api.w.org\/{rel}","templated":true}]}}