{"id":6783,"date":"2022-10-11T18:59:13","date_gmt":"2022-10-11T18:59:13","guid":{"rendered":"https:\/\/hpe-benefits.seb-admin.com\/?page_id=6783"},"modified":"2024-02-16T18:02:22","modified_gmt":"2024-02-16T18:02:22","slug":"faits-saillants-du-programme","status":"publish","type":"page","link":"https:\/\/hpe-benefits.seb-admin.com\/fr\/programme-depargne-et-de-retraite-hpe\/faits-saillants-du-programme\/","title":{"rendered":"Faits saillants du programme"},"content":{"rendered":"<p>[vc_row css=\u00a0\u00bb.vc_custom_1657223677205{padding-bottom: 20px !important;}\u00a0\u00bb el_class=\u00a0\u00bbwhats-new-section1 hidden-icon-list-wrapper\u00a0\u00bb][vc_column width=\u00a0\u00bb1\/2&Prime; el_class=\u00a0\u00bbwhats-new-section1-text\u00a0\u00bb][vc_column_text]Que votre retraite approche ou qu\u2019elle soit encore loin, une planification minutieuse est essentielle pour atteindre vos objectifs. HPE s\u2019est engag\u00e9e \u00e0 vous aider \u00e0 \u00e9pargner au moyen de son programme d\u2019\u00e9pargne et de retraite.<\/p>\n<h2 class=\"HPE-head-level1\">Faits saillants du programme d\u2019\u00e9pargne et de retraite<\/h2>\n<p>D\u00e9couvrez tout ce qu\u2019il y a \u00e0 savoir sur les r\u00e9gimes de retraite de HPE dans la pr\u00e9sentation <a href=\"https:\/\/indd.adobe.com\/view\/ee573238-6421-47a3-a453-030391523ef5\" target=\"_blank\" rel=\"noopener\"><strong>Faits saillants du programme d\u2019\u00e9pargne et de retraite<\/strong><\/a>. Vous pouvez lire la description compl\u00e8te du programme, ou consulter uniquement les sections qui vous int\u00e9ressent. Gr\u00e2ce \u00e0 cette pr\u00e9sentation, renseignez-vous sur la contrepartie de l\u2019entreprise ou vos options de placement, regardez une s\u00e9rie de vid\u00e9os \u00e9ducatives, ou examinez les ressources suppl\u00e9mentaires qui peuvent vous aider.<\/p>\n<p>Appelez la Sun Life au 1-844-546-6488, du lundi au vendredi, entre 8\u00a0h et 20\u00a0h, si vous voulez\u2026<\/p>\n<div class=\"CAE-EEE-checklist vntd-icon-list icon-list-simple icon-list-basic icon-list-color-accent\">\n<ul class=\"icon-list\">\n<li><i class=\"fas fa-check color-accent\"><\/i>v\u00e9rifier le solde de vos comptes<\/li>\n<li><i class=\"fas fa-check color-accent\"><\/i>consulter l\u2019historique de vos transactions<\/li>\n<li><i class=\"fas fa-check color-accent\"><\/i>modifier vos comptes<\/li>\n<li><i class=\"fas fa-check color-accent\"><\/i>faire des recherches sur diff\u00e9rents <a href=\"https:\/\/mylogin.hpe.com\/home\/hpe_202376hpitsunlifepensionenteproduction_1\/0oaah8dgo323Drm1k697\/alnah9dukyTGlPSvP697\" target=\"_blank\" rel=\"noopener\" aria-label=\"This link opens external HPE connect portal in new tab\"><strong>placements<\/strong><\/a><\/li>\n<\/ul>\n<\/div>\n<p>[\/vc_column_text]<div class=\"vntd-icon-list icon-list-simple icon-list-basic icon-list-color-accent\"><ul class=\"icon-list\"><li><i class=\"fas fa-info-circle color-accent\"><\/i><\/li><\/ul><\/div>[\/vc_column][vc_column width=\u00a0\u00bb1\/2&Prime; el_class=\u00a0\u00bbCAE-BP-programs DBPP-img\u00a0\u00bb][vc_single_image image=\u00a0\u00bb6289&Prime; alignment=\u00a0\u00bbcenter\u00a0\u00bb][vc_column_text]<\/p>\n<div class=\"HPE-important-notice\">\n<p><span class=\"tip-head\"><strong>Le saviez-vous? <\/strong>Vous avez acc\u00e8s \u00e0 myFITage, un outil de mieux-\u00eatre financier qui vous aide \u00e0 acqu\u00e9rir votre ind\u00e9pendance financi\u00e8re \u00e0 vos propres conditions. Il vous fournit des analyses imm\u00e9diates personnalis\u00e9es refl\u00e9tant votre situation. D\u00e9couvrez <a href=\"https:\/\/mylogin.hpe.com\/home\/hpe_209874hpitfige_1\/0oaaksophpTJVQt2u697\/alnaktgp0kE4Af5kT697\" target=\"_blank\" rel=\"noopener\"><strong>l\u2019outil<\/strong><\/a>.<\/span><\/p>\n<\/div>\n<p>[\/vc_column_text][\/vc_column][\/vc_row]<\/p>\n","protected":false},"excerpt":{"rendered":"<p>[vc_row css=\u00a0\u00bb.vc_custom_1657223677205{padding-bottom: 20px !important;}\u00a0\u00bb el_class=\u00a0\u00bbwhats-new-section1 hidden-icon-list-wrapper\u00a0\u00bb][vc_column width=\u00a0\u00bb1\/2&Prime; el_class=\u00a0\u00bbwhats-new-section1-text\u00a0\u00bb][vc_column_text]Que votre retraite approche ou qu\u2019elle soit encore loin, une planification minutieuse est essentielle pour atteindre vos objectifs. HPE s\u2019est engag\u00e9e \u00e0 vous aider \u00e0 \u00e9pargner au moyen de son programme d\u2019\u00e9pargne et de retraite. Faits saillants du programme d\u2019\u00e9pargne et de retraite [&hellip;]<\/p>\n","protected":false},"author":1,"featured_media":0,"parent":6806,"menu_order":0,"comment_status":"closed","ping_status":"closed","template":"","meta":{"footnotes":""},"class_list":["post-6783","page","type-page","status-publish","hentry"],"aioseo_notices":[],"jetpack_sharing_enabled":true,"_links":{"self":[{"href":"https:\/\/hpe-benefits.seb-admin.com\/fr\/wp-json\/wp\/v2\/pages\/6783","targetHints":{"allow":["GET"]}}],"collection":[{"href":"https:\/\/hpe-benefits.seb-admin.com\/fr\/wp-json\/wp\/v2\/pages"}],"about":[{"href":"https:\/\/hpe-benefits.seb-admin.com\/fr\/wp-json\/wp\/v2\/types\/page"}],"author":[{"embeddable":true,"href":"https:\/\/hpe-benefits.seb-admin.com\/fr\/wp-json\/wp\/v2\/users\/1"}],"replies":[{"embeddable":true,"href":"https:\/\/hpe-benefits.seb-admin.com\/fr\/wp-json\/wp\/v2\/comments?post=6783"}],"version-history":[{"count":10,"href":"https:\/\/hpe-benefits.seb-admin.com\/fr\/wp-json\/wp\/v2\/pages\/6783\/revisions"}],"predecessor-version":[{"id":7516,"href":"https:\/\/hpe-benefits.seb-admin.com\/fr\/wp-json\/wp\/v2\/pages\/6783\/revisions\/7516"}],"up":[{"embeddable":true,"href":"https:\/\/hpe-benefits.seb-admin.com\/fr\/wp-json\/wp\/v2\/pages\/6806"}],"wp:attachment":[{"href":"https:\/\/hpe-benefits.seb-admin.com\/fr\/wp-json\/wp\/v2\/media?parent=6783"}],"curies":[{"name":"wp","href":"https:\/\/api.w.org\/{rel}","templated":true}]}}