{"id":6782,"date":"2022-10-11T18:58:59","date_gmt":"2022-10-11T18:58:59","guid":{"rendered":"https:\/\/hpe-benefits.seb-admin.com\/?page_id=6782"},"modified":"2025-10-09T13:53:30","modified_gmt":"2025-10-09T13:53:30","slug":"ouverture-de-vos-comptes-reer","status":"publish","type":"page","link":"https:\/\/hpe-benefits.seb-admin.com\/fr\/programme-depargne-et-de-retraite-hpe\/ouverture-de-vos-comptes-reer\/","title":{"rendered":"Ouverture de vos comptes REER"},"content":{"rendered":"<p>[vc_row css=\u00a0\u00bb.vc_custom_1662991067440{padding-bottom: 20px !important;}\u00a0\u00bb el_class=\u00a0\u00bbHPE-hidden-icons\u00a0\u00bb][vc_column width=\u00a0\u00bb1\/2&Prime;][vc_column_text]<\/p>\n<div class=\"HPE-setting-up-account-sec\">\n<p>Avant de pouvoir cotiser au programme d\u2019\u00e9pargne et de retraite collectif de HPE, vous devez ouvrir vos comptes aupr\u00e8s de la Sun Life. Allez sur le site de la <a href=\"https:\/\/mylogin.hpe.com\/home\/hpe_202376hpitsunlifepensionenteproduction_1\/0oaah8dgo323Drm1k697\/alnah9dukyTGlPSvP697\" target=\"_blank\" rel=\"noopener\"><strong>Sun Life<\/strong><\/a>\u202f:<\/p>\n<div class=\"vntd-icon-list icon-list-simple icon-list-basic icon-list-color-accent\">\n<ul class=\"icon-list\">\n<li><i class=\"fas fa-check color-accent\"><\/i>Sur la page d\u2019accueil, cliquez sur <strong>Inscrivez-vous maintenant<\/strong> puis sur <strong>Inscription \u2013 r\u00e9gime de retraite<\/strong>.<\/li>\n<li><i class=\"fas fa-check color-accent\"><\/i>Inscrivez votre date de naissance, votre pays de r\u00e9sidence et votre code postal.<\/li>\n<li><i class=\"fas fa-check color-accent\"><\/i>Inscrivez le num\u00e9ro de compte qui appara\u00eet sur votre lettre de bienvenue, envoy\u00e9e \u00e0 la suite de votre adh\u00e9sion initiale aux avantages sociaux.<\/li>\n<li><i class=\"fas fa-check color-accent\"><\/i>Suivez les instructions sur les \u00e9crans subs\u00e9quents.<\/li>\n<\/ul>\n<\/div>\n<p>Le site de la Sun Life vous fournira un code d\u2019acc\u00e8s lorsque vous aurez effectu\u00e9 votre inscription. Vous recevrez votre mot de passe par la poste.<\/p>\n<\/div>\n<p>[\/vc_column_text][vc_column_text]<a class=\"btn hpe-button\" href=\"https:\/\/mylogin.hpe.com\/home\/hpe_202376hpitsunlifepensionenteproduction_1\/0oaah8dgo323Drm1k697\/alnah9dukyTGlPSvP697\" target=\"_blank\" rel=\"noopener\">Acc\u00e8s \u00e0 la Sun Life<\/a>[\/vc_column_text]<div class=\"vntd-icon-list icon-list-simple icon-list-basic icon-list-color-gray\"><ul class=\"icon-list\"><li><i class=\"fas fa-info-circle color-gray\"><\/i><\/li><\/ul><\/div>[\/vc_column][vc_column width=\u00a0\u00bb1\/2&Prime; el_class=\u00a0\u00bbCAE-BP-programs DBPP-img\u00a0\u00bb][vc_single_image image=\u00a0\u00bb7717&Prime; alignment=\u00a0\u00bbcenter\u00a0\u00bb css=\u00a0\u00bb.vc_custom_1760018008295{padding-right: 20px !important;padding-bottom: 40px !important;padding-left: 20px !important;}\u00a0\u00bb][\/vc_column][\/vc_row][vc_row el_class=\u00a0\u00bbHPE-hidden-icons HPE-FAQ-section\u00a0\u00bb][vc_column][vc_column_text]<\/p>\n<h2 class=\"HPE-head-level1\">Ouverture de vos comptes<\/h2>\n<div class=\"vntd-icon-list icon-list-simple icon-list-basic icon-list-color-accent\">\n<ul class=\"icon-list\">\n<li><i class=\"fas fa-check color-accent\"><\/i>Lorsque vous \u00eates pr\u00eat \u00e0 ouvrir un compte, cliquez sur l\u2019onglet <strong>Demandes<\/strong>, puis sur <strong>Adh\u00e9sion<\/strong>.<\/li>\n<li><i class=\"fas fa-check color-accent\"><\/i>Inscrivez les donn\u00e9es demand\u00e9es dans les diff\u00e9rents champs et \u00e9crans.\u00a0L\u2019outil d\u2019adh\u00e9sion vous guidera d\u2019un \u00e9cran \u00e0 l\u2019autre.<\/li>\n<li><i class=\"fas fa-check color-accent\"><\/i>\u00c0 la fin du processus d\u2019adh\u00e9sion en ligne, l\u2019\u00e9cran <strong>Revoir et envoyer<\/strong> s\u2019affichera.<\/li>\n<li><i class=\"fas fa-check color-accent\"><\/i>Suivez les \u00e9tapes d\u00e9taill\u00e9es dans la section Liste de v\u00e9rification pour l\u2019adh\u00e9sion. Pour valider votre d\u00e9signation de b\u00e9n\u00e9ficiaire en ligne, vous devez imprimer la d\u00e9signation, la signer et l\u2019envoyer \u00e0 la Sun Life.<\/li>\n<li><i class=\"fas fa-check color-accent\"><\/i>Lorsque vous aurez termin\u00e9 toutes les \u00e9tapes, cliquez sur <strong>Envoyer<\/strong>. Ensuite, vous pouvez quitter le site Web.<\/li>\n<li><i class=\"fas fa-check color-accent\"><\/i>Vous recevrez un code d\u2019acc\u00e8s et un mot de passe personnels apr\u00e8s avoir effectu\u00e9 votre inscription.<\/li>\n<li><i class=\"fas fa-check color-accent\"><\/i>Rendez-vous sur le site de la Sun Life n\u2019importe quand pour consulter le solde de vos comptes ou modifier vos placements. Par ailleurs, vous n\u2019avez pas \u00e0 attendre la p\u00e9riode d\u2019adh\u00e9sion annuelle pour changer votre taux de cotisation\u202f. Vous pouvez le faire en tout temps sur le site de la <a href=\"https:\/\/mylogin.hpe.com\/home\/hpe_202376hpitsunlifepensionenteproduction_1\/0oaah8dgo323Drm1k697\/alnah9dukyTGlPSvP697\" target=\" _blank\" rel=\"noopener\"><strong>Sun Life<\/strong><\/a>. Choisissez Mon plan &gt; Versements &gt; Cotisations par retenues salariales.<\/li>\n<\/ul>\n<\/div>\n<p>[\/vc_column_text]<div class=\"vntd-icon-list icon-list-simple icon-list-basic icon-list-color-gray\"><ul class=\"icon-list\"><li><i class=\"fas fa-info-circle color-gray\"><\/i><\/li><\/ul><\/div>[\/vc_column][\/vc_row]<\/p>\n","protected":false},"excerpt":{"rendered":"<p>[vc_row css=\u00a0\u00bb.vc_custom_1662991067440{padding-bottom: 20px !important;}\u00a0\u00bb el_class=\u00a0\u00bbHPE-hidden-icons\u00a0\u00bb][vc_column width=\u00a0\u00bb1\/2&Prime;][vc_column_text] Avant de pouvoir cotiser au programme d\u2019\u00e9pargne et de retraite collectif de HPE, vous devez ouvrir vos comptes aupr\u00e8s de la Sun Life. Allez sur le site de la Sun Life\u202f: Sur la page d\u2019accueil, cliquez sur Inscrivez-vous maintenant puis sur Inscription \u2013 r\u00e9gime [&hellip;]<\/p>\n","protected":false},"author":1,"featured_media":0,"parent":6806,"menu_order":0,"comment_status":"closed","ping_status":"closed","template":"","meta":{"footnotes":""},"class_list":["post-6782","page","type-page","status-publish","hentry"],"aioseo_notices":[],"jetpack_sharing_enabled":true,"_links":{"self":[{"href":"https:\/\/hpe-benefits.seb-admin.com\/fr\/wp-json\/wp\/v2\/pages\/6782","targetHints":{"allow":["GET"]}}],"collection":[{"href":"https:\/\/hpe-benefits.seb-admin.com\/fr\/wp-json\/wp\/v2\/pages"}],"about":[{"href":"https:\/\/hpe-benefits.seb-admin.com\/fr\/wp-json\/wp\/v2\/types\/page"}],"author":[{"embeddable":true,"href":"https:\/\/hpe-benefits.seb-admin.com\/fr\/wp-json\/wp\/v2\/users\/1"}],"replies":[{"embeddable":true,"href":"https:\/\/hpe-benefits.seb-admin.com\/fr\/wp-json\/wp\/v2\/comments?post=6782"}],"version-history":[{"count":10,"href":"https:\/\/hpe-benefits.seb-admin.com\/fr\/wp-json\/wp\/v2\/pages\/6782\/revisions"}],"predecessor-version":[{"id":7812,"href":"https:\/\/hpe-benefits.seb-admin.com\/fr\/wp-json\/wp\/v2\/pages\/6782\/revisions\/7812"}],"up":[{"embeddable":true,"href":"https:\/\/hpe-benefits.seb-admin.com\/fr\/wp-json\/wp\/v2\/pages\/6806"}],"wp:attachment":[{"href":"https:\/\/hpe-benefits.seb-admin.com\/fr\/wp-json\/wp\/v2\/media?parent=6782"}],"curies":[{"name":"wp","href":"https:\/\/api.w.org\/{rel}","templated":true}]}}