{"id":6779,"date":"2022-10-11T18:57:04","date_gmt":"2022-10-11T18:57:04","guid":{"rendered":"https:\/\/hpe-benefits.seb-admin.com\/?page_id=6779"},"modified":"2024-03-20T22:45:38","modified_gmt":"2024-03-20T22:45:38","slug":"modification-de-vos-protections","status":"publish","type":"page","link":"https:\/\/hpe-benefits.seb-admin.com\/fr\/nouveautes\/modification-de-vos-protections\/","title":{"rendered":"Modification de vos protections"},"content":{"rendered":"<p>[vc_row css=\u00a0\u00bb.vc_custom_1661885459934{padding-bottom: 20px !important;}\u00a0\u00bb el_class=\u00a0\u00bbHPE-hidden-icons\u00a0\u00bb][vc_column width=\u00a0\u00bb2\/3&Prime; el_class=\u00a0\u00bbwhats-new-section1-text\u00a0\u00bb][vc_column_text]Vous pouvez modifier vos renseignements personnels et les donn\u00e9es sur vos b\u00e9n\u00e9ficiaires en tout temps. Vous pouvez modifier vos protections chaque ann\u00e9e pendant la p\u00e9riode d\u2019adh\u00e9sion. Quand vous vivez un <strong>\u00e9v\u00e9nement marquant<\/strong> admissible en cours d\u2019ann\u00e9e, vous pouvez changer votre cat\u00e9gorie de couverture et vos options de couverture.<\/p>\n<h2 class=\"HPE-head-level1\">\u00c9v\u00e9nements marquants<\/h2>\n<p>Un \u00e9v\u00e9nement marquant peut influencer directement vos besoins en assurances et constitue une occasion de modifier votre couverture. Apr\u00e8s un \u00e9v\u00e9nement marquant admissible, vous disposez de 60\u00a0jours pour changer vos protections. Vous pouvez assurer de nouvelles personnes \u00e0 charge (voir <strong>Personnes \u00e0 charge<\/strong> dans l\u2019<strong>Outil d\u2019adh\u00e9sion aux avantages sociaux de HPE<\/strong> pour une d\u00e9finition des personnes \u00e0 charge admissibles); vous pouvez aussi renouveler votre adh\u00e9sion et modifier vos protections. Acc\u00e8s \u00e0 l\u2019<strong>Outil d\u2019adh\u00e9sion aux avantages sociaux de HPE<\/strong> \u00e0 partir d\u2019<a href=\"https:\/\/mylogin.hpe.com\/home\/hpe_208599hpitseb_1\/0oaakstva00tVBxv8697\/alnaktfuwjTyLCPQ1697\" target=\"_blank\" rel=\"noopener\"><strong>Avantages Connect HPE<\/strong><\/a>.<\/p>\n<p>\u00c9v\u00e9nements marquants admissibles :<\/p>\n<div class=\"vntd-icon-list icon-list-simple icon-list-basic icon-list-color-accent\">\n<ul class=\"icon-list\">\n<li><i class=\"fas fa-check color-accent\"><\/i>Nouveau conjoint (mariage ou union de fait)<\/li>\n<li><i class=\"fas fa-check color-accent\"><\/i>Naissance ou adoption d\u2019un enfant<\/li>\n<li><i class=\"fas fa-check color-accent\"><\/i>Divorce\/s\u00e9paration\/fin d\u2019une union de fait<\/li>\n<li><i class=\"fas fa-check color-accent\"><\/i>D\u00e9c\u00e8s du conjoint<\/li>\n<li><i class=\"fas fa-check color-accent\"><\/i>Ajout ou perte de la protection en vertu du r\u00e9gime du conjoint<\/li>\n<li><i class=\"fas fa-check color-accent\"><\/i>D\u00e9c\u00e8s d\u2019un enfant; d\u00e9but ou fin de l\u2019admissibilit\u00e9 d\u2019un enfant \u00e0 la couverture<\/li>\n<li><i class=\"fas fa-check color-accent\"><\/i>D\u00e9m\u00e9nagement du\/au Qu\u00e9bec<\/li>\n<\/ul>\n<\/div>\n<p>Quand vos changements sont faits, vous pouvez imprimer un relev\u00e9 de confirmation de vos choix. L\u2019analyse de vos demandes de r\u00e8glement et les paiements effectu\u00e9s tiendront compte des protections en vigueur, jusqu\u2019\u00e0 ce que les changements demand\u00e9s soient trait\u00e9s.<\/p>\n<p>N\u2019oubliez pas que vous devrez peut-\u00eatre aussi modifier vos renseignements personnels \u00e0 la suite de l\u2019\u00e9v\u00e9nement marquant. Pour ce faire, communiquez avec le Centre des avantages sociaux de HPE au 1-844-546-6488 (option 1) ou au moyen du portail HPE.<\/p>\n<p>Pour en savoir plus sur les \u00e9v\u00e9nements marquants, voyez les <a href=\"https:\/\/hpe-benefits.seb-admin.com\/fr\/faq\/#un-changement-dans-votre-vie\"><strong>FAQ<\/strong><\/a>.[\/vc_column_text]<div class=\"vntd-icon-list icon-list-simple icon-list-basic icon-list-color-gray\"><ul class=\"icon-list\"><li><i class=\"far fa-circle color-gray\"><\/i><\/li><\/ul><\/div>[\/vc_column][vc_column width=\u00a0\u00bb1\/3&Prime; el_class=\u00a0\u00bbCAE-BP-programs GRPP-img\u00a0\u00bb][vc_single_image image=\u00a0\u00bb6240&Prime; alignment=\u00a0\u00bbcenter\u00a0\u00bb][\/vc_column][\/vc_row]<\/p>\n","protected":false},"excerpt":{"rendered":"<p>[vc_row css=\u00a0\u00bb.vc_custom_1661885459934{padding-bottom: 20px !important;}\u00a0\u00bb el_class=\u00a0\u00bbHPE-hidden-icons\u00a0\u00bb][vc_column width=\u00a0\u00bb2\/3&Prime; el_class=\u00a0\u00bbwhats-new-section1-text\u00a0\u00bb][vc_column_text]Vous pouvez modifier vos renseignements personnels et les donn\u00e9es sur vos b\u00e9n\u00e9ficiaires en tout temps. Vous pouvez modifier vos protections chaque ann\u00e9e pendant la p\u00e9riode d\u2019adh\u00e9sion. Quand vous vivez un \u00e9v\u00e9nement marquant admissible en cours d\u2019ann\u00e9e, vous pouvez changer votre cat\u00e9gorie de couverture et [&hellip;]<\/p>\n","protected":false},"author":1,"featured_media":0,"parent":3689,"menu_order":0,"comment_status":"closed","ping_status":"closed","template":"","meta":{"footnotes":""},"class_list":["post-6779","page","type-page","status-publish","hentry"],"aioseo_notices":[],"jetpack_sharing_enabled":true,"_links":{"self":[{"href":"https:\/\/hpe-benefits.seb-admin.com\/fr\/wp-json\/wp\/v2\/pages\/6779","targetHints":{"allow":["GET"]}}],"collection":[{"href":"https:\/\/hpe-benefits.seb-admin.com\/fr\/wp-json\/wp\/v2\/pages"}],"about":[{"href":"https:\/\/hpe-benefits.seb-admin.com\/fr\/wp-json\/wp\/v2\/types\/page"}],"author":[{"embeddable":true,"href":"https:\/\/hpe-benefits.seb-admin.com\/fr\/wp-json\/wp\/v2\/users\/1"}],"replies":[{"embeddable":true,"href":"https:\/\/hpe-benefits.seb-admin.com\/fr\/wp-json\/wp\/v2\/comments?post=6779"}],"version-history":[{"count":10,"href":"https:\/\/hpe-benefits.seb-admin.com\/fr\/wp-json\/wp\/v2\/pages\/6779\/revisions"}],"predecessor-version":[{"id":7584,"href":"https:\/\/hpe-benefits.seb-admin.com\/fr\/wp-json\/wp\/v2\/pages\/6779\/revisions\/7584"}],"up":[{"embeddable":true,"href":"https:\/\/hpe-benefits.seb-admin.com\/fr\/wp-json\/wp\/v2\/pages\/3689"}],"wp:attachment":[{"href":"https:\/\/hpe-benefits.seb-admin.com\/fr\/wp-json\/wp\/v2\/media?parent=6779"}],"curies":[{"name":"wp","href":"https:\/\/api.w.org\/{rel}","templated":true}]}}