{"id":6776,"date":"2022-10-11T18:56:41","date_gmt":"2022-10-11T18:56:41","guid":{"rendered":"https:\/\/hpe-benefits.seb-admin.com\/?page_id=6776"},"modified":"2024-02-16T22:26:51","modified_gmt":"2024-02-16T22:26:51","slug":"beneficiaires","status":"publish","type":"page","link":"https:\/\/hpe-benefits.seb-admin.com\/fr\/nouveautes\/beneficiaires\/","title":{"rendered":"B\u00e9n\u00e9ficiaires"},"content":{"rendered":"<p>[vc_row css=\u00a0\u00bb.vc_custom_1661885922298{padding-bottom: 20px !important;}\u00a0\u00bb el_class=\u00a0\u00bbHPE-hidden-icons\u00a0\u00bb][vc_column width=\u00a0\u00bb1\/2&Prime; el_class=\u00a0\u00bbwhats-new-section1-text\u00a0\u00bb][vc_column_text]Vos b\u00e9n\u00e9ficiaires peuvent \u00eatre d\u00e9sign\u00e9s \u00e9lectroniquement sur le site. Cela signifie que quand vous proc\u00e9dez \u00e0 une d\u00e9signation en ligne, il n\u2019est pas n\u00e9cessaire de soumettre un formulaire papier sign\u00e9 pour confirmer vos changements. Vous connecter au syst\u00e8me en utilisant vos donn\u00e9es d\u2019acc\u00e8s uniques constitue votre signature \u00e9lectronique.<\/p>\n<p>Voici quelques points \u00e0 consid\u00e9rer quand vous d\u00e9signez un b\u00e9n\u00e9ficiaire\u202f:<\/p>\n<div class=\"vntd-icon-list icon-list-simple icon-list-basic icon-list-color-accent\">\n<ul class=\"icon-list\">\n<li><i class=\"fas fa-check color-accent\"><\/i>S\u2019il s\u2019agit d\u2019un mineur, vous devez aussi nommer un fiduciaire.<\/li>\n<li><i class=\"fas fa-check color-accent\"><\/i>Votre d\u00e9signation est irr\u00e9vocable (employ\u00e9s du Qu\u00e9bec). Cela signifie que vous ne pouvez pas modifier ou supprimer les renseignements concernant un b\u00e9n\u00e9ficiaire d\u00e9sign\u00e9 comme irr\u00e9vocable, \u00e0 moins d\u2019obtenir au pr\u00e9alable son consentement \u00e9crit en utilisant le formulaire de renonciation. Si le b\u00e9n\u00e9ficiaire d\u00e9sign\u00e9 comme irr\u00e9vocable est mineur, vous devez attendre qu\u2019il atteigne l\u2019\u00e2ge de la majorit\u00e9 pour obtenir son consentement avant de modifier toute information le concernant. Si vous avez des questions ou si votre situation a chang\u00e9 (p. ex., apr\u00e8s un divorce), communiquez avec le Centre des avantages sociaux de HPE au 1-844-546-6488 (option 1).<\/li>\n<\/ul>\n<\/div>\n<p>Quand vous d\u00e9signez vos b\u00e9n\u00e9ficiaires, vos d\u00e9signations entrent imm\u00e9diatement en vigueur, puisqu\u2019il n\u2019est pas n\u00e9cessaire de soumettre de formulaire papier. S\u2019il vous faut de l\u2019aide pour choisir votre(vos) b\u00e9n\u00e9ficiaire(s), parlez-en \u00e0 un conseiller juridique ou financier ind\u00e9pendant qualifi\u00e9.<\/p>\n<p><a class=\"btn hpe-button\" href=\"https:\/\/mylogin.hpe.com\/home\/hpe_208599hpitseb_1\/0oaakstva00tVBxv8697\/alnaktfuwjTyLCPQ1697\" target=\"_blank\" rel=\"noopener\">Mettre \u00e0 jour vos b\u00e9n\u00e9ficiaires<\/a>[\/vc_column_text]<div class=\"vntd-icon-list icon-list-simple icon-list-basic icon-list-color-gray\"><ul class=\"icon-list\"><li><i class=\"fas fa-info-circle color-gray\"><\/i><\/li><\/ul><\/div>[\/vc_column][vc_column width=\u00a0\u00bb1\/2&Prime; el_class=\u00a0\u00bbHPE-sec-feature-image\u00a0\u00bb][vc_single_image image=\u00a0\u00bb6646&Prime; alignment=\u00a0\u00bbcenter\u00a0\u00bb][vc_column_text css=\u00a0\u00bb.vc_custom_1665610796429{padding-right: 30px !important;padding-left: 30px !important;}\u00a0\u00bb]<\/p>\n<div class=\"HPE-important-notice\">\n<p><strong>Qu\u2019arrive-t-il si je ne d\u00e9signe pas de b\u00e9n\u00e9ficiaire?<\/strong> Aucun b\u00e9n\u00e9ficiaire de votre assurance vie ne figurera au dossier; toute indemnit\u00e9 sera donc vers\u00e9e \u00e0 votre succession et soumise \u00e0 l\u2019imp\u00f4t.<\/p>\n<\/div>\n<p>[\/vc_column_text][\/vc_column][\/vc_row]<\/p>\n","protected":false},"excerpt":{"rendered":"<p>[vc_row css=\u00a0\u00bb.vc_custom_1661885922298{padding-bottom: 20px !important;}\u00a0\u00bb el_class=\u00a0\u00bbHPE-hidden-icons\u00a0\u00bb][vc_column width=\u00a0\u00bb1\/2&Prime; el_class=\u00a0\u00bbwhats-new-section1-text\u00a0\u00bb][vc_column_text]Vos b\u00e9n\u00e9ficiaires peuvent \u00eatre d\u00e9sign\u00e9s \u00e9lectroniquement sur le site. Cela signifie que quand vous proc\u00e9dez \u00e0 une d\u00e9signation en ligne, il n\u2019est pas n\u00e9cessaire de soumettre un formulaire papier sign\u00e9 pour confirmer vos changements. Vous connecter au syst\u00e8me en utilisant vos donn\u00e9es d\u2019acc\u00e8s uniques [&hellip;]<\/p>\n","protected":false},"author":1,"featured_media":0,"parent":3689,"menu_order":0,"comment_status":"closed","ping_status":"closed","template":"","meta":{"footnotes":""},"class_list":["post-6776","page","type-page","status-publish","hentry"],"aioseo_notices":[],"jetpack_sharing_enabled":true,"_links":{"self":[{"href":"https:\/\/hpe-benefits.seb-admin.com\/fr\/wp-json\/wp\/v2\/pages\/6776","targetHints":{"allow":["GET"]}}],"collection":[{"href":"https:\/\/hpe-benefits.seb-admin.com\/fr\/wp-json\/wp\/v2\/pages"}],"about":[{"href":"https:\/\/hpe-benefits.seb-admin.com\/fr\/wp-json\/wp\/v2\/types\/page"}],"author":[{"embeddable":true,"href":"https:\/\/hpe-benefits.seb-admin.com\/fr\/wp-json\/wp\/v2\/users\/1"}],"replies":[{"embeddable":true,"href":"https:\/\/hpe-benefits.seb-admin.com\/fr\/wp-json\/wp\/v2\/comments?post=6776"}],"version-history":[{"count":7,"href":"https:\/\/hpe-benefits.seb-admin.com\/fr\/wp-json\/wp\/v2\/pages\/6776\/revisions"}],"predecessor-version":[{"id":7527,"href":"https:\/\/hpe-benefits.seb-admin.com\/fr\/wp-json\/wp\/v2\/pages\/6776\/revisions\/7527"}],"up":[{"embeddable":true,"href":"https:\/\/hpe-benefits.seb-admin.com\/fr\/wp-json\/wp\/v2\/pages\/3689"}],"wp:attachment":[{"href":"https:\/\/hpe-benefits.seb-admin.com\/fr\/wp-json\/wp\/v2\/media?parent=6776"}],"curies":[{"name":"wp","href":"https:\/\/api.w.org\/{rel}","templated":true}]}}