{"id":6729,"date":"2022-09-23T13:49:53","date_gmt":"2022-09-23T13:49:53","guid":{"rendered":"https:\/\/hpe-benefits.seb-admin.com\/?page_id=6729"},"modified":"2025-10-31T17:45:51","modified_gmt":"2025-10-31T17:45:51","slug":"annual-enrollment","status":"publish","type":"page","link":"https:\/\/hpe-benefits.seb-admin.com\/fr\/annual-enrollment\/","title":{"rendered":"Adh\u00e9sion annuelle"},"content":{"rendered":"<p>[vc_row css=\u00a0\u00bb.vc_custom_1662993120529{padding-bottom: 20px !important;}\u00a0\u00bb el_class=\u00a0\u00bbHPE-hidden-icons\u00a0\u00bb][vc_column width=\u00a0\u00bb1\/2&Prime; el_class=\u00a0\u00bbwhats-new-section1-text AE-section-1&Prime; el_id=\u00a0\u00bbAE-section-1&Prime;][vc_column_text]<\/p>\n<div class=\"CAE-beneficiaries-section\">\n<p>La p\u00e9riode d\u2019adh\u00e9sion annuelle de HPE Canada est votre occasion de choisir la couverture qu\u2019il vous faut pour l\u2019ann\u00e9e \u00e0 venir. Vos choix seront en vigueur du 1<sup>er<\/sup>\u00a0janvier au 31\u00a0d\u00e9cembre de l\u2019ann\u00e9e \u00e0 venir.<\/p>\n<p>Tout d\u2019abord, consultez la nouvelle <a href=\"https:\/\/hpe-benefits.seb-admin.com\/wp-content\/uploads\/2025\/10\/HPE-Newsletter-2026_FRE-Oct-27-2025_FINAL.pdf\" target=\"_blank\" rel=\"noopener\" aria-label=\"This link opens Infolettre sur l\u2019adh\u00e9sion annuelle de HPE pour 2025\"><u>l\u2019<\/u><strong><u>Infolettre sur l\u2019adh\u00e9sion annuelle de HPE pour 2026<\/u><\/strong><\/a>, <a href=\"https:\/\/hpe-benefits.seb-admin.com\/wp-content\/uploads\/2025\/09\/HPE-AE-2026_BAAG_FRE_Sept-3-2025.pdf\" target=\"_blank\" rel=\"noopener\" aria-label=\"This link opens external HPE benefits at a glance pdf in new tab\">l\u2019<strong>Aper\u00e7u de vos avantages sociaux de HPE<\/strong><\/a> et la section <a href=\"https:\/\/hpe-benefits.seb-admin.com\/fr\/faq\/#profitez-au-maximum-de-vos-avantages\" aria-label=\"This link opens internal FAQ page in same tab\"><strong><u>Profitez au maximum de vos avantages<\/u><\/strong><\/a> de la FAQ pour obtenir des conseils sur le choix de la couverture qui vous convient, \u00e0 vous et \u00e0 votre famille. Visionnez la\u00a0<a href=\"https:\/\/vimeo.com\/1131036918\/586220dcc1?share=copy&amp;fl=sv&amp;fe=ci\" target=\"_blank\" rel=\"noopener\"><strong><u>vid\u00e9o sur l\u2019adh\u00e9sion<\/u><\/strong><\/a> et utilisez la <a href=\"https:\/\/hpe-benefits.seb-admin.com\/fr\/annual-enrollment\/list-de-verification-pour-ladhesion-annuelle\/\" aria-label=\"This link opens internal Annual Enrollment Checklist page in same tab\"><strong><u>Liste de v\u00e9rification pour l\u2019adh\u00e9sion annuelle<\/u><\/strong><\/a> pour ne rien oublier.<\/p>\n<p>L\u2019adh\u00e9sion annuelle est un bon moment pour passer en revue vos <a href=\"https:\/\/hpe-benefits.seb-admin.com\/fr\/nouveautes\/beneficiaires\/\"><strong><u>b\u00e9n\u00e9ficiaires<\/u><\/strong><\/a> et vous assurer qu\u2019ils sont \u00e0 jour.<\/p>\n<\/div>\n<p>[\/vc_column_text][vc_column_text]Avant de choisir vos protections, r\u00e9fl\u00e9chissez \u00e0 ce qui a chang\u00e9 dans votre vie et dans celle de vos proches afin d\u2019opter pour une couverture ad\u00e9quate. Prenez connaissance de la page <a href=\"https:\/\/hpe-benefits.seb-admin.com\/fr\/annual-enrollment\/nouveautes\/\"><strong><b><span lang=\"FR-CA\">Mise \u00e0 jour de vos avantages sociaux pour 2026<\/span><\/b><\/strong><\/a>\u00a0sur le site, ainsi que des conseils et des ressources \u00e0 votre disposition\u202f:<\/p>\n<div class=\"vntd-icon-list icon-list-simple icon-list-basic icon-list-color-accent\">\n<ul class=\"icon-list\">\n<li><i class=\"fas fa-check color-accent\"><\/i>Passez en revue <a href=\"https:\/\/hpe-benefits.seb-admin.com\/wp-content\/uploads\/2025\/09\/HPE-AE-2026_BAAG_FRE_Sept-3-2025.pdf\" target=\"_blank\" rel=\"noopener\"><u>l\u2019<\/u><strong><u>Aper\u00e7u de vos avantages sociaux de HPE<\/u><\/strong><\/a> o\u00f9 vous trouverez des conseils sur le choix de vos protections.<\/li>\n<li><i class=\"fas fa-check color-accent\"><\/i>Lisez <a href=\"https:\/\/hpe-benefits.seb-admin.com\/wp-content\/uploads\/2025\/10\/HPE-Newsletter-2026_FRE-Oct-27-2025_FINAL.pdf\" target=\"_blank\" rel=\"noopener\" aria-label=\"This link opens Infolettre sur l\u2019adh\u00e9sion annuelle de HPE pour 2025\"><u>l\u2019<\/u><strong><u>Infolettre sur l\u2019adh\u00e9sion annuelle de HPE pour 2026<\/u><\/strong><\/a>\u00a0et la section <a href=\"https:\/\/hpe-benefits.seb-admin.com\/fr\/faq\/#profitez-au-maximum-de-vos-avantages\"><strong><u>Profitez au maximum de vos avantages<\/u><\/strong><\/a><a href=\"https:\/\/hpe-benefits.seb-admin.com\/wp-content\/uploads\/2024\/10\/HPE-Newsletter-2025_FRE_Oct-20-2024_FINAL.pdf\" target=\"_blank\" rel=\"noopener\" aria-label=\"This link opens Infolettre sur l\u2019adh\u00e9sion annuelle de HPE pour 2025\"> de la FAQ.<\/a><\/li>\n<li><i class=\"fas fa-check color-accent\"><\/i>Consultez la <a href=\"https:\/\/hpe-benefits.seb-admin.com\/fr\/annual-enrollment\/list-de-verification-pour-ladhesion-annuelle\/\"><strong><u>Liste de v\u00e9rification pour l\u2019adh\u00e9sion annuelle<\/u><\/strong><\/a> afin de ne pas oublier d\u2019\u00e9tape.<\/li>\n<li><i class=\"fas fa-check color-accent\"><\/i>Analysez les diff\u00e9rentes options dans l\u2019<strong>Outil d\u2019adh\u00e9sion aux avantages sociaux de HPE<\/strong>. Acc\u00e8s \u00e0 partir d\u2019 <a href=\"https:\/\/mylogin.hpe.com\/home\/hpe_208599hpitseb_1\/0oaakstva00tVBxv8697\/alnaktfuwjTyLCPQ1697\" target=\"_blank\" rel=\"noopener\"><strong><u>Avantages Connect HPE<\/u><\/strong><\/a>.<\/li>\n<li><i class=\"fas fa-check color-accent\"><\/i>Examinez vos demandes de r\u00e8glement de l\u2019an dernier et voyez si votre couverture \u00e9tait suffisante. Si ce n\u2019est pas le cas, et que vous avez d\u00e9bours\u00e9 un montant important, vous devriez peut-\u00eatre \u00e9tendre votre couverture.<\/li>\n<li><i class=\"fas fa-check color-accent\"><\/i>R\u00e9fl\u00e9chissez aux besoins m\u00e9dicaux et dentaires de votre famille. Devez-vous augmenter vos protections?<\/li>\n<\/ul>\n<\/div>\n<p>[\/vc_column_text]<div class=\"vntd-icon-list icon-list-simple icon-list-basic icon-list-color-gray\"><ul class=\"icon-list\"><li><i class=\"fas fa-info-circle color-gray\"><\/i><\/li><\/ul><\/div>[\/vc_column][vc_column width=\u00a0\u00bb1\/2&Prime;][vc_single_image image=\u00a0\u00bb7710&Prime; css=\u00a0\u00bb.vc_custom_1752608454007{padding-top: 20px !important;padding-right: 30px !important;padding-left: 30px !important;}\u00a0\u00bb][vc_column_text css=\u00a0\u00bb.vc_custom_1707781088912{padding-top: 20px !important;padding-right: 30px !important;padding-left: 30px !important;}\u00a0\u00bb]<\/p>\n<div class=\"HPE-important-notice\">\n<p><strong>Pr\u00eat pour l\u2019adh\u00e9sion?<\/strong> Allez sur le site <a href=\"https:\/\/mylogin.hpe.com\/home\/hpe_208599hpitseb_1\/0oaakstva00tVBxv8697\/alnaktfuwjTyLCPQ1697\" target=\"_blank\" rel=\"noopener\"><strong>Avantages Connect HPE<\/strong><\/a> et cliquez sur <strong>Outil d\u2019adh\u00e9sion aux avantages sociaux de HPE<\/strong>!<\/p>\n<\/div>\n<p>[\/vc_column_text][\/vc_column][\/vc_row][vc_row el_class=\u00a0\u00bbHPE-hidden-icons\u00a0\u00bb][vc_column][\/vc_column][\/vc_row]<\/p>\n","protected":false},"excerpt":{"rendered":"<p>[vc_row css=\u00a0\u00bb.vc_custom_1662993120529{padding-bottom: 20px !important;}\u00a0\u00bb el_class=\u00a0\u00bbHPE-hidden-icons\u00a0\u00bb][vc_column width=\u00a0\u00bb1\/2&Prime; el_class=\u00a0\u00bbwhats-new-section1-text AE-section-1&Prime; el_id=\u00a0\u00bbAE-section-1&Prime;][vc_column_text] La p\u00e9riode d\u2019adh\u00e9sion annuelle de HPE Canada est votre occasion de choisir la couverture qu\u2019il vous faut pour l\u2019ann\u00e9e \u00e0 venir. Vos choix seront en vigueur du 1er\u00a0janvier au 31\u00a0d\u00e9cembre de l\u2019ann\u00e9e \u00e0 venir. Tout d\u2019abord, consultez la nouvelle l\u2019Infolettre sur [&hellip;]<\/p>\n","protected":false},"author":1,"featured_media":0,"parent":0,"menu_order":0,"comment_status":"closed","ping_status":"closed","template":"","meta":{"footnotes":""},"class_list":["post-6729","page","type-page","status-publish","hentry"],"aioseo_notices":[],"jetpack_sharing_enabled":true,"_links":{"self":[{"href":"https:\/\/hpe-benefits.seb-admin.com\/fr\/wp-json\/wp\/v2\/pages\/6729","targetHints":{"allow":["GET"]}}],"collection":[{"href":"https:\/\/hpe-benefits.seb-admin.com\/fr\/wp-json\/wp\/v2\/pages"}],"about":[{"href":"https:\/\/hpe-benefits.seb-admin.com\/fr\/wp-json\/wp\/v2\/types\/page"}],"author":[{"embeddable":true,"href":"https:\/\/hpe-benefits.seb-admin.com\/fr\/wp-json\/wp\/v2\/users\/1"}],"replies":[{"embeddable":true,"href":"https:\/\/hpe-benefits.seb-admin.com\/fr\/wp-json\/wp\/v2\/comments?post=6729"}],"version-history":[{"count":10,"href":"https:\/\/hpe-benefits.seb-admin.com\/fr\/wp-json\/wp\/v2\/pages\/6729\/revisions"}],"predecessor-version":[{"id":7661,"href":"https:\/\/hpe-benefits.seb-admin.com\/fr\/wp-json\/wp\/v2\/pages\/6729\/revisions\/7661"}],"wp:attachment":[{"href":"https:\/\/hpe-benefits.seb-admin.com\/fr\/wp-json\/wp\/v2\/media?parent=6729"}],"curies":[{"name":"wp","href":"https:\/\/api.w.org\/{rel}","templated":true}]}}