{"id":3689,"date":"2021-10-28T19:29:05","date_gmt":"2021-10-28T19:29:05","guid":{"rendered":"https:\/\/hpe-benefits.seb-admin.com\/quoi-de-neuf\/"},"modified":"2021-11-19T20:42:00","modified_gmt":"2021-11-19T20:42:00","slug":"nouveautes","status":"publish","type":"page","link":"https:\/\/hpe-benefits.seb-admin.com\/fr\/nouveautes\/","title":{"rendered":"Nouveaut\u00e9s"},"content":{"rendered":"<p>[vc_row css=\u00a0\u00bb.vc_custom_1635351514671{padding-bottom: 20px !important;}\u00a0\u00bb el_class=\u00a0\u00bbwhats-new-section1&Prime;][vc_column width=\u00a0\u00bb1\/2&Prime; el_class=\u00a0\u00bbwhats-new-section1-text\u00a0\u00bb][vc_column_text]<\/p>\n<h2>Renouvellement annuel du 23 novembre au 7 d\u00e9cembre 2021<\/h2>\n<p>CAE a men\u00e9 son analyse annuelle du r\u00e9gime pour s\u2019assurer qu\u2019il demeure concurrentiel tant dans sa conception que dans le partage des co\u00fbts. Il n\u2019y a aucun changement au r\u00e9gime CAEselect en 2022. Vous pourrez choisir parmi les m\u00eames couvertures avantageuses. La formule de vos <strong>dollars<\/strong> <strong>CAEselect <\/strong>pour 2022 vous a \u00e9t\u00e9 envoy\u00e9e dans le courriel que vous avez re\u00e7u pour acc\u00e9der \u00e0 ce site. Vos co\u00fbts d\u00e9pendent des options que vous choisissez et du nombre de personnes que vous d\u00e9sirez couvrir. Vous pouvez simuler diff\u00e9rents choix de couverture d\u2019assurance et visualiser les co\u00fbts associ\u00e9s dans l\u2019<strong>outil CAEselect<\/strong>.<\/p>\n<p>Pendant que vous vous pr\u00e9parez \u00e0 choisir vos couvertures d\u2019assurance, r\u00e9fl\u00e9chissez \u00e0 ce qui vous convient, ainsi qu\u2019\u00e0 votre famille. \u00c9valuez vos besoins. Tenez compte de ce que vous d\u00e9pensez chaque ann\u00e9e en lunettes, traitements de chiropractie et autres frais m\u00e9dicaux et dentaires. Voyez ce que vous aviez choisi l\u2019an dernier et combien vous avez d\u00e9bours\u00e9. Devez-vous augmenter ou diminuer votre couverture?<\/p>\n<p>Pour CAE, contribuer \u00e0 votre sant\u00e9 et \u00e0 celle de votre famille, est une priorit\u00e9. CAE met \u00e0 votre disposition des programmes et des ressources qui favorisent votre sant\u00e9 physique, \u00e9motionnelle et financi\u00e8re. Votre <strong>r\u00e9gime d\u2019assurance collective CAEselect<\/strong> vous offre la flexibilit\u00e9 vous permettant de procurer \u00e0 votre famille la couverture d\u2019assurance dont elle a besoin.[\/vc_column_text][\/vc_column][vc_column width=\u00a0\u00bb1\/2&Prime;][vc_single_image image=\u00a0\u00bb4320&Prime; alignment=\u00a0\u00bbcenter\u00a0\u00bb css=\u00a0\u00bb.vc_custom_1637354440085{border-right-width: 30px !important;padding-top: 20px !important;padding-left: 30px !important;}\u00a0\u00bb][\/vc_column][\/vc_row][vc_row equal_height=\u00a0\u00bbyes\u00a0\u00bb content_placement=\u00a0\u00bbmiddle\u00a0\u00bb color_scheme=\u00a0\u00bbwhite\u00a0\u00bb el_class=\u00a0\u00bbwhats-new-section2&Prime; css=\u00a0\u00bb.vc_custom_1635953109224{padding-top: 70px !important;padding-bottom: 40px !important;background-color: #005eb8 !important;}\u00a0\u00bb][vc_column width=\u00a0\u00bb1\/2&Prime; col_padding=\u00a0\u00bb3&Prime; col_padding_side=\u00a0\u00bbright\u00a0\u00bb css=\u00a0\u00bb.vc_custom_1635351748871{padding-bottom: 40px !important;}\u00a0\u00bb][vc_single_image image=\u00a0\u00bb4669&Prime; alignment=\u00a0\u00bbright\u00a0\u00bb css=\u00a0\u00bb.vc_custom_1637100324470{margin-bottom: 0px !important;}\u00a0\u00bb][\/vc_column][vc_column width=\u00a0\u00bb1\/2&Prime; col_padding=\u00a0\u00bb3&Prime; col_padding_side=\u00a0\u00bbleft\u00a0\u00bb el_class=\u00a0\u00bbwhats-new-section2-text\u00a0\u00bb css=\u00a0\u00bb.vc_custom_1635454755850{padding-right: 10px !important;}\u00a0\u00bb][vc_column_text font_size=\u00a0\u00bblarge\u00a0\u00bb]<\/p>\n<h2>Site Web des avantages sociaux de CAE<\/h2>\n<p>Acc\u00e9dez aux programmes et aux ressources que CAE met \u00e0 votre disposition \u00e0 un seul endroit pratique.<\/p>\n<p><strong>Pr\u00eat pour le renouvellement?<\/strong> Acc\u00e9dez au <a href=\"https:\/\/cae.seb-admin.com\" target=\"_blank\" rel=\"noopener\"><strong>site Web des avantages sociaux de CAE<\/strong><\/a>, cliquez sur <strong>R\u00e9gime d\u2019assurance collective <\/strong>pour acc\u00e9der \u00e0 l\u2019<strong>outil CAEselect <\/strong>et proc\u00e9dez \u00e0 votre renouvellement annuel. Il vous faudra vos donn\u00e9es d\u2019acc\u00e8s uniques (nom d\u2019utilisateur et mot de passe) pour y acc\u00e9der. Vous avez oubli\u00e9 votre mot de passe? Pas de probl\u00e8me! Vous pouvez en demander un autre en cliquant sur \u00ab\u2009Mot de passe oubli\u00e9?\u2009\u00bb sur la page principale du site. Vous recevrez un nouveau mot de passe par courriel dans un d\u00e9lai de 15\u00a0minutes.[\/vc_column_text][\/vc_column][\/vc_row][vc_row css=\u00a0\u00bb.vc_custom_1635953122592{padding-top: 65px !important;padding-bottom: 40px !important;background-color: #f8f8f8 !important;}\u00a0\u00bb el_class=\u00a0\u00bbwhats-new-section3&Prime;][vc_column width=\u00a0\u00bb1\/2&Prime; el_class=\u00a0\u00bbwhats-new-section3-text\u00a0\u00bb][vc_column_text]<\/p>\n<div class=\"CAE-home-sec3\">\n<h2>Exp\u00e9rience am\u00e9lior\u00e9e<\/h2>\n<p>L\u2019interface visuelle de l\u2019<strong>outil CAEselect <\/strong>a \u00e9t\u00e9 modifi\u00e9 cette ann\u00e9e! Entre autres, les \u00e9tapes d\u2019adh\u00e9sion se succ\u00e8dent de fa\u00e7on plus conviviale et il vous est d\u00e9sormais possible de d\u00e9signer vos b\u00e9n\u00e9ficiaires en ligne sans avoir \u00e0 soumettre de formulaire papier. Ouvrir une session sur le <a href=\"https:\/\/cae.seb-admin.com\" target=\"_blank\" rel=\"noopener\"><strong>site Web des avantages sociaux de CAE<\/strong><\/a> au moyen de vos donn\u00e9es d\u2019acc\u00e8s uniques constitue votre nouvelle signature \u00e9lectronique. Voici les principaux changements :<\/p>\n<div class=\"CAE-EEE-checklist vntd-icon-list icon-list-simple icon-list-basic icon-list-color-accent\">\n<ul class=\"icon-list\">\n<li><i class=\"fas fa-check color-accent\"><\/i>D\u00e9signation de b\u00e9n\u00e9ficiaires en ligne : <strong><a href=\"https:\/\/hpe-benefits.seb-admin.com\/fr\/beneficiaires-en-ligne\/\">En savoir plus<\/a><\/strong><\/li>\n<li><i class=\"fas fa-check color-accent\"><\/i>Site Web r\u00e9actif : s\u2019adapte automatiquement \u00e0 tout appareil que vous utilisez.<\/li>\n<li><i class=\"fas fa-check color-accent\"><\/i>Mesures \u00e0 prendre\u00a0: des alertes vous rappellent les mesures \u00e0 prendre au besoin.<\/li>\n<li><i class=\"fas fa-check color-accent\"><\/i>Analyses am\u00e9lior\u00e9es : un r\u00e9sum\u00e9 montre l\u2019effet des changements de couverture et un analyseur de d\u00e9penses pr\u00e9sente sous forme graphique vos <strong>dollars CAEselect<\/strong> et vos retenues salariales.<\/li>\n<li><i class=\"fas fa-check color-accent\"><\/i>Relev\u00e9s de confirmation : d\u00e9sormais accessibles de n\u2019importe quel appareil et t\u00e9l\u00e9chargeables.<\/li>\n<\/ul>\n<\/div>\n<p>Consultez la <strong><a href=\"https:\/\/hpe-benefits.seb-admin.com\/fr\/faq\/\">FAQ<\/a><\/strong> pour en savoir plus sur le renouvellement annuel de l\u2019adh\u00e9sion.<\/p>\n<\/div>\n<p>[\/vc_column_text]<div class=\"vntd-icon-list icon-list-simple icon-list-basic icon-list-color-gray\"><ul class=\"icon-list\"><li><i class=\"fas fa-info-circle color-gray\"><\/i><\/li><\/ul><\/div>[\/vc_column][vc_column width=\u00a0\u00bb1\/2&Prime;][vc_single_image image=\u00a0\u00bb4671&Prime; img_size=\u00a0\u00bb366&#215;498&Prime; alignment=\u00a0\u00bbcenter\u00a0\u00bb css=\u00a0\u00bb.vc_custom_1637100412191{padding-top: 30px !important;}\u00a0\u00bb][\/vc_column][\/vc_row][vc_row css=\u00a0\u00bb.vc_custom_1635455063048{padding-top: 65px !important;padding-bottom: 40px !important;}\u00a0\u00bb el_class=\u00a0\u00bbwhats-new-section4&Prime;][vc_column width=\u00a0\u00bb1\/2&Prime;][vc_single_image image=\u00a0\u00bb4343&Prime; alignment=\u00a0\u00bbcenter\u00a0\u00bb css=\u00a0\u00bb.vc_custom_1637354514802{padding-top: 30px !important;padding-right: 30px !important;padding-left: 30px !important;}\u00a0\u00bb][\/vc_column][vc_column width=\u00a0\u00bb1\/2&Prime; el_class=\u00a0\u00bbwhats-new-section4-text\u00a0\u00bb][vc_column_text]<\/p>\n<div class=\"CAE-home-sec4\">\n<h2>Dollars CAEselect<\/h2>\n<p>Votre <strong>r\u00e9gime d\u2019assurance collective CAEselect<\/strong> vous offre la flexibilit\u00e9 et plusieurs choix vous permettant de vous procurer, ainsi qu\u2019\u00e0 votre famille, la couverture d\u2019assurance dont vous avez besoin. Chaque ann\u00e9e, vous recevez une allocation de <strong>dollars CAEselect<\/strong> compos\u00e9e d\u2019un montant fixe et d\u2019un pourcentage de votre salaire de base. Chacune des couvertures d\u2019assurance a un prix; votre allocation sert \u00e0 payer vos couvertures obligatoires, ainsi que la totalit\u00e9 ou une partie des couvertures optionnelles que vous choisirez. Le courriel que vous avez re\u00e7u explique le calcul de votre allocation de <span style=\"font-weight: normal !msorm;\"><strong>dollars CAEselect<\/strong><\/span> pour 2022.<\/p>\n<p>Les <strong>dollars CAEselect<\/strong> non d\u00e9pens\u00e9s peuvent \u00eatre allou\u00e9s dans votre compte soins de sant\u00e9 (CSS), votre compte de d\u00e9penses personnelles (CDP), ou votre REER collectif CAE.<\/p>\n<div class=\"CAE-important-notice\">\n<p><strong>Important!<\/strong>\u00a0N\u2019oubliez pas d\u2019allouer vos\u00a0<strong>dollars CAEselect<\/strong> inutilis\u00e9s au compte de votre choix. Si vous ne faites pas de choix formel, ils seront automatiquement allou\u00e9s \u00e0 votre compte soins de sant\u00e9,\u00a0<strong>m\u00eame si vous aviez choisi de les allouer dans un autre compte au renouvellement\u00a0 pr\u00e9c\u00e9dent ou lors de votre adh\u00e9sion initiale.<\/strong><\/p>\n<\/div>\n<\/div>\n<p>[\/vc_column_text][\/vc_column][\/vc_row]<\/p>\n","protected":false},"excerpt":{"rendered":"<p>[vc_row css=\u00a0\u00bb.vc_custom_1635351514671{padding-bottom: 20px !important;}\u00a0\u00bb el_class=\u00a0\u00bbwhats-new-section1&Prime;][vc_column width=\u00a0\u00bb1\/2&Prime; el_class=\u00a0\u00bbwhats-new-section1-text\u00a0\u00bb][vc_column_text] Renouvellement annuel du 23 novembre au 7 d\u00e9cembre 2021 CAE a men\u00e9 son analyse annuelle du r\u00e9gime pour s\u2019assurer qu\u2019il demeure concurrentiel tant dans sa conception que dans le partage des co\u00fbts. Il n\u2019y a aucun changement au r\u00e9gime CAEselect en 2022. Vous [&hellip;]<\/p>\n","protected":false},"author":1,"featured_media":0,"parent":0,"menu_order":0,"comment_status":"closed","ping_status":"closed","template":"","meta":{"footnotes":""},"class_list":["post-3689","page","type-page","status-publish","hentry"],"aioseo_notices":[],"jetpack_sharing_enabled":true,"_links":{"self":[{"href":"https:\/\/hpe-benefits.seb-admin.com\/fr\/wp-json\/wp\/v2\/pages\/3689","targetHints":{"allow":["GET"]}}],"collection":[{"href":"https:\/\/hpe-benefits.seb-admin.com\/fr\/wp-json\/wp\/v2\/pages"}],"about":[{"href":"https:\/\/hpe-benefits.seb-admin.com\/fr\/wp-json\/wp\/v2\/types\/page"}],"author":[{"embeddable":true,"href":"https:\/\/hpe-benefits.seb-admin.com\/fr\/wp-json\/wp\/v2\/users\/1"}],"replies":[{"embeddable":true,"href":"https:\/\/hpe-benefits.seb-admin.com\/fr\/wp-json\/wp\/v2\/comments?post=3689"}],"version-history":[{"count":10,"href":"https:\/\/hpe-benefits.seb-admin.com\/fr\/wp-json\/wp\/v2\/pages\/3689\/revisions"}],"predecessor-version":[{"id":4804,"href":"https:\/\/hpe-benefits.seb-admin.com\/fr\/wp-json\/wp\/v2\/pages\/3689\/revisions\/4804"}],"wp:attachment":[{"href":"https:\/\/hpe-benefits.seb-admin.com\/fr\/wp-json\/wp\/v2\/media?parent=3689"}],"curies":[{"name":"wp","href":"https:\/\/api.w.org\/{rel}","templated":true}]}}