{"id":3672,"date":"2021-10-28T19:29:04","date_gmt":"2021-10-28T19:29:04","guid":{"rendered":"https:\/\/hpe-benefits.seb-admin.com\/liens-rapides\/soins-virtuels-de-telus-sante\/"},"modified":"2021-11-19T20:47:57","modified_gmt":"2021-11-19T20:47:57","slug":"soins-virtuels-telus-sante","status":"publish","type":"page","link":"https:\/\/hpe-benefits.seb-admin.com\/fr\/soins-virtuels-telus-sante\/","title":{"rendered":"Soins virtuels TELUS Sant\u00e9"},"content":{"rendered":"<p>[vc_row css=\u00a0\u00bb.vc_custom_1637269086089{border-top-width: 20px !important;padding-bottom: 20px !important;}\u00a0\u00bb el_class=\u00a0\u00bbTELUS-video-testimonials\u00a0\u00bb el_id=\u00a0\u00bbTELUS-video-testimonials-FR\u00a0\u00bb][vc_column width=\u00a0\u00bb1\/2&Prime;][vc_column_text]<\/p>\n<div class=\"CAE-virtual-care\">\n<h2>Soins virtuels pour vous et votre famille<\/h2>\n<p>Les soins virtuels TELUS Sant\u00e9 vous mettent en contact avec une \u00e9quipe de professionnels de la sant\u00e9 compatissants, jour et nuit, partout au Canada, par messagerie texte ou appel vid\u00e9o crypt\u00e9.<\/p>\n<p>Il est plus facile que jamais d\u2019obtenir des conseils et des soins m\u00e9dicaux gr\u00e2ce aux soins virtuels TELUS Sant\u00e9. D\u00e8s que vous-m\u00eame ou un membre de votre famille imm\u00e9diate<sup>1<\/sup> ressentez un malaise, connectez-vous avec un professionnel de la sant\u00e9, 24\u00a0h\/7\u00a0j\u2026 sans rendez-vous!<\/p>\n<p><strong>Activez votre compte sans tarder pour \u00eatre pr\u00eat \u00e0 utiliser le programme d\u00e8s que vous en aurez besoin.<\/strong> Vous trouverez votre lien d\u2019activation unique dans le courriel d\u2019activation que vous avez re\u00e7u; sinon, envoyez un courriel \u00e0 <strong><a href=\"mailto:help@vc.telushealth.com\">help@vc.telushealth.com<\/a><\/strong> pour demander un nouveau lien.<\/p>\n<\/div>\n<p>[\/vc_column_text]<div class=\"video-lightbox color-scheme-dark video-lightbox-text\"><div class=\"video-lightbox-inner\"><a href=\"https:\/\/hpe-benefits.seb-admin.com\/wp-content\/uploads\/2021\/11\/CAE-AKIRA-FR-GRADED_25.mp4\" class=\"video-link mp-video\"><i class=\"engage-icon-icon engage-icon-triangle-right-17\"><\/i><\/a><\/div><\/div>[\/vc_column][vc_column width=\u00a0\u00bb1\/2&Prime;][vc_single_image image=\u00a0\u00bb3835&Prime; css=\u00a0\u00bb.vc_custom_1637354835358{padding-right: 30px !important;padding-left: 30px !important;}\u00a0\u00bb][\/vc_column][\/vc_row][vc_row el_class=\u00a0\u00bbCAE-virtual-care-sec2&Prime; css=\u00a0\u00bb.vc_custom_1636056552646{border-bottom-width: 60px !important;padding-top: 60px !important;background-color: #f8f8f8 !important;}\u00a0\u00bb el_id=\u00a0\u00bbCAE-TELUS-VHC-rang\u00e9e2&Prime;][vc_column width=\u00a0\u00bb1\/2&Prime;][vc_single_image image=\u00a0\u00bb4505&Prime; css=\u00a0\u00bb.vc_custom_1637354870331{padding-right: 30px !important;padding-left: 30px !important;}\u00a0\u00bb el_class=\u00a0\u00bbTELUS-health-phone-app-image\u00a0\u00bb][vc_column_text]<\/p>\n<div class=\"points-description\">\n<p><sup>1<\/sup> conjoint(e) et enfants de moins de 26 ans<\/p>\n<\/div>\n<p>[\/vc_column_text][\/vc_column][vc_column width=\u00a0\u00bb1\/2&Prime;][vc_column_text css=\u00a0\u00bb.vc_custom_1637011022220{padding-top: 20px !important;}\u00a0\u00bb]<\/p>\n<div class=\"CAE-virtual-care-sec2-text\">\n<h4>Soins virtuels TELUS Sant\u00e9 est un service de sant\u00e9 et de mieux-\u00eatre con\u00e7u pour vous aider, en tout temps et en tout lieu au Canada.<\/h4>\n<p>\u00c9vitez les visites inutiles \u00e0 la clinique ou les d\u00e9lais pour obtenir de l\u2019aide. Vous et les membres de votre famille imm\u00e9diate pouvez consulter un professionnel de la sant\u00e9 sur demande, par messagerie texte ou appel vid\u00e9o crypt\u00e9, sur un t\u00e9l\u00e9phone intelligent ou un ordinateur.<\/p>\n<\/div>\n<p>[\/vc_column_text][vc_single_image image=\u00a0\u00bb4508&Prime; title=\u00a0\u00bbNous pouvons vous aider avec :\u00a0\u00bb el_class=\u00a0\u00bbTELUs-health-services-icons\u00a0\u00bb][\/vc_column][\/vc_row]<\/p>\n","protected":false},"excerpt":{"rendered":"<p>[vc_row css=\u00a0\u00bb.vc_custom_1637269086089{border-top-width: 20px !important;padding-bottom: 20px !important;}\u00a0\u00bb el_class=\u00a0\u00bbTELUS-video-testimonials\u00a0\u00bb el_id=\u00a0\u00bbTELUS-video-testimonials-FR\u00a0\u00bb][vc_column width=\u00a0\u00bb1\/2&Prime;][vc_column_text] Soins virtuels pour vous et votre famille Les soins virtuels TELUS Sant\u00e9 vous mettent en contact avec une \u00e9quipe de professionnels de la sant\u00e9 compatissants, jour et nuit, partout au Canada, par messagerie texte ou appel vid\u00e9o crypt\u00e9. Il est plus [&hellip;]<\/p>\n","protected":false},"author":1,"featured_media":0,"parent":0,"menu_order":0,"comment_status":"closed","ping_status":"closed","template":"","meta":{"footnotes":""},"class_list":["post-3672","page","type-page","status-publish","hentry"],"aioseo_notices":[],"jetpack_sharing_enabled":true,"_links":{"self":[{"href":"https:\/\/hpe-benefits.seb-admin.com\/fr\/wp-json\/wp\/v2\/pages\/3672","targetHints":{"allow":["GET"]}}],"collection":[{"href":"https:\/\/hpe-benefits.seb-admin.com\/fr\/wp-json\/wp\/v2\/pages"}],"about":[{"href":"https:\/\/hpe-benefits.seb-admin.com\/fr\/wp-json\/wp\/v2\/types\/page"}],"author":[{"embeddable":true,"href":"https:\/\/hpe-benefits.seb-admin.com\/fr\/wp-json\/wp\/v2\/users\/1"}],"replies":[{"embeddable":true,"href":"https:\/\/hpe-benefits.seb-admin.com\/fr\/wp-json\/wp\/v2\/comments?post=3672"}],"version-history":[{"count":10,"href":"https:\/\/hpe-benefits.seb-admin.com\/fr\/wp-json\/wp\/v2\/pages\/3672\/revisions"}],"predecessor-version":[{"id":4808,"href":"https:\/\/hpe-benefits.seb-admin.com\/fr\/wp-json\/wp\/v2\/pages\/3672\/revisions\/4808"}],"wp:attachment":[{"href":"https:\/\/hpe-benefits.seb-admin.com\/fr\/wp-json\/wp\/v2\/media?parent=3672"}],"curies":[{"name":"wp","href":"https:\/\/api.w.org\/{rel}","templated":true}]}}