{"id":3646,"date":"2021-10-28T19:29:01","date_gmt":"2021-10-28T19:29:01","guid":{"rendered":"https:\/\/hpe-benefits.seb-admin.com\/beneficiaires-electroniques\/"},"modified":"2021-11-19T20:30:06","modified_gmt":"2021-11-19T20:30:06","slug":"beneficiaires-en-ligne","status":"publish","type":"page","link":"https:\/\/hpe-benefits.seb-admin.com\/fr\/beneficiaires-en-ligne\/","title":{"rendered":"B\u00e9n\u00e9ficiaires en ligne"},"content":{"rendered":"<p>[vc_row css=\u00a0\u00bb.vc_custom_1637353593709{padding-bottom: 20px !important;}\u00a0\u00bb el_class=\u00a0\u00bbwhats-new-section1 TELUS-video-testimonials\u00a0\u00bb el_id=\u00a0\u00bbbeneficiaries-row-1FR\u00a0\u00bb][vc_column width=\u00a0\u00bb1\/2&Prime; el_class=\u00a0\u00bbwhats-new-section1-text\u00a0\u00bb][vc_column_text]<\/p>\n<div class=\"CAE-beneficiaries-section\">\n<h2>Bonnes nouvelles!<\/h2>\n<p>Vos b\u00e9n\u00e9ficiaires peuvent \u00eatre d\u00e9sign\u00e9s \u00e9lectroniquement sur <strong>l<span style=\"font-weight: normal !msorm;\">\u2019outil CAEselect<\/span><\/strong>. Cela signifie que quand vous proc\u00e9dez \u00e0 une d\u00e9signation en ligne, il n\u2019est plus n\u00e9cessaire de soumettre un formulaire papier sign\u00e9 pour confirmer vos changements. Vous connecter au <a href=\"https:\/\/cae.seb-admin.com\" target=\"_blank\" rel=\"noopener\"> <strong><u>site Web des avantages sociaux de CAE<\/u><\/strong><\/a> en utilisant vos donn\u00e9es d\u2019acc\u00e8s uniques constitue votre nouvelle signature \u00e9lectronique.<\/p>\n<p>La d\u00e9signation de b\u00e9n\u00e9ficiaire \u00e9lectronique est maintenant rendue possible car CAE et Sun Life ont rencontr\u00e9 toutes les exigences pr\u00e9alables \u00e0 ce processus. Voici quelques points \u00e0 consid\u00e9rer quand vous d\u00e9signez un b\u00e9n\u00e9ficiaire :<\/p>\n<ul>\n<li>S\u2019il s\u2019agit d\u2019un mineur, vous devez aussi nommer un fiduciaire.<\/li>\n<li>Votre d\u00e9signation est irr\u00e9vocable (employ\u00e9s du Qu\u00e9bec). Cela signifie que vous ne pouvez pas modifier ou supprimer les renseignements concernant un b\u00e9n\u00e9ficiaire d\u00e9sign\u00e9 comme irr\u00e9vocable, \u00e0 moins d\u2019obtenir au pr\u00e9alable son consentement \u00e9crit en utilisant le formulaire de renonciation. Si le b\u00e9n\u00e9ficiaire d\u00e9sign\u00e9 comme irr\u00e9vocable est mineur, vous devez attendre qu\u2019il atteigne l\u2019\u00e2ge de la majorit\u00e9 pour obtenir son consentement avant de modifier toute information le concernant. Si vous avez des questions ou si votre situation a chang\u00e9 (p. ex., apr\u00e8s un divorce), communiquez avec le centre d\u2019appels CAE au 1-888-878-9636.<\/li>\n<li>Si vous r\u00e9sidez en Saskatchewan, vous devez encore soumettre un formulaire papier.<\/li>\n<\/ul>\n<p>Quand vous d\u00e9signez vos b\u00e9n\u00e9ficiaires, vos d\u00e9signations entrent imm\u00e9diatement en vigueur, puisqu\u2019il n\u2019est plus n\u00e9cessaire de soumettre de formulaire papier. S\u2019il vous faut de l\u2019aide pour choisir votre(vos) b\u00e9n\u00e9ficiaire(s), parlez-en \u00e0 un conseiller juridique ou financier ind\u00e9pendant qualifi\u00e9.<\/p>\n<\/div>\n<p>[\/vc_column_text]<div class=\"video-lightbox color-scheme-dark video-lightbox-text\"><div class=\"video-lightbox-inner\"><a href=\"https:\/\/hpe-benefits.seb-admin.com\/wp-content\/uploads\/2021\/11\/capsule12.mp4\" class=\"video-link mp-video\"><i class=\"engage-icon-icon engage-icon-triangle-right-17\"><\/i><\/a><\/div><\/div>[\/vc_column][vc_column width=\u00a0\u00bb1\/2&Prime;][vc_single_image image=\u00a0\u00bb3955&Prime; css=\u00a0\u00bb.vc_custom_1637352470964{padding-top: 20px !important;padding-right: 30px !important;padding-left: 30px !important;}\u00a0\u00bb][vc_column_text css=\u00a0\u00bb.vc_custom_1637352486805{padding-top: 20px !important;padding-right: 30px !important;padding-left: 30px !important;}\u00a0\u00bb]<\/p>\n<div class=\"CAE-important-notice\"><span style=\"font-size: 1.12em; font-weight: bold;\"><strong>Qu\u2019arrive-t-il si je ne d\u00e9signe pas de b\u00e9n\u00e9ficiaire?<\/strong><\/span><br \/>\nAucun b\u00e9n\u00e9ficiaire de votre assurance vie ne figurera au dossier; toute indemnit\u00e9 sera donc vers\u00e9e \u00e0 votre succession et soumise \u00e0 l\u2019imp\u00f4t.<\/div>\n<p>[\/vc_column_text][\/vc_column][\/vc_row][vc_row css=\u00a0\u00bb.vc_custom_1636045651648{background-color: #f8f8f8 !important;}\u00a0\u00bb el_id=\u00a0\u00bbCAE-b\u00e9n\u00e9ficiaires-CTA\u00a0\u00bb][vc_column]<div class=\"vntd-cta cta-text-color-dark bg-color-none cta-align-center\"><div class=\"container\"><div class=\"row\"><div class=\"cta-texts\"><h2 class=\"cta-heading\"><span>Mettre \u00e0 jour vos b\u00e9n\u00e9ficiaires<\/span><\/h2><\/div><div class=\"cta-buttons\"><a href=\"https:\/\/benefits.seb-admin.com\/fpconnect\/#\/cae\" target=\"_blank\" class=\"btn cta-btn1 btn-solid btn-accent btn-hover-dark\">CLIQUER ICI<\/a><\/div><\/div><\/div><\/div>[\/vc_column][\/vc_row]<\/p>\n","protected":false},"excerpt":{"rendered":"<p>[vc_row css=\u00a0\u00bb.vc_custom_1637353593709{padding-bottom: 20px !important;}\u00a0\u00bb el_class=\u00a0\u00bbwhats-new-section1 TELUS-video-testimonials\u00a0\u00bb el_id=\u00a0\u00bbbeneficiaries-row-1FR\u00a0\u00bb][vc_column width=\u00a0\u00bb1\/2&Prime; el_class=\u00a0\u00bbwhats-new-section1-text\u00a0\u00bb][vc_column_text] Bonnes nouvelles! Vos b\u00e9n\u00e9ficiaires peuvent \u00eatre d\u00e9sign\u00e9s \u00e9lectroniquement sur l\u2019outil CAEselect. Cela signifie que quand vous proc\u00e9dez \u00e0 une d\u00e9signation en ligne, il n\u2019est plus n\u00e9cessaire de soumettre un formulaire papier sign\u00e9 pour confirmer vos changements. Vous connecter au site Web [&hellip;]<\/p>\n","protected":false},"author":1,"featured_media":0,"parent":0,"menu_order":0,"comment_status":"closed","ping_status":"closed","template":"","meta":{"footnotes":""},"class_list":["post-3646","page","type-page","status-publish","hentry"],"aioseo_notices":[],"jetpack_sharing_enabled":true,"_links":{"self":[{"href":"https:\/\/hpe-benefits.seb-admin.com\/fr\/wp-json\/wp\/v2\/pages\/3646","targetHints":{"allow":["GET"]}}],"collection":[{"href":"https:\/\/hpe-benefits.seb-admin.com\/fr\/wp-json\/wp\/v2\/pages"}],"about":[{"href":"https:\/\/hpe-benefits.seb-admin.com\/fr\/wp-json\/wp\/v2\/types\/page"}],"author":[{"embeddable":true,"href":"https:\/\/hpe-benefits.seb-admin.com\/fr\/wp-json\/wp\/v2\/users\/1"}],"replies":[{"embeddable":true,"href":"https:\/\/hpe-benefits.seb-admin.com\/fr\/wp-json\/wp\/v2\/comments?post=3646"}],"version-history":[{"count":10,"href":"https:\/\/hpe-benefits.seb-admin.com\/fr\/wp-json\/wp\/v2\/pages\/3646\/revisions"}],"predecessor-version":[{"id":4795,"href":"https:\/\/hpe-benefits.seb-admin.com\/fr\/wp-json\/wp\/v2\/pages\/3646\/revisions\/4795"}],"wp:attachment":[{"href":"https:\/\/hpe-benefits.seb-admin.com\/fr\/wp-json\/wp\/v2\/media?parent=3646"}],"curies":[{"name":"wp","href":"https:\/\/api.w.org\/{rel}","templated":true}]}}