{"id":3632,"date":"2021-10-28T19:28:59","date_gmt":"2021-10-28T19:28:59","guid":{"rendered":"https:\/\/hpe-benefits.seb-admin.com\/videotheque\/"},"modified":"2021-11-17T20:32:55","modified_gmt":"2021-11-17T20:32:55","slug":"videotheque","status":"publish","type":"page","link":"https:\/\/hpe-benefits.seb-admin.com\/fr\/videotheque\/","title":{"rendered":"Vid\u00e9oth\u00e8que"},"content":{"rendered":"<p>[vc_row][vc_column][vc_column_text]<\/p>\n<h4 style=\"color: #005eb8;\">\u00c9coutez une vid\u00e9o et renseignez-vous sur votre assurance collective. Cette vid\u00e9oth\u00e8que contient des vid\u00e9os qui expliquent le fonctionnement de votre assurance collective et ce qui vous est offert, \u00e0 vous et \u00e0 votre famille.<\/h4>\n<p>[\/vc_column_text][\/vc_column][\/vc_row][vc_row el_id=\u00a0\u00bbVid\u00e9oth\u00e8que CAE\u00a0\u00bb el_class=\u00a0\u00bbCAE-video-library\u00a0\u00bb][vc_column width=\u00a0\u00bb1\/3&Prime;]<div class=\"video-lightbox color-scheme-white video-lightbox-img\"><div class=\"video-lightbox-inner\"><a href=\"https:\/\/hpe-benefits.seb-admin.com\/wp-content\/uploads\/2021\/11\/capsule1.mp4\" class=\"video-link mp-video\"><div class=\"video-lightbox-image-holder video-lightbox-round\" style=\"background-image:url(https:\/\/i0.wp.com\/hpe-benefits.seb-admin.com\/wp-content\/uploads\/2021\/11\/Group-benefits-because-you-cant-anticipate-everything.jpg?fit=551%2C340&#038;ssl=1)\"><div class=\"bg-overlay bg-overlay-dark20\"><\/div><div class=\"video-lightbox-image-icon\"><i class=\"engage-icon-icon engage-icon-triangle-right-17\"><\/i><\/div><\/div><\/a><\/div><\/div>[vc_column_text css=\u00a0\u00bb.vc_custom_1636489173625{padding-top: 30px !important;}\u00a0\u00bb]<\/p>\n<h4>L\u2019assurance collective : parce qu\u2019on ne peut pas tout pr\u00e9voir!<\/h4>\n<p>[\/vc_column_text][\/vc_column][vc_column width=\u00a0\u00bb1\/3&Prime;]<div class=\"video-lightbox color-scheme-white video-lightbox-img\"><div class=\"video-lightbox-inner\"><a href=\"https:\/\/hpe-benefits.seb-admin.com\/wp-content\/uploads\/2021\/11\/capsule2.mp4\" class=\"video-link mp-video\"><div class=\"video-lightbox-image-holder video-lightbox-round\" style=\"background-image:url(https:\/\/i0.wp.com\/hpe-benefits.seb-admin.com\/wp-content\/uploads\/2021\/11\/Group-benefits-understanding-the-equation.jpg?fit=655%2C447&#038;ssl=1)\"><div class=\"bg-overlay bg-overlay-dark20\"><\/div><div class=\"video-lightbox-image-icon\"><i class=\"engage-icon-icon engage-icon-triangle-right-17\"><\/i><\/div><\/div><\/a><\/div><\/div>[vc_column_text css=\u00a0\u00bb.vc_custom_1636489192552{padding-top: 30px !important;}\u00a0\u00bb]<\/p>\n<h4>L\u2019assurance collective : bien comprendre l\u2019\u00e9quation!<\/h4>\n<p>[\/vc_column_text][\/vc_column][vc_column width=\u00a0\u00bb1\/3&Prime;]<div class=\"video-lightbox color-scheme-white video-lightbox-img\"><div class=\"video-lightbox-inner\"><a href=\"https:\/\/hpe-benefits.seb-admin.com\/wp-content\/uploads\/2021\/11\/capsule3.mp4\" class=\"video-link mp-video\"><div class=\"video-lightbox-image-holder video-lightbox-round\" style=\"background-image:url(https:\/\/i0.wp.com\/hpe-benefits.seb-admin.com\/wp-content\/uploads\/2021\/11\/Benefits-or-budget.jpg?fit=551%2C340&#038;ssl=1)\"><div class=\"bg-overlay bg-overlay-dark20\"><\/div><div class=\"video-lightbox-image-icon\"><i class=\"engage-icon-icon engage-icon-triangle-right-17\"><\/i><\/div><\/div><\/a><\/div><\/div>[vc_column_text css=\u00a0\u00bb.vc_custom_1636490143618{padding-top: 30px !important;}\u00a0\u00bb]<\/p>\n<h4>Assurance ou budget : les objectifs de l\u2019assurance collective<\/h4>\n<p>[\/vc_column_text][\/vc_column][\/vc_row][vc_row el_class=\u00a0\u00bbCAE-video-library\u00a0\u00bb][vc_column width=\u00a0\u00bb1\/3&Prime;]<div class=\"video-lightbox color-scheme-white video-lightbox-img\"><div class=\"video-lightbox-inner\"><a href=\"https:\/\/hpe-benefits.seb-admin.com\/wp-content\/uploads\/2021\/11\/capsule4.mp4\" class=\"video-link mp-video\"><div class=\"video-lightbox-image-holder video-lightbox-round\" style=\"background-image:url(https:\/\/i0.wp.com\/hpe-benefits.seb-admin.com\/wp-content\/uploads\/2021\/11\/Generic-drugs-as-effective-but-less-expensive.jpg?fit=551%2C340&#038;ssl=1)\"><div class=\"bg-overlay bg-overlay-dark20\"><\/div><div class=\"video-lightbox-image-icon\"><i class=\"engage-icon-icon engage-icon-triangle-right-17\"><\/i><\/div><\/div><\/a><\/div><\/div>[vc_column_text css=\u00a0\u00bb.vc_custom_1636491260583{padding-top: 30px !important;}\u00a0\u00bb]<\/p>\n<h4>Les m\u00e9dicaments g\u00e9n\u00e9riques : aussi efficaces, mais offerts \u00e0 moindre co\u00fbt!<\/h4>\n<p>[\/vc_column_text][\/vc_column][vc_column width=\u00a0\u00bb1\/3&Prime;]<div class=\"video-lightbox color-scheme-white video-lightbox-img\"><div class=\"video-lightbox-inner\"><a href=\"https:\/\/hpe-benefits.seb-admin.com\/wp-content\/uploads\/2021\/11\/capsule5.mp4\" class=\"video-link mp-video\"><div class=\"video-lightbox-image-holder video-lightbox-round\" style=\"background-image:url(https:\/\/i0.wp.com\/hpe-benefits.seb-admin.com\/wp-content\/uploads\/2021\/11\/Same-drug-different-price.jpg?fit=551%2C340&#038;ssl=1)\"><div class=\"bg-overlay bg-overlay-dark20\"><\/div><div class=\"video-lightbox-image-icon\"><i class=\"engage-icon-icon engage-icon-triangle-right-17\"><\/i><\/div><\/div><\/a><\/div><\/div>[vc_column_text css=\u00a0\u00bb.vc_custom_1636491274255{padding-top: 30px !important;}\u00a0\u00bb]<\/p>\n<h4>M\u00eame m\u00e9dicament, diff\u00e9rent prix.<\/h4>\n<p>[\/vc_column_text][\/vc_column][vc_column width=\u00a0\u00bb1\/3&Prime;]<div class=\"video-lightbox color-scheme-white video-lightbox-img\"><div class=\"video-lightbox-inner\"><a href=\"https:\/\/hpe-benefits.seb-admin.com\/wp-content\/uploads\/2021\/11\/capsule6.mp4\" class=\"video-link mp-video\"><div class=\"video-lightbox-image-holder video-lightbox-round\" style=\"background-image:url(https:\/\/i0.wp.com\/hpe-benefits.seb-admin.com\/wp-content\/uploads\/2021\/11\/Regularly-used-drugs.jpg?fit=551%2C340&#038;ssl=1)\"><div class=\"bg-overlay bg-overlay-dark20\"><\/div><div class=\"video-lightbox-image-icon\"><i class=\"engage-icon-icon engage-icon-triangle-right-17\"><\/i><\/div><\/div><\/a><\/div><\/div>[vc_column_text css=\u00a0\u00bb.vc_custom_1636491286623{padding-top: 30px !important;}\u00a0\u00bb]<\/p>\n<h4>Les m\u00e9dicaments \u00e0 usage r\u00e9gulier : mieux pr\u00e9voir pour sauver temps et argent!<\/h4>\n<p>[\/vc_column_text][\/vc_column][\/vc_row][vc_row el_class=\u00a0\u00bbCAE-video-library\u00a0\u00bb][vc_column width=\u00a0\u00bb1\/3&Prime;]<div class=\"video-lightbox color-scheme-white video-lightbox-img\"><div class=\"video-lightbox-inner\"><a href=\"https:\/\/hpe-benefits.seb-admin.com\/wp-content\/uploads\/2021\/11\/capsule7.mp4\" class=\"video-link mp-video\"><div class=\"video-lightbox-image-holder video-lightbox-round\" style=\"background-image:url(https:\/\/i0.wp.com\/hpe-benefits.seb-admin.com\/wp-content\/uploads\/2021\/11\/Use-as-directed-for-the-good-of-your-health.jpg?fit=551%2C340&#038;ssl=1)\"><div class=\"bg-overlay bg-overlay-dark20\"><\/div><div class=\"video-lightbox-image-icon\"><i class=\"engage-icon-icon engage-icon-triangle-right-17\"><\/i><\/div><\/div><\/a><\/div><\/div>[vc_column_text css=\u00a0\u00bb.vc_custom_1636491302463{padding-top: 30px !important;}\u00a0\u00bb]<\/p>\n<h4>Respecter la posologie, une question de sant\u00e9<\/h4>\n<p>[\/vc_column_text][\/vc_column][vc_column width=\u00a0\u00bb1\/3&Prime;]<div class=\"video-lightbox color-scheme-white video-lightbox-img\"><div class=\"video-lightbox-inner\"><a href=\"https:\/\/hpe-benefits.seb-admin.com\/wp-content\/uploads\/2021\/11\/capsule8.mp4\" class=\"video-link mp-video\"><div class=\"video-lightbox-image-holder video-lightbox-round\" style=\"background-image:url(https:\/\/i0.wp.com\/hpe-benefits.seb-admin.com\/wp-content\/uploads\/2021\/11\/Health-care-save-with-good-consumer-habits.jpg?fit=551%2C340&#038;ssl=1)\"><div class=\"bg-overlay bg-overlay-dark20\"><\/div><div class=\"video-lightbox-image-icon\"><i class=\"engage-icon-icon engage-icon-triangle-right-17\"><\/i><\/div><\/div><\/a><\/div><\/div>[vc_column_text css=\u00a0\u00bb.vc_custom_1636491317313{padding-top: 30px !important;}\u00a0\u00bb]<\/p>\n<h4>Soins de sant\u00e9 : de bonnes habitudes de consommation pour \u00e9conomiser<\/h4>\n<p>[\/vc_column_text][\/vc_column][vc_column width=\u00a0\u00bb1\/3&Prime;]<div class=\"video-lightbox color-scheme-white video-lightbox-img\"><div class=\"video-lightbox-inner\"><a href=\"https:\/\/hpe-benefits.seb-admin.com\/wp-content\/uploads\/2021\/11\/capsule9.mp4\" class=\"video-link mp-video\"><div class=\"video-lightbox-image-holder video-lightbox-round\" style=\"background-image:url(https:\/\/i0.wp.com\/hpe-benefits.seb-admin.com\/wp-content\/uploads\/2021\/11\/Travel-insurance-peace-of-mind-on-the-road.jpg?fit=551%2C340&#038;ssl=1)\"><div class=\"bg-overlay bg-overlay-dark20\"><\/div><div class=\"video-lightbox-image-icon\"><i class=\"engage-icon-icon engage-icon-triangle-right-17\"><\/i><\/div><\/div><\/a><\/div><\/div>[vc_column_text css=\u00a0\u00bb.vc_custom_1636491334304{padding-top: 30px !important;}\u00a0\u00bb]<\/p>\n<h4>L\u2019assurance voyage : l\u2019assurance de partir l\u2019esprit en paix!<\/h4>\n<p>[\/vc_column_text][\/vc_column][\/vc_row][vc_row el_class=\u00a0\u00bbCAE-video-library\u00a0\u00bb][vc_column width=\u00a0\u00bb1\/3&Prime;]<div class=\"video-lightbox color-scheme-white video-lightbox-img\"><div class=\"video-lightbox-inner\"><a href=\"https:\/\/hpe-benefits.seb-admin.com\/wp-content\/uploads\/2021\/11\/capsule10.mp4\" class=\"video-link mp-video\"><div class=\"video-lightbox-image-holder video-lightbox-round\" style=\"background-image:url(https:\/\/i0.wp.com\/hpe-benefits.seb-admin.com\/wp-content\/uploads\/2021\/11\/The-Health-Spending-Account.jpg?fit=551%2C340&#038;ssl=1)\"><div class=\"bg-overlay bg-overlay-dark20\"><\/div><div class=\"video-lightbox-image-icon\"><i class=\"engage-icon-icon engage-icon-triangle-right-17\"><\/i><\/div><\/div><\/a><\/div><\/div>[vc_column_text css=\u00a0\u00bb.vc_custom_1637181155706{padding-top: 30px !important;}\u00a0\u00bb]<\/p>\n<h4>Le compte de gestion sant\u00e9 : la flexibilit\u00e9 entre vos mains!<\/h4>\n<p>[\/vc_column_text][\/vc_column][vc_column width=\u00a0\u00bb1\/3&Prime;]<div class=\"video-lightbox color-scheme-white video-lightbox-img\"><div class=\"video-lightbox-inner\"><a href=\"https:\/\/hpe-benefits.seb-admin.com\/wp-content\/uploads\/2021\/11\/capsule11.mp4\" class=\"video-link mp-video\"><div class=\"video-lightbox-image-holder video-lightbox-round\" style=\"background-image:url(https:\/\/i0.wp.com\/hpe-benefits.seb-admin.com\/wp-content\/uploads\/2021\/11\/Optional-life-insurance-knowing-how-to-assess-your-needs.jpg?fit=551%2C340&#038;ssl=1)\"><div class=\"bg-overlay bg-overlay-dark20\"><\/div><div class=\"video-lightbox-image-icon\"><i class=\"engage-icon-icon engage-icon-triangle-right-17\"><\/i><\/div><\/div><\/a><\/div><\/div>[vc_column_text css=\u00a0\u00bb.vc_custom_1637181121811{padding-top: 30px !important;}\u00a0\u00bb]<\/p>\n<h4>L\u2019assurance vie facultative : savoir \u00e9valuer ses besoins<\/h4>\n<p>[\/vc_column_text][\/vc_column][vc_column width=\u00a0\u00bb1\/3&Prime;]<div class=\"video-lightbox color-scheme-white video-lightbox-img\"><div class=\"video-lightbox-inner\"><a href=\"https:\/\/hpe-benefits.seb-admin.com\/wp-content\/uploads\/2021\/11\/capsule12.mp4\" class=\"video-link mp-video\"><div class=\"video-lightbox-image-holder video-lightbox-round\" style=\"background-image:url(https:\/\/i0.wp.com\/hpe-benefits.seb-admin.com\/wp-content\/uploads\/2021\/11\/Designating-your-life-insurance-beneficiary.jpg?fit=551%2C340&#038;ssl=1)\"><div class=\"bg-overlay bg-overlay-dark20\"><\/div><div class=\"video-lightbox-image-icon\"><i class=\"engage-icon-icon engage-icon-triangle-right-17\"><\/i><\/div><\/div><\/a><\/div><\/div>[vc_column_text css=\u00a0\u00bb.vc_custom_1637181057650{padding-top: 30px !important;}\u00a0\u00bb]<\/p>\n<h4>D\u00e9signer le b\u00e9n\u00e9ficiaire de son assurance vie : bien comprendre les subtilit\u00e9s<\/h4>\n<p>[\/vc_column_text][\/vc_column][\/vc_row]<\/p>\n","protected":false},"excerpt":{"rendered":"<p>[vc_row][vc_column][vc_column_text] \u00c9coutez une vid\u00e9o et renseignez-vous sur votre assurance collective. Cette vid\u00e9oth\u00e8que contient des vid\u00e9os qui expliquent le fonctionnement de votre assurance collective et ce qui vous est offert, \u00e0 vous et \u00e0 votre famille. [\/vc_column_text][\/vc_column][\/vc_row][vc_row el_id=\u00a0\u00bbVid\u00e9oth\u00e8que CAE\u00a0\u00bb el_class=\u00a0\u00bbCAE-video-library\u00a0\u00bb][vc_column width=\u00a0\u00bb1\/3&Prime;][vc_column_text css=\u00a0\u00bb.vc_custom_1636489173625{padding-top: 30px !important;}\u00a0\u00bb] L\u2019assurance collective : parce qu\u2019on ne peut [&hellip;]<\/p>\n","protected":false},"author":1,"featured_media":0,"parent":0,"menu_order":0,"comment_status":"closed","ping_status":"closed","template":"","meta":{"footnotes":""},"class_list":["post-3632","page","type-page","status-publish","hentry"],"aioseo_notices":[],"jetpack_sharing_enabled":true,"_links":{"self":[{"href":"https:\/\/hpe-benefits.seb-admin.com\/fr\/wp-json\/wp\/v2\/pages\/3632","targetHints":{"allow":["GET"]}}],"collection":[{"href":"https:\/\/hpe-benefits.seb-admin.com\/fr\/wp-json\/wp\/v2\/pages"}],"about":[{"href":"https:\/\/hpe-benefits.seb-admin.com\/fr\/wp-json\/wp\/v2\/types\/page"}],"author":[{"embeddable":true,"href":"https:\/\/hpe-benefits.seb-admin.com\/fr\/wp-json\/wp\/v2\/users\/1"}],"replies":[{"embeddable":true,"href":"https:\/\/hpe-benefits.seb-admin.com\/fr\/wp-json\/wp\/v2\/comments?post=3632"}],"version-history":[{"count":10,"href":"https:\/\/hpe-benefits.seb-admin.com\/fr\/wp-json\/wp\/v2\/pages\/3632\/revisions"}],"predecessor-version":[{"id":4729,"href":"https:\/\/hpe-benefits.seb-admin.com\/fr\/wp-json\/wp\/v2\/pages\/3632\/revisions\/4729"}],"wp:attachment":[{"href":"https:\/\/hpe-benefits.seb-admin.com\/fr\/wp-json\/wp\/v2\/media?parent=3632"}],"curies":[{"name":"wp","href":"https:\/\/api.w.org\/{rel}","templated":true}]}}