{"id":3630,"date":"2021-10-28T19:28:59","date_gmt":"2021-10-28T19:28:59","guid":{"rendered":"https:\/\/hpe-benefits.seb-admin.com\/liste-de-controle-ea\/"},"modified":"2025-10-31T18:01:17","modified_gmt":"2025-10-31T18:01:17","slug":"list-de-verification-pour-ladhesion-annuelle","status":"publish","type":"page","link":"https:\/\/hpe-benefits.seb-admin.com\/fr\/annual-enrollment\/list-de-verification-pour-ladhesion-annuelle\/","title":{"rendered":"List de v\u00e9rification pour l&rsquo;adh\u00e9sion Annuelle"},"content":{"rendered":"<p>[vc_row el_class=\u00a0\u00bbCAE-AE-checklist-text\u00a0\u00bb][vc_column width=\u00a0\u00bb3\/5&Prime;][vc_column_text]Chaque ann\u00e9e, pendant la p\u00e9riode d\u2019adh\u00e9sion, vous choisissez votre couverture pour l\u2019ann\u00e9e prochaine. Vos choix sont en vigueur du 1<sup>er<\/sup> janvier au 31 d\u00e9cembre de l\u2019ann\u00e9e \u00e0 venir.<\/p>\n<p>Afin de vous pr\u00e9parer \u00e0 l\u2019adh\u00e9sion\u202f:<\/p>\n<div class=\"vntd-icon-list icon-list-simple icon-list-basic icon-list-color-accent\">\n<ul class=\"icon-list\">\n<li><i class=\"fas fa-check color-accent\"><\/i>Lisez <a href=\"https:\/\/hpe-benefits.seb-admin.com\/wp-content\/uploads\/2025\/10\/HPE-Newsletter-2026_FRE-Oct-27-2025_FINAL.pdf\" target=\"_blank\" rel=\"noopener\" aria-label=\"This link opens Infolettre sur l\u2019adh\u00e9sion annuelle de HPE pour 2025\"><u>l\u2019<\/u><strong><u>Infolettre sur l\u2019adh\u00e9sion annuelle de HPE pour 2026<\/u><\/strong><\/a>\u00a0et <a href=\"https:\/\/hpe-benefits.seb-admin.com\/wp-content\/uploads\/2025\/09\/HPE-AE-2026_BAAG_FRE_Sept-3-2025.pdf\" target=\"_blank\" rel=\"noopener\">l\u2019<strong>Aper\u00e7u de vos avantages sociaux de HPE.<\/strong><\/a><\/li>\n<li><i class=\"fas fa-check color-accent\"><\/i>La <a href=\"https:\/\/vimeo.com\/1131036918\/586220dcc1?share=copy&amp;fl=sv&amp;fe=ci\" target=\"_blank\" rel=\"noopener\" aria-label=\"This link opens Hpe Benefits enrollment video in new tab\"><strong><u>vid\u00e9o sur l\u2019adh\u00e9sion<\/u><\/strong><\/a>\u00a0d\u00e9crit le processus, \u00e9tape par \u00e9tape.<\/li>\n<li><i class=\"fas fa-check color-accent\"><\/i>Ouvrez une session sur le site <a href=\"https:\/\/mylogin.hpe.com\/home\/hpe_208599hpitseb_1\/0oaakstva00tVBxv8697\/alnaktfuwjTyLCPQ1697\" target=\"_blank\" rel=\"noopener\"><strong>Avantages Connect HPE<\/strong><\/a> et suivez les directives d\u2019adh\u00e9sion qu\u2019on y donne.<\/li>\n<\/ul>\n<\/div>\n<div class=\"HPE-important-notice\" style=\"color: #000000;\">Vos cotisations au programme d\u2019\u00e9pargne et de retraite de HPE, plafonds de cotisations et versement de votre prime au rendement (bonus) sont maintenant g\u00e9r\u00e9s directement \u00e0 partir du site de la <a href=\"https:\/\/mylogin.hpe.com\/home\/hpe_202376hpitsunlifepensionenteproduction_1\/0oaah8dgo323Drm1k697\/alnah9dukyTGlPSvP697\" target=\"_blank\" rel=\"noopener\" aria-label=\"This link opens external HPE connect portal in new tab\"><strong>Sun Life;<\/strong><\/a> vous y avez acc\u00e8s en tout temps.<\/div>\n<p>[\/vc_column_text][vc_column_text]<\/p>\n<div class=\"CAE-AE-checklist-sec1\">\n<h2 class=\"HPE-head-level1\">\u00c9tapes de l\u2019adh\u00e9sion<\/h2>\n<div class=\"vntd-icon-list icon-list-simple icon-list-basic icon-list-color-accent\">\n<ul class=\"icon-list\">\n<li style=\"list-style-type: none;\">\n<ul class=\"icon-list\">\n<li><i class=\"far fa-check-square color-accent\"><\/i>Choisissez l\u2019<strong>Outil d\u2019adh\u00e9sion aux avantages sociaux de HPE<\/strong>.<\/li>\n<li class=\"CAE-tooltip-list4-FR\"><i class=\"far fa-check-square color-accent\"><\/i><strong>Confirmez ou modifiez vos protections\u202f:<\/strong> suivez les consignes \u00e0 l\u2019\u00e9cran pour confirmer ou modifier vos protections. N\u2019oubliez pas la\n<div id=\"hover-text2\" class=\"cae-hover-text-list\" aria-describedby=\"#hidden-list2\">\n<p class=\"tooltip-text\"><strong>r\u00e8gle de l\u2019escalier<\/strong><\/p>\n<ul id=\"hidden-list2\" class=\"CAE-hidden-list\" role=\"tooltip\">\n<li><i class=\"fas fa-caret-right color-accent\"><\/i>Notre programme comporte une r\u00e8gle \u00ab\u2009de l\u2019escalier\u2009\u00bb\u202f: cela signifie que vous ne pouvez monter ou descendre que d\u2019un niveau d\u2019option \u00e0 chaque adh\u00e9sion annuelle. C\u2019est un aspect \u00e0 retenir quand vous pr\u00e9voyez un changement majeur de vos besoins m\u00e9dicaux ou dentaires.<\/li>\n<li><i class=\"fas fa-caret-right color-accent\"><\/i>Le besoin d\u2019un appareil orthodontique peut \u00eatre \u00e9tabli des ann\u00e9es avant que l\u2019appareil soit mis en bouche. Parlez-en \u00e0 votre dentiste afin de savoir quand le traitement sera n\u00e9cessaire et passez \u00e0 l\u2019option\u00a04 \u00e0 ce moment-l\u00e0, pas avant.<\/li>\n<\/ul>\n<\/div>\n<p>; tenez compte de vos besoins m\u00e9dicaux et dentaires futurs.<\/li>\n<li><i class=\"far fa-check-square color-accent\"><\/i><strong>Renseignements personnels<\/strong>\u202f: v\u00e9rifiez-les et mettez-les \u00e0 jour au besoin.<\/li>\n<li class=\"CAE-tooltip-list-fr\"><i class=\"far fa-check-square color-accent\"><\/i>Renseignements sur les personnes \u00e0 charge\u202f: v\u00e9rifiez-les et mettez-les \u00e0 jour au besoin. Assurez seulement les\n<div id=\"hover-text1\" class=\"cae-hover-text-list\" aria-describedby=\"#hidden-list1\">\n<p class=\"tooltip-text\"><strong>personnes \u00e0 charge admissibles.<\/strong><\/p>\n<ul id=\"hidden-list1\" class=\"CAE-hidden-list\" role=\"tooltip\">\n<li><i class=\"fas fa-caret-right color-accent\"><\/i>On pourrait vous demander de fournir des pi\u00e8ces justificatives confirmant que vos personnes \u00e0 charge remplissent les crit\u00e8res d\u2019admissibilit\u00e9 au titre du programme; ayez ces documents \u00e0 port\u00e9e de la main.<\/li>\n<\/ul>\n<\/div>\n<\/li>\n<li><i class=\"far fa-check-square color-accent\"><\/i><strong>Couverture des personnes \u00e0 charge\u202f:<\/strong> v\u00e9rifiez et modifiez, au besoin, la couverture des membres de votre famille. Si vous optez pour la coordination des prestations, assurez-vous que les donn\u00e9es sont \u00e0 jour.<\/li>\n<li><i class=\"far fa-check-square color-accent\"><\/i><strong>Allocation des cr\u00e9dits exc\u00e9dentaires<\/strong>\u202f: allouez les cr\u00e9dits exc\u00e9dentaires, le cas \u00e9ch\u00e9ant, \u00e0 votre compte de cr\u00e9dits-sant\u00e9 (CCS) ou \u00e0 votre REER collectif de HPE pour maximiser vos \u00e9conomies d\u2019imp\u00f4t. Vous pouvez aussi recevoir vos cr\u00e9dits exc\u00e9dentaires en esp\u00e8ces imposables.<\/li>\n<li class=\"CAE-tooltip-list3-FR\"><i class=\"far fa-check-square color-accent\"><\/i><strong>D\u00e9signations de b\u00e9n\u00e9ficiaires\u202f:<\/strong> v\u00e9rifiez et modifiez, au besoin, vos\n<div id=\"hover-text2\" class=\"cae-hover-text-list\" aria-describedby=\"#hidden-list2\">\n<p class=\"tooltip-text\"><strong>d\u00e9signations de b\u00e9n\u00e9ficiaires.\u00a0<\/strong><\/p>\n<ul id=\"hidden-list2-fr\" class=\"CAE-hidden-list\" role=\"tooltip\">\n<li><i class=\"fas fa-caret-right color-accent\"><\/i>Quand vous proc\u00e9dez aux d\u00e9signations de vos b\u00e9n\u00e9ficiaires, elles entrent imm\u00e9diatement en vigueur, car vous n\u2019avez pas \u00e0 soumettre de formulaires papier. Vous connecter au syst\u00e8me en utilisant vos donn\u00e9es d\u2019acc\u00e8s uniques constitue votre signature \u00e9lectronique.<\/li>\n<\/ul>\n<\/div>\n<\/li>\n<li><i class=\"far fa-check-square color-accent\"><\/i><strong>Passez vos choix en revue\u202f:<\/strong> Vous \u00eates la personne qui sait ce qui vous convient le mieux, ainsi qu\u2019\u00e0 votre famille. Assurez-vous que vos protections r\u00e9pondront \u00e0 vos besoins pour la prochaine ann\u00e9e.<\/li>\n<li><i class=\"far fa-check-square color-accent\"><\/i><strong>Terminer l\u2019adh\u00e9sion\u202f:<\/strong> cliquez sur Terminer l\u2019inscription pour consigner vos choix.<\/li>\n<li><i class=\"far fa-check-square color-accent\"><\/i><strong>Relev\u00e9 de confirmation\u202f:<\/strong> imprimez le relev\u00e9 de confirmation ou envoyez-en une copie \u00e0 votre adresse de courriel pour vos dossiers.<\/li>\n<\/ul>\n<\/li>\n<\/ul>\n<\/div>\n<\/div>\n<p>[\/vc_column_text]<div class=\"vntd-icon-list icon-list-simple icon-list-basic icon-list-color-gray\"><ul class=\"icon-list\"><li><i class=\"fas fa-caret-right color-gray\"><\/i><\/li><\/ul><\/div>[\/vc_column][vc_column width=\u00a0\u00bb2\/5&Prime;][vc_single_image image=\u00a0\u00bb6242&Prime; css=\u00a0\u00bb.vc_custom_1665680115831{padding-top: 20px !important;padding-right: 30px !important;padding-left: 30px !important;}\u00a0\u00bb][vc_column_text css=\u00a0\u00bb.vc_custom_1666632143351{padding-top: 20px !important;padding-right: 30px !important;padding-left: 30px !important;}\u00a0\u00bb]<\/p>\n<div class=\"HPE-important-notice\">\n<p><strong>Qu\u2019arrive-t-il si je ne d\u00e9signe pas de b\u00e9n\u00e9ficiaire?<\/strong> Aucun b\u00e9n\u00e9ficiaire de votre assurance vie ne figurera au dossier; toute indemnit\u00e9 sera donc vers\u00e9e \u00e0 votre succession et soumise \u00e0 l\u2019imp\u00f4t.<\/p>\n<\/div>\n<p>[\/vc_column_text][\/vc_column][\/vc_row][vc_row disable_element=\u00a0\u00bbyes\u00a0\u00bb el_class=\u00a0\u00bbCAE-AE-checklist-text\u00a0\u00bb][vc_column][vc_column_text]<\/p>\n<div class=\"CAE-AE-checklist-sec3\">\n<h3>Vous vous d\u00e9savez de la couverture?<\/h3>\n<p>Si vous choisissez de vous retirer de la couverture des soins de sant\u00e9 cette ann\u00e9e, vous devez fournir la preuve que vous avez une couverture ailleurs.<\/p>\n<div class=\"vntd-icon-list icon-list-simple icon-list-basic icon-list-color-accent\">\n<ul class=\"icon-list\">\n<li><i class=\"fas fa-caret-right color-accent\"><\/i>\u00c0 partir de la page Action n\u00e9cessaire, t\u00e9l\u00e9chargez la lettre de d\u00e9sinscription.<\/li>\n<li><i class=\"fas fa-caret-right color-accent\"><\/i>Choisissez d\u2019imprimer le formulaire ou de le faire envoyer par la poste \u00e0 votre domicile.<\/li>\n<li><i class=\"fas fa-caret-right color-accent\"><\/i>Remplissez et signez le formulaire et envoyez-le par la poste au Centre des prestations CAE \u00e0 l\u2019adresse indiqu\u00e9e sur le formulaire d\u2019ici le 31 d\u00e9cembre 2021.<\/li>\n<\/ul>\n<\/div>\n<\/div>\n<p>[\/vc_column_text]<div class=\"vntd-icon-list icon-list-simple icon-list-basic icon-list-color-gray\"><ul class=\"icon-list\"><li><i class=\"fas fa-caret-right color-gray\"><\/i><\/li><\/ul><\/div>[\/vc_column][\/vc_row]<\/p>\n","protected":false},"excerpt":{"rendered":"<p>[vc_row el_class=\u00a0\u00bbCAE-AE-checklist-text\u00a0\u00bb][vc_column width=\u00a0\u00bb3\/5&Prime;][vc_column_text]Chaque ann\u00e9e, pendant la p\u00e9riode d\u2019adh\u00e9sion, vous choisissez votre couverture pour l\u2019ann\u00e9e prochaine. Vos choix sont en vigueur du 1er janvier au 31 d\u00e9cembre de l\u2019ann\u00e9e \u00e0 venir. Afin de vous pr\u00e9parer \u00e0 l\u2019adh\u00e9sion\u202f: Lisez l\u2019Infolettre sur l\u2019adh\u00e9sion annuelle de HPE pour 2026\u00a0et l\u2019Aper\u00e7u de vos avantages sociaux [&hellip;]<\/p>\n","protected":false},"author":1,"featured_media":0,"parent":6729,"menu_order":0,"comment_status":"closed","ping_status":"closed","template":"","meta":{"footnotes":""},"class_list":["post-3630","page","type-page","status-publish","hentry"],"aioseo_notices":[],"jetpack_sharing_enabled":true,"_links":{"self":[{"href":"https:\/\/hpe-benefits.seb-admin.com\/fr\/wp-json\/wp\/v2\/pages\/3630","targetHints":{"allow":["GET"]}}],"collection":[{"href":"https:\/\/hpe-benefits.seb-admin.com\/fr\/wp-json\/wp\/v2\/pages"}],"about":[{"href":"https:\/\/hpe-benefits.seb-admin.com\/fr\/wp-json\/wp\/v2\/types\/page"}],"author":[{"embeddable":true,"href":"https:\/\/hpe-benefits.seb-admin.com\/fr\/wp-json\/wp\/v2\/users\/1"}],"replies":[{"embeddable":true,"href":"https:\/\/hpe-benefits.seb-admin.com\/fr\/wp-json\/wp\/v2\/comments?post=3630"}],"version-history":[{"count":10,"href":"https:\/\/hpe-benefits.seb-admin.com\/fr\/wp-json\/wp\/v2\/pages\/3630\/revisions"}],"predecessor-version":[{"id":4608,"href":"https:\/\/hpe-benefits.seb-admin.com\/fr\/wp-json\/wp\/v2\/pages\/3630\/revisions\/4608"}],"up":[{"embeddable":true,"href":"https:\/\/hpe-benefits.seb-admin.com\/fr\/wp-json\/wp\/v2\/pages\/6729"}],"wp:attachment":[{"href":"https:\/\/hpe-benefits.seb-admin.com\/fr\/wp-json\/wp\/v2\/media?parent=3630"}],"curies":[{"name":"wp","href":"https:\/\/api.w.org\/{rel}","templated":true}]}}