{"id":3547,"date":"2021-10-28T19:28:51","date_gmt":"2021-10-28T19:28:51","guid":{"rendered":"https:\/\/hpe-benefits.seb-admin.com\/maison-1\/"},"modified":"2025-07-15T19:25:56","modified_gmt":"2025-07-15T19:25:56","slug":"accueil","status":"publish","type":"page","link":"https:\/\/hpe-benefits.seb-admin.com\/fr\/","title":{"rendered":"Accueil"},"content":{"rendered":"<p>[vc_row][vc_column]\n    <div id=\"veented-slider-66399\" class=\"veented-slider vntd-section veented-slider-holder veented-slider-navigation-white fullscreen-section fullwidth-section\" data-slider-autoplay=\"7000\" data-slider-effect=\"slide\" data-slider-speed=\"700\" data-slider-loop=\"false\" data-slider-touch=\"true\" data-slider-direction=\"horizontal\">\n\n\t\t<div class=\"veented-slider-loader\">\n\t\t\t<div class=\"spinner\">\n\t\t\t  <div class=\"dot1\"><\/div>\n\t\t\t  <div class=\"dot2\"><\/div>\n\t\t\t<\/div>\n\t\t<\/div>\n\n\t\t<div class=\"veented-slider-container swiper-containers  fullscreen-section\">\n\n\t\t\t<div class=\"veented-slider-inner swiper-wrapper\">\n\n\t\t\t\t\n\t\t\t\t<div id=\"slide-id-3686\" class=\"swiper-slide veented-slide slide-nr-1 slide-id-3686 slide-type-image color-scheme-light slide-align-left slide-content-narrow\">\n\n\t\t\t\t\t<div class=\"veented-slide-bg-image\" style=\"background-image: url('https:\/\/hpe-benefits.seb-admin.com\/wp-content\/uploads\/2022\/09\/banner-6v2.png');\"><img data-recalc-dims=\"1\" decoding=\"async\" src=\"https:\/\/i0.wp.com\/hpe-benefits.seb-admin.com\/wp-content\/uploads\/2022\/09\/banner-6v2.png?ssl=1\" alt=\"Adh\u00e9sion annuelle : c\u2019est le moment!\"><\/div>\n\t\t\t\t\t<div class=\"slide-container container\">\n\t\t\t\t\t\t<div class=\"veented-slide-inner\">\n\t\t\t\t\t\t\t<h2 class=\"veented-slide-heading animated animatedSlider\">Adh\u00e9sion annuelle : c\u2019est le moment!<\/h2><p class=\"veented-slide-subtitle animated animatedSlider\">La p\u00e9riode d\u2019adh\u00e9sion annuelle \u00e0 vos avantages sociaux est arriv\u00e9e. Faites vos choix pour 2026 du 3 au 14 novembre 2025.<\/p><div class=\"veented-slide-buttons animated animatedSlider\"><a href=\"https:\/\/hpe-benefits.seb-admin.com\/fr\/annual-enrollment\/nouveautes\/\" target=\"_self\" class=\"btn btn-lg veented-slide-button veented-slide-button1 btn-solid  btn-default-radius btn-white btn-hover-white\"><span>En savoir plus<\/span><\/a><a href=\"https:\/\/mylogin.hpe.com\/home\/hpe_208599hpitseb_1\/0oaakstva00tVBxv8697\/alnaktfuwjTyLCPQ1697\" target=\"_blank\" class=\"btn btn-lg veented-slide-button veented-slide-button2 btn-bordered  btn-default-radius btn-white btn-hover-white\"><span>Adh\u00e9rer maintenant<\/span><\/a><\/div>\n\t\t\t\t\t\t<\/div>\n\n\t\t\t\t\t<\/div>\n\n\t\t\t\t\t<div class=\"bg-overlay bg-overlay-dark30\"><\/div>\n\t\t\t\t<\/div>\n\n\t\t\t\t\n\t\t\t<\/div>\n\n\t\t\t<style type=\"text\/css\">#slide-id-3686 .veented-slide-top-heading {}#slide-id-3686 .veented-slide-heading {font-size: 45px;}#slide-id-3686 .veented-slide-subtitle {}<\/style>\n\t\t<\/div>\n\n\t<\/div>\n\n\t[\/vc_column][\/vc_row][vc_row equal_height=\u00a0\u00bbyes\u00a0\u00bb content_placement=\u00a0\u00bbmiddle\u00a0\u00bb css=\u00a0\u00bb.vc_custom_1499957735553{padding-top: 70px !important;}\u00a0\u00bb][vc_column width=\u00a0\u00bb1\/2&Prime; col_padding=\u00a0\u00bb2&Prime; col_padding_side=\u00a0\u00bbright\u00a0\u00bb][vc_single_image image=\u00a0\u00bb6763&Prime; css_animation=\u00a0\u00bbnone\u00a0\u00bb css=\u00a0\u00bb.vc_custom_1665500050267{margin-bottom: 0px !important;}\u00a0\u00bb][\/vc_column][vc_column width=\u00a0\u00bb1\/2&Prime; col_padding=\u00a0\u00bb2&Prime; col_padding_side=\u00a0\u00bbleft\u00a0\u00bb][vc_column_text font_size=\u00a0\u00bbmedium\u00a0\u00bb]<\/p>\n<div class=\"CAE-home-sec2\">\n<h2>Acc\u00e8s simplifi\u00e9!<\/h2>\n<p>Acc\u00e9dez facilement aux Soins virtuels TELUS Sant\u00e9, Soutien au bien-\u00eatre \u00e9motionnel et mental, \u00e0 Manuvie pour soumettre une demande de r\u00e8glement, au r\u00e9gime de retraite g\u00e9r\u00e9 par la Sun Life, et bien plus\u2026 tout cela au m\u00eame endroit.<\/p>\n<p>Ouvrez une session sur le site <a href=\"https:\/\/mylogin.hpe.com\/home\/hpe_208599hpitseb_1\/0oaakstva00tVBxv8697\/alnaktfuwjTyLCPQ1697\" target=\"_blank\" rel=\"noopener\"><strong>Avantages Connect HPE<\/strong><\/a>\u00a0pour acc\u00e9der au programme d\u2019avantages sociaux de HPE et cliquez sur <strong>Outil d\u2019adh\u00e9sion aux avantages sociaux de HPE<\/strong> pour proc\u00e9der \u00e0 votre adh\u00e9sion annuelle.<\/p>\n<p>S\u2019il s\u2019agit de votre premi\u00e8re visite sur le site <a href=\"https:\/\/mylogin.hpe.com\/home\/hpe_208599hpitseb_1\/0oaakstva00tVBxv8697\/alnaktfuwjTyLCPQ1697\" target=\"_blank\" rel=\"noopener\"><strong>Avantages Connect HPE<\/strong><\/a>, choisissez l\u2019option <strong>Premi\u00e8re visite?<\/strong> sur la page de connexion.<\/p>\n<\/div>\n<p>[\/vc_column_text][\/vc_column][\/vc_row][vc_row equal_height=\u00a0\u00bbyes\u00a0\u00bb content_placement=\u00a0\u00bbmiddle\u00a0\u00bb css=\u00a0\u00bb.vc_custom_1666043316297{margin-top: 20px !important;padding-top: 90px !important;padding-bottom: 90px !important;}\u00a0\u00bb][vc_column width=\u00a0\u00bb1\/2&Prime; col_padding=\u00a0\u00bb2&Prime; col_padding_side=\u00a0\u00bbright\u00a0\u00bb el_class=\u00a0\u00bbCAE-FP-DIRECT\u00a0\u00bb][vc_column_text font_size=\u00a0\u00bbmedium\u00a0\u00bb el_class=\u00a0\u00bbCAE-FP-Direct-Sec1&Prime;]<\/p>\n<div class=\"CAE-home-sec3\">\n<h2>Une exp\u00e9rience num\u00e9rique<\/h2>\n<p>Du 3 au 14 novembre, vous pouvez ouvrir une session sur <a href=\"https:\/\/mylogin.hpe.com\/home\/hpe_208599hpitseb_1\/0oaakstva00tVBxv8697\/alnaktfuwjTyLCPQ1697\"><strong>Avantages Connect HPE<\/strong><\/a>\u00a0et cliquer sur <strong>Outil d\u2019adh\u00e9sion aux avantages sociaux de HPE<\/strong> pour choisir vos protections pour l\u2019ann\u00e9e \u00e0 venir.<\/p>\n<p>Cette exp\u00e9rience d\u2019adh\u00e9sion moderne comprend des caract\u00e9ristiques num\u00e9riques telles que\u202f:<\/p>\n<div class=\"vntd-icon-list icon-list-simple icon-list-basic icon-list-color-accent\">\n<ul class=\"icon-list\">\n<li><i class=\"fas fa-check color-accent\"><\/i>Acc\u00e8s simplifi\u00e9 \u00e0 l\u2019information sur votre programme d\u2019avantages \u00e0 la carte et \u00e0 vos options de couverture. Cliquez sur <strong>Aper\u00e7u de vos avantages sociaux<\/strong> et sur <strong>Vos avantages<\/strong>.<\/li>\n<li><i class=\"fas fa-check color-accent\"><\/i>B\u00e9n\u00e9ficiaires en ligne\u202f: choisissez vos b\u00e9n\u00e9ficiaires en ligne; aucun formulaire papier requis.<\/li>\n<li><i class=\"fas fa-check color-accent\"><\/i>Site Web r\u00e9actif\u202f: s\u2019adapte automatiquement \u00e0 l\u2019appareil que vous utilisez, quel qu\u2019il soit.<\/li>\n<li><i class=\"fas fa-check color-accent\"><\/i>Mesures \u00e0 prendre\u202f: des alertes vous rappellent les mesures \u00e0 prendre, au besoin.<\/li>\n<li><i class=\"fas fa-check color-accent\"><\/i>Analyses am\u00e9lior\u00e9es\u202f: un r\u00e9sum\u00e9 montre l\u2019effet des changements de couverture et un analyseur de d\u00e9penses pr\u00e9sente sous forme graphique vos <strong>cr\u00e9dits du programme<\/strong> et retenues salariales.<\/li>\n<li><i class=\"fas fa-check color-accent\"><\/i>Relev\u00e9s de confirmation\u202f: accessibles de n\u2019importe quel appareil et t\u00e9l\u00e9chargeables.<\/li>\n<\/ul>\n<\/div>\n<\/div>\n<p>[\/vc_column_text]<div class=\"vntd-icon-list icon-list-simple icon-list-basic icon-list-color-gray\"><ul class=\"icon-list\"><li><i class=\"far fa-star color-gray\"><\/i><\/li><\/ul><\/div>[\/vc_column][vc_column width=\u00a0\u00bb1\/2&Prime; col_padding=\u00a0\u00bb2&Prime; col_padding_side=\u00a0\u00bbleft\u00a0\u00bb el_class=\u00a0\u00bbCAE-DIRECT-img\u00a0\u00bb][vc_single_image image=\u00a0\u00bb6793&Prime; alignment=\u00a0\u00bbcenter\u00a0\u00bb css_animation=\u00a0\u00bbnone\u00a0\u00bb css=\u00a0\u00bb.vc_custom_1665596028401{margin-bottom: 0px !important;}\u00a0\u00bb][vc_column_text]<\/p>\n<div id=\"home-bottom-notice\" class=\"HPE-important-notice home-FPD-notice\">\n<p>Si vous <strong>d\u00e9butez votre carri\u00e8re<\/strong> aupr\u00e8s de HPE et voulez vous inscrire \u00e0 votre programme d\u2019avantages sociaux, ou si vous vivez un <strong>\u00e9v\u00e9nement marquant <\/strong>et souhaitez modifier votre couverture, inscrivez-vous d\u2019abord sur <a href=\"https:\/\/mylogin.hpe.com\/home\/hpe_208599hpitseb_1\/0oaakstva00tVBxv8697\/alnaktfuwjTyLCPQ1697\" target=\"_blank\" rel=\"noopener\"><strong>Avantages Connect HPE<\/strong><\/a>, si ce n\u2019est pas d\u00e9j\u00e0 fait, puis cliquez sur <strong>Outil d\u2019adh\u00e9sion aux avantages sociaux de HPE<\/strong> afin de choisir ou de modifier vos protections pour <em>l\u2019ann\u00e9e en cours<\/em>.<\/p>\n<p>Vous devrez aussi suivre le processus d\u2019adh\u00e9sion annuelle pour choisir vos protections pour <em>l\u2019ann\u00e9e \u00e0 venir<\/em>. Voyez les d\u00e9tails <a href=\"https:\/\/hpe-benefits.seb-admin.com\/fr\/nouveaux-employes-de-hpe\/\" target=\"_blank\" rel=\"noopener\"><strong>ici<\/strong><\/a>.<\/p>\n<\/div>\n<p>[\/vc_column_text][\/vc_column][\/vc_row]<\/p>\n","protected":false},"excerpt":{"rendered":"<p>[vc_row][vc_column][\/vc_column][\/vc_row][vc_row equal_height=\u00a0\u00bbyes\u00a0\u00bb content_placement=\u00a0\u00bbmiddle\u00a0\u00bb css=\u00a0\u00bb.vc_custom_1499957735553{padding-top: 70px !important;}\u00a0\u00bb][vc_column width=\u00a0\u00bb1\/2&Prime; col_padding=\u00a0\u00bb2&Prime; col_padding_side=\u00a0\u00bbright\u00a0\u00bb][vc_single_image image=\u00a0\u00bb6763&Prime; css_animation=\u00a0\u00bbnone\u00a0\u00bb css=\u00a0\u00bb.vc_custom_1665500050267{margin-bottom: 0px !important;}\u00a0\u00bb][\/vc_column][vc_column width=\u00a0\u00bb1\/2&Prime; col_padding=\u00a0\u00bb2&Prime; col_padding_side=\u00a0\u00bbleft\u00a0\u00bb][vc_column_text font_size=\u00a0\u00bbmedium\u00a0\u00bb] Acc\u00e8s simplifi\u00e9! Acc\u00e9dez facilement aux Soins virtuels TELUS Sant\u00e9, Soutien au bien-\u00eatre \u00e9motionnel et mental, \u00e0 Manuvie pour soumettre une demande de r\u00e8glement, au r\u00e9gime de retraite g\u00e9r\u00e9 par la Sun Life, [&hellip;]<\/p>\n","protected":false},"author":1,"featured_media":0,"parent":0,"menu_order":0,"comment_status":"closed","ping_status":"closed","template":"","meta":{"footnotes":""},"class_list":["post-3547","page","type-page","status-publish","hentry"],"aioseo_notices":[],"jetpack_sharing_enabled":true,"_links":{"self":[{"href":"https:\/\/hpe-benefits.seb-admin.com\/fr\/wp-json\/wp\/v2\/pages\/3547","targetHints":{"allow":["GET"]}}],"collection":[{"href":"https:\/\/hpe-benefits.seb-admin.com\/fr\/wp-json\/wp\/v2\/pages"}],"about":[{"href":"https:\/\/hpe-benefits.seb-admin.com\/fr\/wp-json\/wp\/v2\/types\/page"}],"author":[{"embeddable":true,"href":"https:\/\/hpe-benefits.seb-admin.com\/fr\/wp-json\/wp\/v2\/users\/1"}],"replies":[{"embeddable":true,"href":"https:\/\/hpe-benefits.seb-admin.com\/fr\/wp-json\/wp\/v2\/comments?post=3547"}],"version-history":[{"count":10,"href":"https:\/\/hpe-benefits.seb-admin.com\/fr\/wp-json\/wp\/v2\/pages\/3547\/revisions"}],"predecessor-version":[{"id":6799,"href":"https:\/\/hpe-benefits.seb-admin.com\/fr\/wp-json\/wp\/v2\/pages\/3547\/revisions\/6799"}],"wp:attachment":[{"href":"https:\/\/hpe-benefits.seb-admin.com\/fr\/wp-json\/wp\/v2\/media?parent=3547"}],"curies":[{"name":"wp","href":"https:\/\/api.w.org\/{rel}","templated":true}]}}